{"id":1241,"date":"2021-07-01T22:08:26","date_gmt":"2021-07-01T22:08:26","guid":{"rendered":"http:\/\/rafa.fisica.org.ar\/?page_id=1241"},"modified":"2021-10-13T12:49:33","modified_gmt":"2021-10-13T15:49:33","slug":"webinar","status":"publish","type":"page","link":"http:\/\/rafa.fisica.org.ar\/en\/links-importantes\/webinar\/","title":{"rendered":"Webinar"},"content":{"rendered":"\t\t<div data-elementor-type=\"wp-page\" data-elementor-id=\"1241\" class=\"elementor elementor-1241\" data-elementor-settings=\"[]\">\n\t\t\t\t\t\t\t<div class=\"elementor-section-wrap\">\n\t\t\t\t\t\t\t<section class=\"elementor-section elementor-top-section elementor-element elementor-element-c5143cf elementor-section-boxed elementor-section-height-default elementor-section-height-default\" data-id=\"c5143cf\" data-element_type=\"section\">\n\t\t\t\t\t\t<div class=\"elementor-container elementor-column-gap-default\">\n\t\t\t\t\t<div class=\"elementor-column elementor-col-100 elementor-top-column elementor-element elementor-element-aec9b40\" data-id=\"aec9b40\" data-element_type=\"column\">\n\t\t\t<div class=\"elementor-widget-wrap elementor-element-populated\">\n\t\t\t\t\t\t\t\t<div class=\"elementor-element elementor-element-a294bcb elementor-widget elementor-widget-heading\" data-id=\"a294bcb\" data-element_type=\"widget\" data-widget_type=\"heading.default\">\n\t\t\t\t<div class=\"elementor-widget-container\">\n\t\t\t<h2 class=\"elementor-heading-title elementor-size-default\">Instructivo simplificado WEBEX (INVITADOS)<\/h2>\t\t<\/div>\n\t\t\t\t<\/div>\n\t\t\t\t<div class=\"elementor-element elementor-element-4da12c2 elementor-widget elementor-widget-text-editor\" data-id=\"4da12c2\" data-element_type=\"widget\" data-widget_type=\"text-editor.default\">\n\t\t\t\t<div class=\"elementor-widget-container\">\n\t\t\t\t\t\t\t<p><strong>Aclaraci\u00f3n:<\/strong> el siguiente instructivo est\u00e1 pensado para el ingreso desde una PC. Recomendamos <em>fuertemente<\/em> usar Chrome y NO las aplicaciones provistas por webex.<\/p><p><strong>1)<\/strong> Activaci\u00f3n de la cuenta. Le llegar\u00e1 un mail pidiendo que active su cuenta de webex <strong>(al mail que us\u00f3 en su formulario de inscripci\u00f3n).<\/strong><\/p><p><img loading=\"lazy\" decoding=\"async\" class=\"aligncenter wp-image-3164\" src=\"http:\/\/rafa.fisica.org.ar\/wp-content\/uploads\/2021\/10\/tutorial_1.jpg\" alt=\"\" width=\"700\" height=\"406\" srcset=\"http:\/\/rafa.fisica.org.ar\/wp-content\/uploads\/2021\/10\/tutorial_1.jpg 1418w, http:\/\/rafa.fisica.org.ar\/wp-content\/uploads\/2021\/10\/tutorial_1-300x174.jpg 300w, http:\/\/rafa.fisica.org.ar\/wp-content\/uploads\/2021\/10\/tutorial_1-1024x594.jpg 1024w, http:\/\/rafa.fisica.org.ar\/wp-content\/uploads\/2021\/10\/tutorial_1-768x445.jpg 768w, http:\/\/rafa.fisica.org.ar\/wp-content\/uploads\/2021\/10\/tutorial_1-600x348.jpg 600w\" sizes=\"auto, (max-width: 700px) 100vw, 700px\" \/><\/p><p>Active su cuenta poniendo una clave (presente atenci\u00f3n a los requisitos del <em>password<\/em>)<\/p><p><img loading=\"lazy\" decoding=\"async\" class=\"aligncenter wp-image-3165\" src=\"http:\/\/rafa.fisica.org.ar\/wp-content\/uploads\/2021\/10\/tutorial_2-1024x575.jpg\" alt=\"\" width=\"700\" height=\"393\" srcset=\"http:\/\/rafa.fisica.org.ar\/wp-content\/uploads\/2021\/10\/tutorial_2-1024x575.jpg 1024w, http:\/\/rafa.fisica.org.ar\/wp-content\/uploads\/2021\/10\/tutorial_2-300x168.jpg 300w, http:\/\/rafa.fisica.org.ar\/wp-content\/uploads\/2021\/10\/tutorial_2-768x431.jpg 768w, http:\/\/rafa.fisica.org.ar\/wp-content\/uploads\/2021\/10\/tutorial_2-600x337.jpg 600w, http:\/\/rafa.fisica.org.ar\/wp-content\/uploads\/2021\/10\/tutorial_2.jpg 1464w\" sizes=\"auto, (max-width: 700px) 100vw, 700px\" \/><\/p><p><b>2)<\/b> Antes del comienzo del evento le llegar\u00e1 la invitaci\u00f3n a la 106\u00b0 RAFA <strong>(al mail que us\u00f3 en su formulario de inscripci\u00f3n).<\/strong><\/p><p><img loading=\"lazy\" decoding=\"async\" class=\"aligncenter wp-image-3166\" src=\"http:\/\/rafa.fisica.org.ar\/wp-content\/uploads\/2021\/10\/tutorial_3-1024x577.jpg\" alt=\"\" width=\"700\" height=\"395\" srcset=\"http:\/\/rafa.fisica.org.ar\/wp-content\/uploads\/2021\/10\/tutorial_3-1024x577.jpg 1024w, http:\/\/rafa.fisica.org.ar\/wp-content\/uploads\/2021\/10\/tutorial_3-300x169.jpg 300w, http:\/\/rafa.fisica.org.ar\/wp-content\/uploads\/2021\/10\/tutorial_3-768x433.jpg 768w, http:\/\/rafa.fisica.org.ar\/wp-content\/uploads\/2021\/10\/tutorial_3-600x338.jpg 600w, http:\/\/rafa.fisica.org.ar\/wp-content\/uploads\/2021\/10\/tutorial_3.jpg 1458w\" sizes=\"auto, (max-width: 700px) 100vw, 700px\" \/><\/p><p><b>3)<\/b>\u00a0 Entre a la hora y el d\u00eda de la reuni\u00f3n programada. Le pedir\u00e1 un correo y una clave. Ponga <strong>el mail que us\u00f3 en el formulario de inscripci\u00f3n<\/strong> y la clave que puso en el paso <strong>(1)<\/strong>.<\/p><p align=\"left\"><strong>Aclaraci\u00f3n:<\/strong> Si esta usando MAC o Windows y tiene instalada la aplicaci\u00f3n webex al ingresar le permite elegir si usar la desktop app o web app. (desktop app se <b>elige por defecto<\/b> y sabemos que puede causar problemas.. <b>NO LA ELIJA!<\/b>)<\/p><p align=\"left\"><img loading=\"lazy\" decoding=\"async\" class=\"aligncenter wp-image-3292\" src=\"http:\/\/rafa.fisica.org.ar\/wp-content\/uploads\/2021\/10\/424942-300x133.jpg\" alt=\"\" width=\"600\" height=\"265\" srcset=\"http:\/\/rafa.fisica.org.ar\/wp-content\/uploads\/2021\/10\/424942-300x133.jpg 300w, http:\/\/rafa.fisica.org.ar\/wp-content\/uploads\/2021\/10\/424942-600x265.jpg 600w, http:\/\/rafa.fisica.org.ar\/wp-content\/uploads\/2021\/10\/424942.jpg 765w\" sizes=\"auto, (max-width: 600px) 100vw, 600px\" \/><\/p><p><b>4)<\/b> Dentro de la reuni\u00f3n entrar\u00e1 a la sala principal. Ah\u00ed se dar\u00e1n las conferencias plenarias. Su micr\u00f3fono y c\u00e1maras estar\u00e1n desactivadas por defecto a la entrada y trate de mantenerlos as\u00ed para no interrumpir a quien presenta. Las\/los \u201cpresentadores\u201d, ser\u00e1n promovidos por alg\u00fan <em>host<\/em> (a cargo de la sesi\u00f3n) a esa categor\u00eda.<\/p><p><img loading=\"lazy\" decoding=\"async\" class=\"aligncenter wp-image-3167\" src=\"http:\/\/rafa.fisica.org.ar\/wp-content\/uploads\/2021\/10\/tutorial_4-1024x574.jpg\" alt=\"\" width=\"700\" height=\"392\" srcset=\"http:\/\/rafa.fisica.org.ar\/wp-content\/uploads\/2021\/10\/tutorial_4-1024x574.jpg 1024w, http:\/\/rafa.fisica.org.ar\/wp-content\/uploads\/2021\/10\/tutorial_4-300x168.jpg 300w, http:\/\/rafa.fisica.org.ar\/wp-content\/uploads\/2021\/10\/tutorial_4-768x431.jpg 768w, http:\/\/rafa.fisica.org.ar\/wp-content\/uploads\/2021\/10\/tutorial_4-600x336.jpg 600w, http:\/\/rafa.fisica.org.ar\/wp-content\/uploads\/2021\/10\/tutorial_4.jpg 1466w\" sizes=\"auto, (max-width: 700px) 100vw, 700px\" \/><\/p><p><b>5)<\/b> Para ver a otros participantes haga click en \u201cparticipants\u201c. Puede chatear con cualquier participante en particular clickeando sobre el nombre o puede chatear con el chat publico (click en chat).<\/p><p><img loading=\"lazy\" decoding=\"async\" class=\"aligncenter wp-image-3168\" src=\"http:\/\/rafa.fisica.org.ar\/wp-content\/uploads\/2021\/10\/tutorial_5-1024x577.jpg\" alt=\"\" width=\"700\" height=\"395\" srcset=\"http:\/\/rafa.fisica.org.ar\/wp-content\/uploads\/2021\/10\/tutorial_5-1024x577.jpg 1024w, http:\/\/rafa.fisica.org.ar\/wp-content\/uploads\/2021\/10\/tutorial_5-300x169.jpg 300w, http:\/\/rafa.fisica.org.ar\/wp-content\/uploads\/2021\/10\/tutorial_5-768x433.jpg 768w, http:\/\/rafa.fisica.org.ar\/wp-content\/uploads\/2021\/10\/tutorial_5-600x338.jpg 600w, http:\/\/rafa.fisica.org.ar\/wp-content\/uploads\/2021\/10\/tutorial_5.jpg 1458w\" sizes=\"auto, (max-width: 700px) 100vw, 700px\" \/><\/p><p><b>6)<\/b> Cerca del final de las charlas plenarias de la ma\u00f1ana se activar\u00e1n las <em>\u201cbreackout sessions\u201d<\/em> que es donde se desarrollar\u00e1n las charlas de cada divisi\u00f3n y los posters. Para verlas, ir a \u201cparticipants\u201d. Clickear arriba en el cartel azul <em>\u201cshow all breakout sessions\u201d<\/em>.<\/p><p><img loading=\"lazy\" decoding=\"async\" class=\"wp-image-3169 aligncenter\" src=\"http:\/\/rafa.fisica.org.ar\/wp-content\/uploads\/2021\/10\/tutorial_6-300x169.jpg\" alt=\"\" width=\"700\" height=\"394\" srcset=\"http:\/\/rafa.fisica.org.ar\/wp-content\/uploads\/2021\/10\/tutorial_6-300x169.jpg 300w, http:\/\/rafa.fisica.org.ar\/wp-content\/uploads\/2021\/10\/tutorial_6-1024x577.jpg 1024w, http:\/\/rafa.fisica.org.ar\/wp-content\/uploads\/2021\/10\/tutorial_6-768x432.jpg 768w, http:\/\/rafa.fisica.org.ar\/wp-content\/uploads\/2021\/10\/tutorial_6-600x338.jpg 600w, http:\/\/rafa.fisica.org.ar\/wp-content\/uploads\/2021\/10\/tutorial_6.jpg 1460w\" sizes=\"auto, (max-width: 700px) 100vw, 700px\" \/><\/p><p>Al clickear en el cartel azul <em>\u201cshow all breakout sessions\u201d<\/em> aparecer\u00e1n todas las salas. Entre a la sala que desee.<\/p><p><img loading=\"lazy\" decoding=\"async\" class=\"wp-image-3170 aligncenter\" src=\"http:\/\/rafa.fisica.org.ar\/wp-content\/uploads\/2021\/10\/tutorial_7-300x169.jpg\" alt=\"\" width=\"700\" height=\"394\" srcset=\"http:\/\/rafa.fisica.org.ar\/wp-content\/uploads\/2021\/10\/tutorial_7-300x169.jpg 300w, http:\/\/rafa.fisica.org.ar\/wp-content\/uploads\/2021\/10\/tutorial_7-1024x577.jpg 1024w, http:\/\/rafa.fisica.org.ar\/wp-content\/uploads\/2021\/10\/tutorial_7-768x432.jpg 768w, http:\/\/rafa.fisica.org.ar\/wp-content\/uploads\/2021\/10\/tutorial_7-600x338.jpg 600w, http:\/\/rafa.fisica.org.ar\/wp-content\/uploads\/2021\/10\/tutorial_7.jpg 1460w\" sizes=\"auto, (max-width: 700px) 100vw, 700px\" \/><\/p><p><b>7)<\/b> Para salir de una <em>\u201cbreakout session\u201d<\/em> y volver a la sala principal, clickear sobre la puertita roja abajo a la derecha.<\/p><p><img loading=\"lazy\" decoding=\"async\" class=\"aligncenter wp-image-3171\" src=\"http:\/\/rafa.fisica.org.ar\/wp-content\/uploads\/2021\/10\/tutorial_8-1024x577.jpg\" alt=\"\" width=\"700\" height=\"394\" srcset=\"http:\/\/rafa.fisica.org.ar\/wp-content\/uploads\/2021\/10\/tutorial_8-1024x577.jpg 1024w, http:\/\/rafa.fisica.org.ar\/wp-content\/uploads\/2021\/10\/tutorial_8-300x169.jpg 300w, http:\/\/rafa.fisica.org.ar\/wp-content\/uploads\/2021\/10\/tutorial_8-768x432.jpg 768w, http:\/\/rafa.fisica.org.ar\/wp-content\/uploads\/2021\/10\/tutorial_8-600x338.jpg 600w, http:\/\/rafa.fisica.org.ar\/wp-content\/uploads\/2021\/10\/tutorial_8.jpg 1460w\" sizes=\"auto, (max-width: 700px) 100vw, 700px\" \/><\/p><p><b>8)<\/b> Finalmente recuerde que si present\u00f3 un trabajo y no fue seleccionado como charla <span style=\"color: #ff00ff;\"><strong>USTED TIENE POSTER<\/strong><\/span>. Las sesiones de posters se dar\u00e1n en las <em>\u201cbreakout sessions\u201d<\/em> en el horario que figura en el cronograma de la reuni\u00f3n (consultar <a href=\"http:\/\/rafa.fisica.org.ar\/programa\/posters\/\">http:\/\/rafa.fisica.org.ar\/programa\/posters\/<\/a>). Habr\u00e1 alrededor de 80 salas (1 por poster) para presentar su p\u00f3ster durante dos horas en el formato que mejor le parezca. Los trabajos asignados a cada d\u00eda y sala se dar\u00e1n a conocer oportunamente (consultar <a href=\"http:\/\/rafa.fisica.org.ar\/programa\/posters\/\">http:\/\/rafa.fisica.org.ar\/programa\/posters\/<\/a>).<\/p>\t\t\t\t\t\t<\/div>\n\t\t\t\t<\/div>\n\t\t\t\t\t<\/div>\n\t\t<\/div>\n\t\t\t\t\t\t\t<\/div>\n\t\t<\/section>\n\t\t\t\t<section class=\"elementor-section elementor-top-section elementor-element elementor-element-7323e3e elementor-section-boxed elementor-section-height-default elementor-section-height-default\" data-id=\"7323e3e\" data-element_type=\"section\">\n\t\t\t\t\t\t<div class=\"elementor-container elementor-column-gap-default\">\n\t\t\t\t\t<div class=\"elementor-column elementor-col-100 elementor-top-column elementor-element elementor-element-78d8f3c\" data-id=\"78d8f3c\" data-element_type=\"column\">\n\t\t\t<div class=\"elementor-widget-wrap elementor-element-populated\">\n\t\t\t\t\t\t\t\t<div class=\"elementor-element elementor-element-a34bb8c elementor-position-left elementor-vertical-align-bottom elementor-widget elementor-widget-image-box\" data-id=\"a34bb8c\" data-element_type=\"widget\" data-widget_type=\"image-box.default\">\n\t\t\t\t<div class=\"elementor-widget-container\">\n\t\t\t<div class=\"elementor-image-box-wrapper\"><figure class=\"elementor-image-box-img\"><img decoding=\"async\" src=\"http:\/\/rafa.fisica.org.ar\/wp-content\/uploads\/2021\/07\/cites-1.jpg\" title=\"\" alt=\"\" \/><\/figure><div class=\"elementor-image-box-content\"><h3 class=\"elementor-image-box-title\">Centro de Innovaci\u00f3n Tecnol\u00f3gica, Empresarial y Social<\/h3><\/div><\/div>\t\t<\/div>\n\t\t\t\t<\/div>\n\t\t\t\t\t<\/div>\n\t\t<\/div>\n\t\t\t\t\t\t\t<\/div>\n\t\t<\/section>\n\t\t\t\t\t\t<\/div>\n\t\t\t\t\t<\/div>\n\t\t","protected":false},"excerpt":{"rendered":"<p>Instructivo simplificado WEBEX (INVITADOS) Aclaraci\u00f3n: el siguiente instructivo est\u00e1 pensado para el ingreso desde una PC. Recomendamos fuertemente usar Chrome y NO las aplicaciones provistas por webex. 1) Activaci\u00f3n de&hellip;&nbsp;<a href=\"http:\/\/rafa.fisica.org.ar\/en\/links-importantes\/webinar\/\" class=\"\" rel=\"bookmark\">Read More &raquo;<span class=\"screen-reader-text\">Webinar<\/span><\/a><\/p>\n","protected":false},"author":2,"featured_media":0,"parent":82,"menu_order":0,"comment_status":"closed","ping_status":"closed","template":"","meta":{"neve_meta_sidebar":"full-width","neve_meta_container":"","neve_meta_enable_content_width":"off","neve_meta_content_width":100,"neve_meta_title_alignment":"","neve_meta_author_avatar":"","neve_post_elements_order":"","neve_meta_disable_header":"","neve_meta_disable_footer":"","neve_meta_disable_title":"","_ti_tpc_template_sync":false,"_ti_tpc_template_id":"","footnotes":""},"class_list":["post-1241","page","type-page","status-publish","hentry"],"_links":{"self":[{"href":"http:\/\/rafa.fisica.org.ar\/en\/wp-json\/wp\/v2\/pages\/1241","targetHints":{"allow":["GET"]}}],"collection":[{"href":"http:\/\/rafa.fisica.org.ar\/en\/wp-json\/wp\/v2\/pages"}],"about":[{"href":"http:\/\/rafa.fisica.org.ar\/en\/wp-json\/wp\/v2\/types\/page"}],"author":[{"embeddable":true,"href":"http:\/\/rafa.fisica.org.ar\/en\/wp-json\/wp\/v2\/users\/2"}],"replies":[{"embeddable":true,"href":"http:\/\/rafa.fisica.org.ar\/en\/wp-json\/wp\/v2\/comments?post=1241"}],"version-history":[{"count":31,"href":"http:\/\/rafa.fisica.org.ar\/en\/wp-json\/wp\/v2\/pages\/1241\/revisions"}],"predecessor-version":[{"id":3299,"href":"http:\/\/rafa.fisica.org.ar\/en\/wp-json\/wp\/v2\/pages\/1241\/revisions\/3299"}],"up":[{"embeddable":true,"href":"http:\/\/rafa.fisica.org.ar\/en\/wp-json\/wp\/v2\/pages\/82"}],"wp:attachment":[{"href":"http:\/\/rafa.fisica.org.ar\/en\/wp-json\/wp\/v2\/media?parent=1241"}],"curies":[{"name":"wp","href":"https:\/\/api.w.org\/{rel}","templated":true}]}}