{"id":1244,"date":"2021-07-01T22:19:34","date_gmt":"2021-07-01T22:19:34","guid":{"rendered":"http:\/\/rafa.fisica.org.ar\/?page_id=1244"},"modified":"2021-07-14T00:43:45","modified_gmt":"2021-07-14T00:43:45","slug":"convocatoria-premio-giambiagi","status":"publish","type":"page","link":"http:\/\/rafa.fisica.org.ar\/en\/programa\/premios\/premio-giambiagi\/convocatoria-premio-giambiagi\/","title":{"rendered":"Convocatoria Premio Giambiagi"},"content":{"rendered":"\t\t<div data-elementor-type=\"wp-page\" data-elementor-id=\"1244\" class=\"elementor elementor-1244\" data-elementor-settings=\"[]\">\n\t\t\t\t\t\t\t<div class=\"elementor-section-wrap\">\n\t\t\t\t\t\t\t<section class=\"elementor-section elementor-top-section elementor-element elementor-element-585ceb49 elementor-section-boxed elementor-section-height-default elementor-section-height-default\" data-id=\"585ceb49\" data-element_type=\"section\">\n\t\t\t\t\t\t<div class=\"elementor-container elementor-column-gap-default\">\n\t\t\t\t\t<div class=\"elementor-column elementor-col-100 elementor-top-column elementor-element elementor-element-4cf1eb8b\" data-id=\"4cf1eb8b\" data-element_type=\"column\">\n\t\t\t<div class=\"elementor-widget-wrap elementor-element-populated\">\n\t\t\t\t\t\t\t\t<div class=\"elementor-element elementor-element-2d9db7ab elementor-widget elementor-widget-text-editor\" data-id=\"2d9db7ab\" data-element_type=\"widget\" data-widget_type=\"text-editor.default\">\n\t\t\t\t<div class=\"elementor-widget-container\">\n\t\t\t\t\t\t\t<p>La Asociaci\u00f3n F\u00edsica Argentina anuncia que se encuentra abierta la convocatoria al <em><strong>Premio J. J. Giambiagi<\/strong><\/em> destinado a reconocer una labor sobresaliente en la realizaci\u00f3n y aprobaci\u00f3n, en el pa\u00eds, de una tesis doctoral en f\u00edsica. De acuerdo al reglamento aprobado oportunamente, <strong>corresponde asignarlo este a\u00f1o a una tesis doctoral en f\u00edsica te\u00f3rica aprobada durante los a\u00f1os calendario 2019 y 2020.<\/strong><\/p><p>La coordinadora en esta oportunidad es la Dra. Fabiana Laguna.<strong> Las propuestas se recibir\u00e1n hasta el 18 de junio y deber\u00e1n incluir:<\/strong><\/p><p style=\"padding-left: 40px;\"><strong>1-<\/strong> Una versi\u00f3n digital (archivo PDF) del trabajo de tesis.<br \/><strong>2-<\/strong> Acreditaci\u00f3n de la aprobaci\u00f3n de la tesis dentro del per\u00edodo establecido (2019-2020). Incluir copia digital escaneada (archivo PDF) del documento original de la instituci\u00f3n que otorg\u00f3 el t\u00edtulo de doctor\/a.<br \/><strong>3-<\/strong> Curriculum vitae del\/la candidata\/a (archivo PDF).<br \/><strong>4-<\/strong> Descripci\u00f3n breve del grupo de investigaci\u00f3n (archivo PDF).<br \/><strong>5-<\/strong> Descripci\u00f3n de los logros m\u00e1s relevantes del trabajo (no m\u00e1s de tres carillas, archivo PDF).<br \/><strong>6-<\/strong> Descripci\u00f3n de los aportes espec\u00edficos realizados por la\/el tesista (no m\u00e1s de tres carillas, archivo PDF).<br \/><strong>7-<\/strong> Una copia de cada publicaci\u00f3n que resultara de la tesis (archivos PDF).<\/p><p>La direcci\u00f3n electr\u00f3nica para la recepci\u00f3n del material solicitado es:<\/p><p style=\"padding-left: 40px;\"><strong>Dra. Fabiana Laguna<\/strong><br \/>Grupo F\u00edsica Estad\u00edstica e Interdisciplinaria<br \/>Centro At\u00f3mico Bariloche<br \/>Correo electr\u00f3nico: <strong><a href=\"mailto:lagunaf@gmail.com\">lagunaf@gmail.com<\/a> <\/strong>(Asunto: <em>Premio Giambiagi, apellido del autor de la tesis<\/em>)<\/p><p>De acuerdo a las bases del premio, pueden postular candidatos solamente:<\/p><p style=\"padding-left: 40px;\"><strong>\u2013<\/strong> Departamentos de f\u00edsica<br \/><strong>\u2013<\/strong> Entidades cient\u00edficas o acad\u00e9micas<br \/><strong>\u2013<\/strong> Divisiones y filiales de la AFA<br \/><strong>\u2013<\/strong> Directores de tesis en f\u00edsica<\/p><p>Cada director o instituci\u00f3n podr\u00e1 presentar solamente un candidato por a\u00f1o. <strong>La decisi\u00f3n del jurado ser\u00e1 conocida en el mes de setiembre de 2021.<\/strong><\/p><p>Las bases y ganadores anteriores del premio se encuentran en la p\u00e1gina de la AFA.<\/p><p><strong>IMPORTANTE<\/strong><br \/>Todo el material deber\u00e1 ser enviado por correo electr\u00f3nico (<strong><a href=\"mailto:lagunaf@gmail.com\">lagunaf@gmail.com<\/a><\/strong>). En caso de archivos de gran tama\u00f1o se recomienda indicar un enlace para la descarga. Preferentemente comprimir todos los documentos digitales en un solo archivo. Para su aceptaci\u00f3n en el proceso de evaluaci\u00f3n deber\u00e1 existir evidencia fehaciente de que la copia electr\u00f3nica de la tesis fue enviada dentro del plazo mencionado anteriormente (18 de junio de 2021). Se emitir\u00e1n acuses de recibo de la postulaci\u00f3n dentro de los tres d\u00edas h\u00e1biles.<\/p>\t\t\t\t\t\t<\/div>\n\t\t\t\t<\/div>\n\t\t\t\t\t<\/div>\n\t\t<\/div>\n\t\t\t\t\t\t\t<\/div>\n\t\t<\/section>\n\t\t\t\t\t\t<\/div>\n\t\t\t\t\t<\/div>\n\t\t","protected":false},"excerpt":{"rendered":"<p>La Asociaci\u00f3n F\u00edsica Argentina anuncia que se encuentra abierta la convocatoria al Premio J. J. Giambiagi destinado a reconocer una labor sobresaliente en la realizaci\u00f3n y aprobaci\u00f3n, en el pa\u00eds,&hellip;&nbsp;<a href=\"http:\/\/rafa.fisica.org.ar\/en\/programa\/premios\/premio-giambiagi\/convocatoria-premio-giambiagi\/\" class=\"\" rel=\"bookmark\">Read More &raquo;<span class=\"screen-reader-text\">Convocatoria Premio Giambiagi<\/span><\/a><\/p>\n","protected":false},"author":2,"featured_media":0,"parent":170,"menu_order":0,"comment_status":"closed","ping_status":"closed","template":"","meta":{"neve_meta_sidebar":"full-width","neve_meta_container":"","neve_meta_enable_content_width":"off","neve_meta_content_width":100,"neve_meta_title_alignment":"","neve_meta_author_avatar":"","neve_post_elements_order":"","neve_meta_disable_header":"","neve_meta_disable_footer":"","neve_meta_disable_title":"","_ti_tpc_template_sync":false,"_ti_tpc_template_id":"","footnotes":""},"class_list":["post-1244","page","type-page","status-publish","hentry"],"_links":{"self":[{"href":"http:\/\/rafa.fisica.org.ar\/en\/wp-json\/wp\/v2\/pages\/1244","targetHints":{"allow":["GET"]}}],"collection":[{"href":"http:\/\/rafa.fisica.org.ar\/en\/wp-json\/wp\/v2\/pages"}],"about":[{"href":"http:\/\/rafa.fisica.org.ar\/en\/wp-json\/wp\/v2\/types\/page"}],"author":[{"embeddable":true,"href":"http:\/\/rafa.fisica.org.ar\/en\/wp-json\/wp\/v2\/users\/2"}],"replies":[{"embeddable":true,"href":"http:\/\/rafa.fisica.org.ar\/en\/wp-json\/wp\/v2\/comments?post=1244"}],"version-history":[{"count":10,"href":"http:\/\/rafa.fisica.org.ar\/en\/wp-json\/wp\/v2\/pages\/1244\/revisions"}],"predecessor-version":[{"id":1831,"href":"http:\/\/rafa.fisica.org.ar\/en\/wp-json\/wp\/v2\/pages\/1244\/revisions\/1831"}],"up":[{"embeddable":true,"href":"http:\/\/rafa.fisica.org.ar\/en\/wp-json\/wp\/v2\/pages\/170"}],"wp:attachment":[{"href":"http:\/\/rafa.fisica.org.ar\/en\/wp-json\/wp\/v2\/media?parent=1244"}],"curies":[{"name":"wp","href":"https:\/\/api.w.org\/{rel}","templated":true}]}}