{"id":1247,"date":"2021-07-01T22:28:25","date_gmt":"2021-07-01T22:28:25","guid":{"rendered":"http:\/\/rafa.fisica.org.ar\/?page_id=1247"},"modified":"2021-07-14T00:49:21","modified_gmt":"2021-07-14T00:49:21","slug":"bases-del-premio-juan-jose-giambiagi","status":"publish","type":"page","link":"http:\/\/rafa.fisica.org.ar\/en\/programa\/premios\/premio-giambiagi\/bases-del-premio-juan-jose-giambiagi\/","title":{"rendered":"Bases del premio Juan Jos\u00e9 Giambiagi"},"content":{"rendered":"\t\t<div data-elementor-type=\"wp-page\" data-elementor-id=\"1247\" class=\"elementor elementor-1247\" data-elementor-settings=\"[]\">\n\t\t\t\t\t\t\t<div class=\"elementor-section-wrap\">\n\t\t\t\t\t\t\t<section class=\"elementor-section elementor-top-section elementor-element elementor-element-6f6b2470 elementor-section-boxed elementor-section-height-default elementor-section-height-default\" data-id=\"6f6b2470\" data-element_type=\"section\">\n\t\t\t\t\t\t<div class=\"elementor-container elementor-column-gap-default\">\n\t\t\t\t\t<div class=\"elementor-column elementor-col-100 elementor-top-column elementor-element elementor-element-3bb79f02\" data-id=\"3bb79f02\" data-element_type=\"column\">\n\t\t\t<div class=\"elementor-widget-wrap elementor-element-populated\">\n\t\t\t\t\t\t\t\t<div class=\"elementor-element elementor-element-49bb684 elementor-widget elementor-widget-text-editor\" data-id=\"49bb684\" data-element_type=\"widget\" data-widget_type=\"text-editor.default\">\n\t\t\t\t<div class=\"elementor-widget-container\">\n\t\t\t\t\t\t\t<h5>Prop\u00f3sitos<\/h5><p>El premio ha sido creado por la Asociaci\u00f3n F\u00edsica Argentina para recordar anualmente al profesor Juan Jos\u00e9 Giambiagi, y est\u00e1 destinado a reconocer una labor sobresaliente en la realizaci\u00f3n y aprobaci\u00f3n en el pa\u00eds de una tesis doctoral en f\u00edsica.<\/p><h5>Naturaleza del premio<\/h5><p>Consiste en un diploma y un apoyo econ\u00f3mico para cubrir parcialmente los gastos que demande la asistencia a un evento cient\u00edfico internacional a elegir por el ganador del premio. El monto exacto de este apoyo ser\u00e1fijado anualmente por la Comisi\u00f3n Directiva de la AFA. El diploma indicar\u00e1, adem\u00e1s del nombre del premiado, el t\u00edtulo de la tesis y la Universidad donde fue aprobada. El premio deber\u00e1 ser utilizado hasta un a\u00f1o posterior a su otorgamiento.<\/p><h5>Reglas y condiciones de elegibilidad<\/h5><p>La tesis seleccionada deber\u00e1 contener resultados originales que a criterio del jurado hayan dado lugar a un avance significativo en el conocimiento de la f\u00edsica. El premio se otorgar\u00e1 alternadamente a tesis de car\u00e1cter experimental y te\u00f3rico. La tesis seleccionada deber\u00e1 haber sido aprobada durante los dos a\u00f1os calendarios previos al de la entrega del premio, que tendr\u00e1 lugar durante la reuni\u00f3n anual de la AFA. A juicio del tribunal evaluador se podr\u00e1 hacer un m\u00e1ximo de dos menciones honor\u00edficas para distinguir aquellas tesis que as\u00ed lo merezcan.<br \/>Para recibir el apoyo econ\u00f3mico, el autor de la tesis premiada deber\u00e1 residir en el pa\u00eds. En caso contrario, el apoyo consistir\u00e1 en el monto del pasaje para presentar el trabajo en la Reuni\u00f3n Anual de la AFA del pr\u00f3ximo a\u00f1o.<\/p><h5>Presentaci\u00f3n de candidatos<\/h5><p><strong>Podr\u00e1n presentar candidatos al premio:<\/strong><\/p><p style=\"padding-left: 40px;\"><strong>i) Departamentos de f\u00edsica<\/strong><br \/><strong>ii) Entidades cient\u00edficas o acad\u00e9micas<\/strong><br \/><strong>iii) Divisiones y filiales de la AFA<\/strong><br \/><strong>iv) Directores de tesis en f\u00edsica<\/strong><\/p><p>Cada proponente podr\u00e1 proponer solamente un candidato por a\u00f1o. Las postulaciones al premio deber\u00e1n efectuarse en la forma y dentro del plazo que se indique en el llamado anual.<\/p><p>Las propuestas deber\u00e1n incluir dos copias de:<\/p><p style=\"padding-left: 40px;\">a) el trabajo de tesis<br \/>b) acreditaci\u00f3n de la aprobaci\u00f3n de la tesis dentro del per\u00edodo establecido,<br \/>c) curriculum vitae del candidato,<br \/>d) descripci\u00f3n breve del grupo de investigaci\u00f3n,<br \/>e) descripci\u00f3n de los logros m\u00e1s relevantes del trabajo (no m\u00e1s de tres p\u00e1ginas).<\/p><h5>Organizaci\u00f3n del Premio JJ Giambiagi<\/h5><p>La organizaci\u00f3n de cada concurso ser\u00e1 realizada por el Coordinador del Premio de la AFA (CP). El CP dar\u00e1 difusi\u00f3n del llamado a concurso (\u00e1reas que se concursan, fechas l\u00edmites de presentaci\u00f3n, lugar d\u00f3nde se enviar\u00e1n las presentaciones, etc.) entre las diferentes comunidades de f\u00edsicos.<\/p>\t\t\t\t\t\t<\/div>\n\t\t\t\t<\/div>\n\t\t\t\t\t<\/div>\n\t\t<\/div>\n\t\t\t\t\t\t\t<\/div>\n\t\t<\/section>\n\t\t\t\t\t\t<\/div>\n\t\t\t\t\t<\/div>\n\t\t","protected":false},"excerpt":{"rendered":"<p>Prop\u00f3sitos El premio ha sido creado por la Asociaci\u00f3n F\u00edsica Argentina para recordar anualmente al profesor Juan Jos\u00e9 Giambiagi, y est\u00e1 destinado a reconocer una labor sobresaliente en la realizaci\u00f3n&hellip;&nbsp;<a href=\"http:\/\/rafa.fisica.org.ar\/en\/programa\/premios\/premio-giambiagi\/bases-del-premio-juan-jose-giambiagi\/\" class=\"\" rel=\"bookmark\">Read More &raquo;<span class=\"screen-reader-text\">Bases del premio Juan Jos\u00e9 Giambiagi<\/span><\/a><\/p>\n","protected":false},"author":2,"featured_media":0,"parent":170,"menu_order":0,"comment_status":"closed","ping_status":"closed","template":"","meta":{"neve_meta_sidebar":"full-width","neve_meta_container":"","neve_meta_enable_content_width":"off","neve_meta_content_width":100,"neve_meta_title_alignment":"","neve_meta_author_avatar":"","neve_post_elements_order":"","neve_meta_disable_header":"","neve_meta_disable_footer":"","neve_meta_disable_title":"","_ti_tpc_template_sync":false,"_ti_tpc_template_id":"","footnotes":""},"class_list":["post-1247","page","type-page","status-publish","hentry"],"_links":{"self":[{"href":"http:\/\/rafa.fisica.org.ar\/en\/wp-json\/wp\/v2\/pages\/1247","targetHints":{"allow":["GET"]}}],"collection":[{"href":"http:\/\/rafa.fisica.org.ar\/en\/wp-json\/wp\/v2\/pages"}],"about":[{"href":"http:\/\/rafa.fisica.org.ar\/en\/wp-json\/wp\/v2\/types\/page"}],"author":[{"embeddable":true,"href":"http:\/\/rafa.fisica.org.ar\/en\/wp-json\/wp\/v2\/users\/2"}],"replies":[{"embeddable":true,"href":"http:\/\/rafa.fisica.org.ar\/en\/wp-json\/wp\/v2\/comments?post=1247"}],"version-history":[{"count":10,"href":"http:\/\/rafa.fisica.org.ar\/en\/wp-json\/wp\/v2\/pages\/1247\/revisions"}],"predecessor-version":[{"id":1837,"href":"http:\/\/rafa.fisica.org.ar\/en\/wp-json\/wp\/v2\/pages\/1247\/revisions\/1837"}],"up":[{"embeddable":true,"href":"http:\/\/rafa.fisica.org.ar\/en\/wp-json\/wp\/v2\/pages\/170"}],"wp:attachment":[{"href":"http:\/\/rafa.fisica.org.ar\/en\/wp-json\/wp\/v2\/media?parent=1247"}],"curies":[{"name":"wp","href":"https:\/\/api.w.org\/{rel}","templated":true}]}}