{"id":170,"date":"2021-04-14T20:54:39","date_gmt":"2021-04-14T20:54:39","guid":{"rendered":"http:\/\/rafa2021.fisica.org.ar\/?page_id=170"},"modified":"2021-09-27T01:11:28","modified_gmt":"2021-09-27T04:11:28","slug":"premio-giambiagi","status":"publish","type":"page","link":"http:\/\/rafa.fisica.org.ar\/en\/programa\/premios\/premio-giambiagi\/","title":{"rendered":"Premio Giambiagi"},"content":{"rendered":"\t\t<div data-elementor-type=\"wp-page\" data-elementor-id=\"170\" class=\"elementor elementor-170\" data-elementor-settings=\"[]\">\n\t\t\t\t\t\t\t<div class=\"elementor-section-wrap\">\n\t\t\t\t\t\t\t<section class=\"elementor-section elementor-top-section elementor-element elementor-element-3c1507e7 elementor-section-boxed elementor-section-height-default elementor-section-height-default\" data-id=\"3c1507e7\" data-element_type=\"section\">\n\t\t\t\t\t\t<div class=\"elementor-container elementor-column-gap-default\">\n\t\t\t\t\t<div class=\"elementor-column elementor-col-100 elementor-top-column elementor-element elementor-element-8f9585a\" data-id=\"8f9585a\" data-element_type=\"column\">\n\t\t\t<div class=\"elementor-widget-wrap elementor-element-populated\">\n\t\t\t\t\t\t\t\t<div class=\"elementor-element elementor-element-3da277d7 elementor-widget elementor-widget-text-editor\" data-id=\"3da277d7\" data-element_type=\"widget\" data-widget_type=\"text-editor.default\">\n\t\t\t\t<div class=\"elementor-widget-container\">\n\t\t\t\t\t\t\t<p>El premio ha sido creado por la <strong>Asociaci\u00f3n F\u00edsica Argentina<\/strong> para recordar anualmente al <strong>profesor Juan Jos\u00e9 Giambiagi<\/strong>, y est\u00e1 destinado a reconocer una labor sobresaliente en la realizaci\u00f3n y aprobaci\u00f3n en el pa\u00eds de una tesis doctoral en f\u00edsica.<\/p>\n<p>De acuerdo al reglamento aprobado oportunamente, corresponde asignarlo los a\u00f1os pares a una tesis doctoral en f\u00edsica experimental y los a\u00f1os impares a una tesis doctoral en f\u00edsica te\u00f3rica. En todos los casos la tesis debe ser defendida durante los dos a\u00f1os inmediatamente anteriores al de la edici\u00f3n del premio.<\/p>\n<p><b>Durante la reuni\u00f3n de este a\u00f1o, se presentar\u00e1n las disertaciones de los ganadores de las ediciones 2019 y 2020.<\/b><\/p>\t\t\t\t\t\t<\/div>\n\t\t\t\t<\/div>\n\t\t\t\t\t<\/div>\n\t\t<\/div>\n\t\t\t\t\t\t\t<\/div>\n\t\t<\/section>\n\t\t\t\t<section class=\"elementor-section elementor-top-section elementor-element elementor-element-7125473 elementor-section-boxed elementor-section-height-default elementor-section-height-default\" data-id=\"7125473\" data-element_type=\"section\" data-settings=\"{&quot;shape_divider_bottom&quot;:&quot;mountains&quot;}\">\n\t\t\t\t\t<div class=\"elementor-shape elementor-shape-bottom\" data-negative=\"false\">\n\t\t\t<svg xmlns=\"http:\/\/www.w3.org\/2000\/svg\" viewBox=\"0 0 1000 100\" preserveAspectRatio=\"none\">\n\t<path class=\"elementor-shape-fill\" opacity=\"0.33\" d=\"M473,67.3c-203.9,88.3-263.1-34-320.3,0C66,119.1,0,59.7,0,59.7V0h1000v59.7 c0,0-62.1,26.1-94.9,29.3c-32.8,3.3-62.8-12.3-75.8-22.1C806,49.6,745.3,8.7,694.9,4.7S492.4,59,473,67.3z\"\/>\n\t<path class=\"elementor-shape-fill\" opacity=\"0.66\" d=\"M734,67.3c-45.5,0-77.2-23.2-129.1-39.1c-28.6-8.7-150.3-10.1-254,39.1 s-91.7-34.4-149.2,0C115.7,118.3,0,39.8,0,39.8V0h1000v36.5c0,0-28.2-18.5-92.1-18.5C810.2,18.1,775.7,67.3,734,67.3z\"\/>\n\t<path class=\"elementor-shape-fill\" d=\"M766.1,28.9c-200-57.5-266,65.5-395.1,19.5C242,1.8,242,5.4,184.8,20.6C128,35.8,132.3,44.9,89.9,52.5C28.6,63.7,0,0,0,0 h1000c0,0-9.9,40.9-83.6,48.1S829.6,47,766.1,28.9z\"\/>\n<\/svg>\t\t<\/div>\n\t\t\t\t\t<div class=\"elementor-container elementor-column-gap-default\">\n\t\t\t\t\t<div class=\"elementor-column elementor-col-25 elementor-top-column elementor-element elementor-element-7958e50\" data-id=\"7958e50\" data-element_type=\"column\">\n\t\t\t<div class=\"elementor-widget-wrap elementor-element-populated\">\n\t\t\t\t\t\t\t\t<div class=\"elementor-element elementor-element-de2e040 eael-team-align-centered elementor-widget elementor-widget-eael-team-member\" data-id=\"de2e040\" data-element_type=\"widget\" data-widget_type=\"eael-team-member.default\">\n\t\t\t\t<div class=\"elementor-widget-container\">\n\t\t\t\n\n\t<div id=\"eael-team-member-de2e040\" class=\"eael-team-item eael-team-members-simple \">\n\t\t<div class=\"eael-team-item-inner\">\n\t\t\t<div class=\"eael-team-image\">\n\t\t\t\t<figure>\n\t\t\t\t\t<img decoding=\"async\" src=\"http:\/\/rafa.fisica.org.ar\/wp-content\/uploads\/2021\/09\/pablo_poggi_500x500.jpg\" alt=\"\">\n\t\t\t\t<\/figure>\n\t\t\t\t\t\t\t<\/div>\n\n\t\t\t<div class=\"eael-team-content\">\n\t\t\t\t<h3 class=\"eael-team-member-name\">Pablo Poggi<\/h3>\n\t\t\t\t<h4 class=\"eael-team-member-position\">Premio Giambiagi 2019<\/h4>\n\n\t\t\t\t\t\t\t\t\t\t\t\t\t\t\t<ul class=\"eael-team-member-social-profiles\">\n\t\t\t\t\t\t\t\t\t\t\t\t\t\t\t\t\t\t\t\t\t\t\t\t\t\t\t\t\t\t\t\t\t\t\t\t\t\t\t\t\t<li class=\"eael-team-member-social-link\">\n\t\t\t\t\t\t\t\t\t\t<a href=\"http:\/\/rafa.fisica.org.ar\/programa\/premios\/premio-giambiagi\/presentaciones-premio-giambiagi\/dr-pablo-poggi\/\" >\n\t\t\t\t\t\t\t\t\t\t\t\t\t\t\t\t\t\t\t\t\t\t\t\t\t\t\t\t\t\t\t\t\t\t\t\t<i class=\"fas fa-link\"><\/i>\n\t\t\t\t\t\t\t\t\t\t\t\t\t\t\t\t\t\t\t\t\t\t\t\t\t\t\t\t\t\t\t\t\t<\/a>\n\t\t\t\t\t\t\t\t\t<\/li>\n\t\t\t\t\t\t\t\t\t\t\t\t\t\t\t\t\t\t\t\t\t<\/ul>\n\t\t\t\t\t\t\t\t\t\t<p class=\"eael-team-text\">Control (y descontrol) en el mundo cu\u00e1ntico<\/p>\n\t\t\t\t\t\t\t<\/div>\n\t\t<\/div>\n\t<\/div>\n\t\t\t<\/div>\n\t\t\t\t<\/div>\n\t\t\t\t\t<\/div>\n\t\t<\/div>\n\t\t\t\t<div class=\"elementor-column elementor-col-25 elementor-top-column elementor-element elementor-element-821cf6a\" data-id=\"821cf6a\" data-element_type=\"column\">\n\t\t\t<div class=\"elementor-widget-wrap elementor-element-populated\">\n\t\t\t\t\t\t\t\t<div class=\"elementor-element elementor-element-c053712 eael-team-align-centered elementor-widget elementor-widget-eael-team-member\" data-id=\"c053712\" data-element_type=\"widget\" data-widget_type=\"eael-team-member.default\">\n\t\t\t\t<div class=\"elementor-widget-container\">\n\t\t\t\n\n\t<div id=\"eael-team-member-c053712\" class=\"eael-team-item eael-team-members-simple \">\n\t\t<div class=\"eael-team-item-inner\">\n\t\t\t<div class=\"eael-team-image\">\n\t\t\t\t<figure>\n\t\t\t\t\t<img decoding=\"async\" src=\"http:\/\/rafa.fisica.org.ar\/wp-content\/uploads\/2021\/09\/pamela_pardini_recorte_354x354.jpg\" alt=\"\">\n\t\t\t\t<\/figure>\n\t\t\t\t\t\t\t<\/div>\n\n\t\t\t<div class=\"eael-team-content\">\n\t\t\t\t<h3 class=\"eael-team-member-name\">Pamela Pardini<\/h3>\n\t\t\t\t<h4 class=\"eael-team-member-position\">Premio Giambiagi 2020<\/h4>\n\n\t\t\t\t\t\t\t\t\t\t\t\t\t\t\t<ul class=\"eael-team-member-social-profiles\">\n\t\t\t\t\t\t\t\t\t\t\t\t\t\t\t\t\t\t\t\t\t\t\t\t\t\t\t\t\t\t\t\t\t\t\t\t\t\t\t\t\t<li class=\"eael-team-member-social-link\">\n\t\t\t\t\t\t\t\t\t\t<a href=\"http:\/\/rafa.fisica.org.ar\/programa\/premios\/premio-giambiagi\/presentaciones-premio-giambiagi\/dra-pamela-a-pardini\/\" >\n\t\t\t\t\t\t\t\t\t\t\t\t\t\t\t\t\t\t\t\t\t\t\t\t\t\t\t\t\t\t\t\t\t\t\t\t<i class=\"fas fa-link\"><\/i>\n\t\t\t\t\t\t\t\t\t\t\t\t\t\t\t\t\t\t\t\t\t\t\t\t\t\t\t\t\t\t\t\t\t<\/a>\n\t\t\t\t\t\t\t\t\t<\/li>\n\t\t\t\t\t\t\t\t\t\t\t\t\t\t\t\t\t\t\t\t\t<\/ul>\n\t\t\t\t\t\t\t\t\t\t<p class=\"eael-team-text\">Mi tesis doctoral: Estudio de Medio Difusivos con inclusiones de bajo Scattering, y como sigo ahora.<\/p>\n\t\t\t\t\t\t\t<\/div>\n\t\t<\/div>\n\t<\/div>\n\t\t\t<\/div>\n\t\t\t\t<\/div>\n\t\t\t\t\t<\/div>\n\t\t<\/div>\n\t\t\t\t<div class=\"elementor-column elementor-col-50 elementor-top-column elementor-element elementor-element-8601e3d\" data-id=\"8601e3d\" data-element_type=\"column\">\n\t\t\t<div class=\"elementor-widget-wrap elementor-element-populated\">\n\t\t\t\t\t\t\t\t<div class=\"elementor-element elementor-element-da73cb8 elementor-widget elementor-widget-wp-widget-gce_widget\" data-id=\"da73cb8\" data-element_type=\"widget\" data-widget_type=\"wp-widget-gce_widget.default\">\n\t\t\t\t<div class=\"elementor-widget-container\">\n\t\t\t<div class=\"simcal-calendar simcal-default-calendar simcal-default-calendar-list simcal-default-calendar-light\" data-calendar-id=\"2745\" data-timezone=\"America\/Sao_Paulo\" data-offset=\"-10800\" data-week-start=\"0\" data-calendar-start=\"1633921200\" data-calendar-end=\"1634148000\" data-events-first=\"1634144400\" data-events-last=\"1634148000\"><div class=\"simcal-calendar-list \"><dl class=\"simcal-events-list-container\" data-prev=\"1631329200\" data-next=\"1636599600\" data-heading-small=\"2021, 13 Oct\" data-heading-large=\"13\/10\/2021\">\t<dt class=\"simcal-day-label\" style=\"border-bottom: 1px solid #14259b;\" ><span style=\"background-color: #14259b; color: #ffffff;\"><span class=\"simcal-date-format\" data-date-format=\"d\/m\/Y\">13\/10\/2021<\/span> <\/span><\/dt>\n<dd class=\"simcal-weekday-3 simcal-past simcal-day simcal-day-has-events simcal-day-has-1-events simcal-events-calendar-2745 simcal-day-has-events simcal-day-has-2-events simcal-events-calendar-2745\" data-events-count=\"2\">\n\t<ul class=\"simcal-events\">\n\t<li class=\"simcal-event simcal-events-calendar-2745\" style=\"\" itemscope itemtype=\"http:\/\/schema.org\/Event\" data-start=\"1634144400\">\n\t\t<div class=\"simcal-event-details\"><p><strong><span class=\"simcal-event-title\" itemprop=\"name\">Control (y descontrol) en el mundo cu\u00e1ntico<\/span><\/strong><\/p>\n<p><span class=\"simcal-event-start simcal-event-start-date\" data-event-start=\"1634144400\" data-event-format=\"d\/m\/Y\" itemprop=\"startDate\" content=\"2021-10-13T14:00:00-03:00\">13\/10\/2021<\/span>&nbsp;&nbsp;<span class=\"simcal-event-start simcal-event-start-time\" data-event-start=\"1634144400\" data-event-format=\"G:i a\" itemprop=\"startDate\" content=\"2021-10-13T14:00:00-03:00\">14:00 pm<\/span> - <span class=\"simcal-event-end simcal-event-end-time\" data-event-end=\"1634146200\" data-event-format=\"G:i a\" itemprop=\"endDate\" content=\"2021-10-13T14:30:00-03:00\">14:30 pm<\/span><br \/>\n <span class=\"simcal-event-address simcal-event-start-location\" itemprop=\"location\" itemscope itemtype=\"http:\/\/schema.org\/Place\"><meta itemprop=\"name\" content=\"Control (y descontrol) en el mundo cu\u00e1ntico\" \/><meta itemprop=\"address\" content=\"Control (y descontrol) en el mundo cu\u00e1ntico\" \/><\/span><\/p>\n<div><div class=\"simcal-event-description\" itemprop=\"description\"><p>Pablo Poggi<br \/>\nPremio Giambiagi 2019<\/p>\n<\/div><\/div><\/div>\n\t<\/li>\n\t<li class=\"simcal-event simcal-events-calendar-2745\" style=\"\" itemscope itemtype=\"http:\/\/schema.org\/Event\" data-start=\"1634146200\">\n\t\t<div class=\"simcal-event-details\"><p><strong><span class=\"simcal-event-title\" itemprop=\"name\">Mi tesis doctoral: Estudio de Medio Difusivos con inclusiones de bajo Scattering, y como sigo ahora.<\/span><\/strong><\/p>\n<p><span class=\"simcal-event-start simcal-event-start-date\" data-event-start=\"1634146200\" data-event-format=\"d\/m\/Y\" itemprop=\"startDate\" content=\"2021-10-13T14:30:00-03:00\">13\/10\/2021<\/span>&nbsp;&nbsp;<span class=\"simcal-event-start simcal-event-start-time\" data-event-start=\"1634146200\" data-event-format=\"G:i a\" itemprop=\"startDate\" content=\"2021-10-13T14:30:00-03:00\">14:30 pm<\/span> - <span class=\"simcal-event-end simcal-event-end-time\" data-event-end=\"1634148000\" data-event-format=\"G:i a\" itemprop=\"endDate\" content=\"2021-10-13T15:00:00-03:00\">15:00 pm<\/span><br \/>\n <span class=\"simcal-event-address simcal-event-start-location\" itemprop=\"location\" itemscope itemtype=\"http:\/\/schema.org\/Place\"><meta itemprop=\"name\" content=\"Mi tesis doctoral: Estudio de Medio Difusivos con inclusiones de bajo Scattering, y como sigo ahora.\" \/><meta itemprop=\"address\" content=\"Mi tesis doctoral: Estudio de Medio Difusivos con inclusiones de bajo Scattering, y como sigo ahora.\" \/><\/span><\/p>\n<div><div class=\"simcal-event-description\" itemprop=\"description\"><p>Pamela Pardini<br \/>\nPremio Giambiagi 2020<\/p>\n<\/div><\/div><\/div>\n\t<\/li>\n<\/ul>\n\n<\/dd>\n<\/dl><div class=\"simcal-ajax-loader simcal-spinner-top\" style=\"display: none;\"><i class=\"simcal-icon-spinner simcal-icon-spin\"><\/i><\/div><\/div><\/div>\t\t<\/div>\n\t\t\t\t<\/div>\n\t\t\t\t<div class=\"elementor-element elementor-element-6bc2f15 elementor-align-right elementor-widget elementor-widget-button\" data-id=\"6bc2f15\" data-element_type=\"widget\" data-widget_type=\"button.default\">\n\t\t\t\t<div class=\"elementor-widget-container\">\n\t\t\t\t\t<div class=\"elementor-button-wrapper\">\n\t\t\t<a href=\"#\" class=\"elementor-button-link elementor-button elementor-size-sm\" role=\"button\">\n\t\t\t\t\t\t<span class=\"elementor-button-content-wrapper\">\n\t\t\t\t\t\t<span class=\"elementor-button-text\">Copiar en mi calendario<\/span>\n\t\t<\/span>\n\t\t\t\t\t<\/a>\n\t\t<\/div>\n\t\t\t\t<\/div>\n\t\t\t\t<\/div>\n\t\t\t\t\t<\/div>\n\t\t<\/div>\n\t\t\t\t\t\t\t<\/div>\n\t\t<\/section>\n\t\t\t\t\t\t<\/div>\n\t\t\t\t\t<\/div>\n\t\t","protected":false},"excerpt":{"rendered":"<p>El premio ha sido creado por la Asociaci\u00f3n F\u00edsica Argentina para recordar anualmente al profesor Juan Jos\u00e9 Giambiagi, y est\u00e1 destinado a reconocer una labor sobresaliente en la realizaci\u00f3n y&hellip;&nbsp;<a href=\"http:\/\/rafa.fisica.org.ar\/en\/programa\/premios\/premio-giambiagi\/\" class=\"\" rel=\"bookmark\">Read More &raquo;<span class=\"screen-reader-text\">Premio Giambiagi<\/span><\/a><\/p>\n","protected":false},"author":2,"featured_media":0,"parent":172,"menu_order":0,"comment_status":"closed","ping_status":"closed","template":"","meta":{"neve_meta_sidebar":"","neve_meta_container":"","neve_meta_enable_content_width":"","neve_meta_content_width":0,"neve_meta_title_alignment":"","neve_meta_author_avatar":"","neve_post_elements_order":"","neve_meta_disable_header":"","neve_meta_disable_footer":"","neve_meta_disable_title":"","_ti_tpc_template_sync":false,"_ti_tpc_template_id":"","footnotes":""},"class_list":["post-170","page","type-page","status-publish","hentry"],"_links":{"self":[{"href":"http:\/\/rafa.fisica.org.ar\/en\/wp-json\/wp\/v2\/pages\/170","targetHints":{"allow":["GET"]}}],"collection":[{"href":"http:\/\/rafa.fisica.org.ar\/en\/wp-json\/wp\/v2\/pages"}],"about":[{"href":"http:\/\/rafa.fisica.org.ar\/en\/wp-json\/wp\/v2\/types\/page"}],"author":[{"embeddable":true,"href":"http:\/\/rafa.fisica.org.ar\/en\/wp-json\/wp\/v2\/users\/2"}],"replies":[{"embeddable":true,"href":"http:\/\/rafa.fisica.org.ar\/en\/wp-json\/wp\/v2\/comments?post=170"}],"version-history":[{"count":71,"href":"http:\/\/rafa.fisica.org.ar\/en\/wp-json\/wp\/v2\/pages\/170\/revisions"}],"predecessor-version":[{"id":2783,"href":"http:\/\/rafa.fisica.org.ar\/en\/wp-json\/wp\/v2\/pages\/170\/revisions\/2783"}],"up":[{"embeddable":true,"href":"http:\/\/rafa.fisica.org.ar\/en\/wp-json\/wp\/v2\/pages\/172"}],"wp:attachment":[{"href":"http:\/\/rafa.fisica.org.ar\/en\/wp-json\/wp\/v2\/media?parent=170"}],"curies":[{"name":"wp","href":"https:\/\/api.w.org\/{rel}","templated":true}]}}