{"id":1785,"date":"2021-07-14T00:11:00","date_gmt":"2021-07-14T00:11:00","guid":{"rendered":"http:\/\/rafa.fisica.org.ar\/?page_id=1785"},"modified":"2021-07-20T21:52:50","modified_gmt":"2021-07-20T21:52:50","slug":"convocatoria-premio-al-desarrollo-tecnologico-innovador-orientado-a-la-industria","status":"publish","type":"page","link":"http:\/\/rafa.fisica.org.ar\/en\/programa\/premios\/premio-division-industria-y-tecnologia\/convocatoria-premio-al-desarrollo-tecnologico-innovador-orientado-a-la-industria\/","title":{"rendered":"Convocatoria &#8220;Premio al desarrollo tecnol\u00f3gico innovador orientado a la industria&#8221;"},"content":{"rendered":"\t\t<div data-elementor-type=\"wp-page\" data-elementor-id=\"1785\" class=\"elementor elementor-1785\" data-elementor-settings=\"[]\">\n\t\t\t\t\t\t\t<div class=\"elementor-section-wrap\">\n\t\t\t\t\t\t\t<section class=\"elementor-section elementor-top-section elementor-element elementor-element-92418a9 elementor-section-boxed elementor-section-height-default elementor-section-height-default\" data-id=\"92418a9\" data-element_type=\"section\">\n\t\t\t\t\t\t<div class=\"elementor-container elementor-column-gap-default\">\n\t\t\t\t\t<div class=\"elementor-column elementor-col-100 elementor-top-column elementor-element elementor-element-ba72cbf\" data-id=\"ba72cbf\" data-element_type=\"column\">\n\t\t\t<div class=\"elementor-widget-wrap elementor-element-populated\">\n\t\t\t\t\t\t\t\t<div class=\"elementor-element elementor-element-6fe2a67 elementor-widget elementor-widget-text-editor\" data-id=\"6fe2a67\" data-element_type=\"widget\" data-widget_type=\"text-editor.default\">\n\t\t\t\t<div class=\"elementor-widget-container\">\n\t\t\t\t\t\t\t<h5><img loading=\"lazy\" decoding=\"async\" class=\"alignright wp-image-2023\" src=\"http:\/\/rafa.fisica.org.ar\/wp-content\/uploads\/2021\/07\/20210720_premio_rojo2-647x1024.jpg\" alt=\"\" width=\"300\" height=\"475\" srcset=\"http:\/\/rafa.fisica.org.ar\/wp-content\/uploads\/2021\/07\/20210720_premio_rojo2-647x1024.jpg 647w, http:\/\/rafa.fisica.org.ar\/wp-content\/uploads\/2021\/07\/20210720_premio_rojo2-190x300.jpg 190w, http:\/\/rafa.fisica.org.ar\/wp-content\/uploads\/2021\/07\/20210720_premio_rojo2-768x1215.jpg 768w, http:\/\/rafa.fisica.org.ar\/wp-content\/uploads\/2021\/07\/20210720_premio_rojo2-971x1536.jpg 971w, http:\/\/rafa.fisica.org.ar\/wp-content\/uploads\/2021\/07\/20210720_premio_rojo2-600x949.jpg 600w, http:\/\/rafa.fisica.org.ar\/wp-content\/uploads\/2021\/07\/20210720_premio_rojo2.jpg 1082w\" sizes=\"auto, (max-width: 300px) 100vw, 300px\" \/>Prop\u00f3sitos<\/h5><p>El Premio, creado recientemente a instancias de la <strong>Divisi\u00f3n Industria y Tecnolog\u00eda<\/strong> de nuestra Asociaci\u00f3n, tiene por objeto reconocer una labor sobresaliente e innovadora en investigaci\u00f3n y\/o desarrollo en tecnolog\u00eda.<\/p><p>Se orienta a trabajos realizados en el pa\u00eds que, haciendo uso de la f\u00edsica, aporten en forma tangible a problem\u00e1ticas o soluciones para la industria, preferentemente de origen local.<\/p><h5>Naturaleza del Premio<\/h5><p>Consiste en un diploma y un apoyo econ\u00f3mico para uso libre del\/los ganador\/es. El\/los ganadores deber\u00e1n presentar su trabajo en una conferencia durante la Reuni\u00f3n Nacional de F\u00edsica en la cual se haga efectiva el Premio.<\/p><h5>Reglas b\u00e1sicas y condiciones de elegibilidad<\/h5><p>El trabajo presentado deber\u00e1 contener aspectos innovadores que, a criterio del Jurado, representen aportes tecnol\u00f3gicos, innovaciones o nuevas aplicaciones de tecnolog\u00edas existentes con alto contenido de f\u00edsica. Son elegibles postulaciones individuales o grupales que desarrollen sus actividades tanto en ambiente industrial como en instituciones u organizaciones de ciencia y tecnolog\u00eda del pa\u00eds. El candidato o grupo premiado deber\u00e1 residir en el pa\u00eds al momento de otorgar el Premio. Son elegibles para el premio:<\/p><p style=\"padding-left: 40px;\"><strong>1-<\/strong> Tesis de posgrado relacionadas a temas tecnol\u00f3gicos e industriales con alto contenido de f\u00edsica finalizadas en universidades p\u00fablicas o privadas radicadas en el pa\u00eds.<br \/><strong>2-<\/strong> Trabajos de investigaci\u00f3n o desarrollos tecnol\u00f3gicos con alto contenido de f\u00edsica llevados a cabo en ambiente industrial o instituciones p\u00fablicas o privadas del Sistema Nacional de Ciencia, Tecnolog\u00eda e Innovaci\u00f3n (seg\u00fan definici\u00f3n del art\u00edculo 4\u00ba de la Ley 25.467).<br \/><strong>3-<\/strong> Proyectos de empresas de base tecnol\u00f3gica con alto contenido f\u00edsico avalados por instituciones del Sistema Nacional de Ciencia, Tecnolog\u00eda e Innovaci\u00f3n.<\/p><h5>Presentaci\u00f3n de Candidatos<\/h5><p>Las <strong>auto-postulaciones<\/strong> al premio deber\u00e1n efectuarse en la forma y dentro del plazo que se indique en el llamado.<\/p><h5>Documentaci\u00f3n a presentar<\/h5><p style=\"padding-left: 40px;\"><strong>1-<\/strong> Descripci\u00f3n resumida del trabajo por el cual se aplica al premio (una p\u00e1gina A4 m\u00e1x.).<br \/><strong>2-<\/strong> Toda documentaci\u00f3n inherente que el candidato considere de valor para ser evaluado (la misma deber\u00e1 estar integrada en un \u00fanico archivo <em>.pdf<\/em> que no supere los 10Mb de tama\u00f1o). Si se trata de una tesis, incluir el manuscrito completo y documentaci\u00f3n que acredite que dicha tesis fue aprobada en los plazos correspondientes.<br \/><strong>3-<\/strong> CV resumido del (de los) candidato (candidatos).<br \/><strong>4-<\/strong> Nota en la cual se explicite por qu\u00e9 considera que el trabajo presentado es merecedor del premio (una p\u00e1gina A4 m\u00e1x.).<br \/><strong>5-<\/strong> An\u00e1lisis resumido del impacto econ\u00f3mico-social y\/o de la aplicabilidad concreta del estudio o desarrollo (una p\u00e1gina A4 m\u00e1x.).<br \/><strong>6-<\/strong> Cuando corresponda, aval institucional y autorizaci\u00f3n para participar.<\/p><p>El Jurado interviniente podr\u00e1 solicitar toda informaci\u00f3n adicional que considere pertinente.<\/p><p>De considerarlo necesario, el\/los postulante\/s podr\u00e1\/n requerir un convenio de confidencialidad con los miembros del Jurado y los Coordinadores del Premio (todo gasto derivado del mismo corre por la parte participante).<\/p><h5>Organizaci\u00f3n del premio<\/h5><p>El premio ser\u00e1 coordinado por el Comit\u00e9 de la Divisi\u00f3n Industria y Tecnolog\u00eda de la AFA de acuerdo con el reglamento aprobado por la Comisi\u00f3n Directiva de la AFA.<\/p>\t\t\t\t\t\t<\/div>\n\t\t\t\t<\/div>\n\t\t\t\t\t<\/div>\n\t\t<\/div>\n\t\t\t\t\t\t\t<\/div>\n\t\t<\/section>\n\t\t\t\t\t\t<\/div>\n\t\t\t\t\t<\/div>\n\t\t","protected":false},"excerpt":{"rendered":"<p>Prop\u00f3sitos El Premio, creado recientemente a instancias de la Divisi\u00f3n Industria y Tecnolog\u00eda de nuestra Asociaci\u00f3n, tiene por objeto reconocer una labor sobresaliente e innovadora en investigaci\u00f3n y\/o desarrollo en&hellip;&nbsp;<a href=\"http:\/\/rafa.fisica.org.ar\/en\/programa\/premios\/premio-division-industria-y-tecnologia\/convocatoria-premio-al-desarrollo-tecnologico-innovador-orientado-a-la-industria\/\" class=\"\" rel=\"bookmark\">Read More &raquo;<span class=\"screen-reader-text\">Convocatoria &#8220;Premio al desarrollo tecnol\u00f3gico innovador orientado a la industria&#8221;<\/span><\/a><\/p>\n","protected":false},"author":2,"featured_media":0,"parent":250,"menu_order":0,"comment_status":"closed","ping_status":"closed","template":"","meta":{"neve_meta_sidebar":"","neve_meta_container":"","neve_meta_enable_content_width":"off","neve_meta_content_width":100,"neve_meta_title_alignment":"","neve_meta_author_avatar":"","neve_post_elements_order":"","neve_meta_disable_header":"","neve_meta_disable_footer":"","neve_meta_disable_title":"","_ti_tpc_template_sync":false,"_ti_tpc_template_id":"","footnotes":""},"class_list":["post-1785","page","type-page","status-publish","hentry"],"_links":{"self":[{"href":"http:\/\/rafa.fisica.org.ar\/en\/wp-json\/wp\/v2\/pages\/1785","targetHints":{"allow":["GET"]}}],"collection":[{"href":"http:\/\/rafa.fisica.org.ar\/en\/wp-json\/wp\/v2\/pages"}],"about":[{"href":"http:\/\/rafa.fisica.org.ar\/en\/wp-json\/wp\/v2\/types\/page"}],"author":[{"embeddable":true,"href":"http:\/\/rafa.fisica.org.ar\/en\/wp-json\/wp\/v2\/users\/2"}],"replies":[{"embeddable":true,"href":"http:\/\/rafa.fisica.org.ar\/en\/wp-json\/wp\/v2\/comments?post=1785"}],"version-history":[{"count":17,"href":"http:\/\/rafa.fisica.org.ar\/en\/wp-json\/wp\/v2\/pages\/1785\/revisions"}],"predecessor-version":[{"id":2026,"href":"http:\/\/rafa.fisica.org.ar\/en\/wp-json\/wp\/v2\/pages\/1785\/revisions\/2026"}],"up":[{"embeddable":true,"href":"http:\/\/rafa.fisica.org.ar\/en\/wp-json\/wp\/v2\/pages\/250"}],"wp:attachment":[{"href":"http:\/\/rafa.fisica.org.ar\/en\/wp-json\/wp\/v2\/media?parent=1785"}],"curies":[{"name":"wp","href":"https:\/\/api.w.org\/{rel}","templated":true}]}}