{"id":1799,"date":"2021-07-14T00:22:16","date_gmt":"2021-07-14T00:22:16","guid":{"rendered":"http:\/\/rafa.fisica.org.ar\/?page_id=1799"},"modified":"2021-07-14T15:06:49","modified_gmt":"2021-07-14T15:06:49","slug":"bases-del-premio-al-desarrollo-tecnologico-innovador-orientado-a-la-industria","status":"publish","type":"page","link":"http:\/\/rafa.fisica.org.ar\/en\/programa\/premios\/premio-division-industria-y-tecnologia\/bases-del-premio-al-desarrollo-tecnologico-innovador-orientado-a-la-industria\/","title":{"rendered":"Reglamento del Premio al desarrollo tecnol\u00f3gico innovador orientado a la industria"},"content":{"rendered":"\t\t<div data-elementor-type=\"wp-page\" data-elementor-id=\"1799\" class=\"elementor elementor-1799\" data-elementor-settings=\"[]\">\n\t\t\t\t\t\t\t<div class=\"elementor-section-wrap\">\n\t\t\t\t\t\t\t<section class=\"elementor-section elementor-top-section elementor-element elementor-element-b2bc7bf elementor-section-boxed elementor-section-height-default elementor-section-height-default\" data-id=\"b2bc7bf\" data-element_type=\"section\">\n\t\t\t\t\t\t<div class=\"elementor-container elementor-column-gap-default\">\n\t\t\t\t\t<div class=\"elementor-column elementor-col-100 elementor-top-column elementor-element elementor-element-c4cc550\" data-id=\"c4cc550\" data-element_type=\"column\">\n\t\t\t<div class=\"elementor-widget-wrap elementor-element-populated\">\n\t\t\t\t\t\t\t\t<div class=\"elementor-element elementor-element-1e614c6 elementor-widget elementor-widget-text-editor\" data-id=\"1e614c6\" data-element_type=\"widget\" data-widget_type=\"text-editor.default\">\n\t\t\t\t<div class=\"elementor-widget-container\">\n\t\t\t\t\t\t\t<p><strong>Art\u00edculo 1\u00ba:<\/strong> El Premio tiene por objeto reconocer una labor sobresaliente e innovadora en investigaci\u00f3n y\/o desarrollo en tecnolog\u00eda. S\u00f3lo son elegibles trabajos realizados en el pa\u00eds que, haciendo uso de la f\u00edsica, aporten en forma tangible a problem\u00e1ticas o soluciones para la industria, preferentemente de origen local.<\/p><p><strong>Art\u00edculo 2\u00ba:<\/strong> Los candidatos podr\u00e1n auto-postularse en forma individual o grupal presentando la documentaci\u00f3n solicitada en las bases del concurso, de la manera y en el momento que all\u00ed se especifique. Son elegibles para el premio:<\/p><p style=\"padding-left: 40px;\"><strong>a)<\/strong> Tesis de posgrado relacionadas a temas tecnol\u00f3gicos e industriales con alto contenido de f\u00edsica finalizadas en instituciones universitarias p\u00fablicas o privadas radicadas en el pa\u00eds.<br \/><strong>b)<\/strong> Trabajos de investigaci\u00f3n o desarrollos tecnol\u00f3gicos con alto contenido de f\u00edsica llevados a cabo en ambiente industrial o instituciones p\u00fablicas o privadas del Sistema Nacional de Ciencia, Tecnolog\u00eda e Innovaci\u00f3n (seg\u00fan definici\u00f3n del art. 4\u00ba de la Ley 25.467).<br \/><strong>c)<\/strong> Proyectos de empresas de base tecnol\u00f3gica con alto contenido f\u00edsico avalados por instituciones p\u00fablicas o privadas del Sistema Nacional de Ciencia, Tecnolog\u00eda e Innovaci\u00f3n.<\/p><p><strong>Art\u00edculo 3\u00ba:<\/strong> El trabajo premiado deber\u00e1 contener aspectos innovadores que, a criterio del Jurado, representen aportes tecnol\u00f3gicos, innovaciones o nuevas aplicaciones de tecnolog\u00edas existentes con alto contenido de f\u00edsica.<\/p><p><strong>Art\u00edculo 4\u00ba:<\/strong> El Premio consiste en un diploma y una remuneraci\u00f3n econ\u00f3mica para uso libre del\/los ganador\/es, cuyo valor ser\u00e1 fijado oportunamente. El\/los ganador\/es se obliga\/n a presentar su trabajo en la Reuni\u00f3n Nacional de F\u00edsica en la cual se haga efectivo el Premio.<\/p><p><strong>Art\u00edculo 5\u00ba:<\/strong> El\/los candidato\/s ganador\/es deber\u00e1\/n residir en el pa\u00eds al momento de entrega del premio.<\/p><p><strong>Art\u00edculo 6\u00ba:<\/strong> El Premio estar\u00e1 coordinado en todos sus aspectos por la Divisi\u00f3n Industria y Tecnolog\u00eda (DIT) de la Asociaci\u00f3n F\u00edsica Argentina (AFA), con la participaci\u00f3n de todos sus miembros integrantes. La DIT mantendr\u00e1 informada durante todo el proceso del Premio a la Comisi\u00f3n Directiva de la AFA (CD).<\/p><p><strong>Art\u00edculo 7\u00ba:<\/strong> No podr\u00e1 otorgarse el Premio a los integrantes del Comit\u00e9 de la DIT.<\/p><p><strong>Art\u00edculo 8\u00ba:<\/strong> A los fines del proceso de selecci\u00f3n, la DIT designar\u00e1 un Jurado integrado por tres miembros titulares y hasta dos suplentes. Estos deber\u00e1n ser tecn\u00f3logos o investigadores de reconocido prestigio o trayectoria, pertenecientes a instituciones o empresas diferentes, radicadas en diferentes provincias del pa\u00eds, o diferentes pa\u00edses, cada uno en representaci\u00f3n de las categor\u00edas a), b) y c) indicadas en el art\u00edculo 2\u00ba. Los miembros del Jurado no podr\u00e1n pertenecer a las mismas instituciones que los concursantes ni poseer v\u00ednculos de ning\u00fan tipo con los mismos.<\/p><p><strong>Art\u00edculo 9\u00ba:<\/strong> Al cerrarse la etapa de las postulaciones, la DIT realizar\u00e1 una primera evaluaci\u00f3n de pertinencia y elegibilidad de acuerdo al presente reglamento, descalificando del Premio a los candidatos que no se ajusten a las bases.<\/p><p><strong>Art\u00edculo 10\u00ba:<\/strong> Finalizada la etapa de admisibilidad, la DIT gestionar\u00e1 dos evaluaciones por cada postulaci\u00f3n, las que ser\u00e1n realizadas por Evaluadores Especialistas (EE) acorde a las tem\u00e1ticas respectivas. Los EE deber\u00e1n contar con una reconocida trayectoria en los temas respectivos, y no podr\u00e1n tener ninguna relaci\u00f3n con los candidatos ni con las instituciones o empresas donde se desempe\u00f1en los mismos. Dichas evaluaciones deber\u00e1n estar guiadas por \u201cPautas de Evaluaci\u00f3n\u201d previamente acordadas entre la DIT y la CD.<\/p><p><strong>Art\u00edculo 11\u00ba:<\/strong> Los reportes producidos por los EE ser\u00e1n entregados al Jurado del Premio, quienes podr\u00e1n solicitar extensiones de esos informes si lo consideran necesario. A tal fin, y para toda cuesti\u00f3n relacionada al proceso de evaluaci\u00f3n, el Coordinador de la DIT (u otro miembro del Comit\u00e9) actuar\u00e1 como secretario del Jurado.<\/p><p><strong>Art\u00edculo 12\u00ba:<\/strong> El Jurado deber\u00e1 elegir un ganador, emitiendo un dictamen que fundamente la elecci\u00f3n. Podr\u00e1 realizar una menci\u00f3n de honor a un segundo participante, quien\/es recibir\u00e1\/n un diploma y la posibilidad de presentar su trabajo dentro de las actividades programadas por la DIT en la reuni\u00f3n de la AFA en la que se haga efectivo el Premio.<\/p><p><strong>Art\u00edculo 13\u00ba:<\/strong> Concluido el proceso, el Coordinador de la DIT elevar\u00e1 a las autoridades de la AFA un informe con los detalles del proceso de evaluaci\u00f3n y el resultado.<\/p><p><strong>Art\u00edculo 14\u00ba:<\/strong> El Premio se entregar\u00e1 en sesi\u00f3n p\u00fablica durante la Reuni\u00f3n Nacional de F\u00edsica correspondiente al a\u00f1o del concurso.<\/p><p><strong>Art\u00edculo 15\u00ba:<\/strong> Toda situaci\u00f3n no prevista en el presente ser\u00e1 resuelta por la CD.<\/p>\t\t\t\t\t\t<\/div>\n\t\t\t\t<\/div>\n\t\t\t\t\t<\/div>\n\t\t<\/div>\n\t\t\t\t\t\t\t<\/div>\n\t\t<\/section>\n\t\t\t\t\t\t<\/div>\n\t\t\t\t\t<\/div>\n\t\t","protected":false},"excerpt":{"rendered":"<p>Art\u00edculo 1\u00ba: El Premio tiene por objeto reconocer una labor sobresaliente e innovadora en investigaci\u00f3n y\/o desarrollo en tecnolog\u00eda. S\u00f3lo son elegibles trabajos realizados en el pa\u00eds que, haciendo uso&hellip;&nbsp;<a href=\"http:\/\/rafa.fisica.org.ar\/en\/programa\/premios\/premio-division-industria-y-tecnologia\/bases-del-premio-al-desarrollo-tecnologico-innovador-orientado-a-la-industria\/\" class=\"\" rel=\"bookmark\">Read More &raquo;<span class=\"screen-reader-text\">Reglamento del Premio al desarrollo tecnol\u00f3gico innovador orientado a la industria<\/span><\/a><\/p>\n","protected":false},"author":2,"featured_media":0,"parent":250,"menu_order":0,"comment_status":"closed","ping_status":"closed","template":"","meta":{"neve_meta_sidebar":"","neve_meta_container":"","neve_meta_enable_content_width":"off","neve_meta_content_width":100,"neve_meta_title_alignment":"","neve_meta_author_avatar":"","neve_post_elements_order":"","neve_meta_disable_header":"","neve_meta_disable_footer":"","neve_meta_disable_title":"","_ti_tpc_template_sync":false,"_ti_tpc_template_id":"","footnotes":""},"class_list":["post-1799","page","type-page","status-publish","hentry"],"_links":{"self":[{"href":"http:\/\/rafa.fisica.org.ar\/en\/wp-json\/wp\/v2\/pages\/1799","targetHints":{"allow":["GET"]}}],"collection":[{"href":"http:\/\/rafa.fisica.org.ar\/en\/wp-json\/wp\/v2\/pages"}],"about":[{"href":"http:\/\/rafa.fisica.org.ar\/en\/wp-json\/wp\/v2\/types\/page"}],"author":[{"embeddable":true,"href":"http:\/\/rafa.fisica.org.ar\/en\/wp-json\/wp\/v2\/users\/2"}],"replies":[{"embeddable":true,"href":"http:\/\/rafa.fisica.org.ar\/en\/wp-json\/wp\/v2\/comments?post=1799"}],"version-history":[{"count":17,"href":"http:\/\/rafa.fisica.org.ar\/en\/wp-json\/wp\/v2\/pages\/1799\/revisions"}],"predecessor-version":[{"id":1881,"href":"http:\/\/rafa.fisica.org.ar\/en\/wp-json\/wp\/v2\/pages\/1799\/revisions\/1881"}],"up":[{"embeddable":true,"href":"http:\/\/rafa.fisica.org.ar\/en\/wp-json\/wp\/v2\/pages\/250"}],"wp:attachment":[{"href":"http:\/\/rafa.fisica.org.ar\/en\/wp-json\/wp\/v2\/media?parent=1799"}],"curies":[{"name":"wp","href":"https:\/\/api.w.org\/{rel}","templated":true}]}}