{"id":199,"date":"2021-06-14T19:42:46","date_gmt":"2021-06-14T19:42:46","guid":{"rendered":"http:\/\/rafa.fisica.org.ar\/?page_id=199"},"modified":"2021-08-25T18:55:48","modified_gmt":"2021-08-25T18:55:48","slug":"inscripcion-socios","status":"publish","type":"page","link":"http:\/\/rafa.fisica.org.ar\/en\/inscripcion\/inscripcion-socios\/","title":{"rendered":"Inscripci\u00f3n Socias\/os"},"content":{"rendered":"\t\t<div data-elementor-type=\"wp-page\" data-elementor-id=\"199\" class=\"elementor elementor-199\" data-elementor-settings=\"[]\">\n\t\t\t\t\t\t\t<div class=\"elementor-section-wrap\">\n\t\t\t\t\t\t\t<section class=\"elementor-section elementor-top-section elementor-element elementor-element-ee18421 elementor-section-boxed elementor-section-height-default elementor-section-height-default\" data-id=\"ee18421\" data-element_type=\"section\" data-settings=\"{&quot;background_background&quot;:&quot;classic&quot;}\">\n\t\t\t\t\t\t<div class=\"elementor-container elementor-column-gap-default\">\n\t\t\t\t\t<div class=\"elementor-column elementor-col-33 elementor-top-column elementor-element elementor-element-ff1ef92\" data-id=\"ff1ef92\" data-element_type=\"column\">\n\t\t\t<div class=\"elementor-widget-wrap elementor-element-populated\">\n\t\t\t\t\t\t\t\t<div class=\"elementor-element elementor-element-0077101 elementor-invisible elementor-widget elementor-widget-image\" data-id=\"0077101\" data-element_type=\"widget\" data-settings=\"{&quot;_animation&quot;:&quot;zoomIn&quot;}\" data-widget_type=\"image.default\">\n\t\t\t\t<div class=\"elementor-widget-container\">\n\t\t\t\t\t\t\t\t\t\t\t\t<figure class=\"wp-caption\">\n\t\t\t\t\t\t\t\t\t\t\t<a href=\"#registro-socios\">\n\t\t\t\t\t\t\t<img loading=\"lazy\" decoding=\"async\" width=\"150\" height=\"150\" src=\"http:\/\/rafa.fisica.org.ar\/wp-content\/uploads\/2021\/07\/numero_uno_b-150x150.png\" class=\"attachment-thumbnail size-thumbnail\" alt=\"\" srcset=\"http:\/\/rafa.fisica.org.ar\/wp-content\/uploads\/2021\/07\/numero_uno_b-150x150.png 150w, http:\/\/rafa.fisica.org.ar\/wp-content\/uploads\/2021\/07\/numero_uno_b.png 300w, http:\/\/rafa.fisica.org.ar\/wp-content\/uploads\/2021\/07\/numero_uno_b-100x100.png 100w\" sizes=\"auto, (max-width: 150px) 100vw, 150px\" \/>\t\t\t\t\t\t\t\t<\/a>\n\t\t\t\t\t\t\t\t\t\t\t<figcaption class=\"widget-image-caption wp-caption-text\">INSCRIPCI\u00d3N EN INTRANET DE AFA<\/figcaption>\n\t\t\t\t\t\t\t\t\t\t<\/figure>\n\t\t\t\t\t\t\t\t\t<\/div>\n\t\t\t\t<\/div>\n\t\t\t\t\t<\/div>\n\t\t<\/div>\n\t\t\t\t<div class=\"elementor-column elementor-col-33 elementor-top-column elementor-element elementor-element-6eda0cf\" data-id=\"6eda0cf\" data-element_type=\"column\">\n\t\t\t<div class=\"elementor-widget-wrap elementor-element-populated\">\n\t\t\t\t\t\t\t\t<div class=\"elementor-element elementor-element-8374727 elementor-invisible elementor-widget elementor-widget-image\" data-id=\"8374727\" data-element_type=\"widget\" data-settings=\"{&quot;_animation&quot;:&quot;zoomIn&quot;,&quot;_animation_delay&quot;:1000}\" data-widget_type=\"image.default\">\n\t\t\t\t<div class=\"elementor-widget-container\">\n\t\t\t\t\t\t\t\t\t\t\t\t<figure class=\"wp-caption\">\n\t\t\t\t\t\t\t\t\t\t\t<a href=\"#pago-socios\">\n\t\t\t\t\t\t\t<img loading=\"lazy\" decoding=\"async\" width=\"150\" height=\"150\" src=\"http:\/\/rafa.fisica.org.ar\/wp-content\/uploads\/2021\/07\/numero_dos_b-150x150.png\" class=\"attachment-thumbnail size-thumbnail\" alt=\"\" srcset=\"http:\/\/rafa.fisica.org.ar\/wp-content\/uploads\/2021\/07\/numero_dos_b-150x150.png 150w, http:\/\/rafa.fisica.org.ar\/wp-content\/uploads\/2021\/07\/numero_dos_b.png 300w, http:\/\/rafa.fisica.org.ar\/wp-content\/uploads\/2021\/07\/numero_dos_b-100x100.png 100w\" sizes=\"auto, (max-width: 150px) 100vw, 150px\" \/>\t\t\t\t\t\t\t\t<\/a>\n\t\t\t\t\t\t\t\t\t\t\t<figcaption class=\"widget-image-caption wp-caption-text\">PAGO INSCRIPCI\u00d3N<\/figcaption>\n\t\t\t\t\t\t\t\t\t\t<\/figure>\n\t\t\t\t\t\t\t\t\t<\/div>\n\t\t\t\t<\/div>\n\t\t\t\t\t<\/div>\n\t\t<\/div>\n\t\t\t\t<div class=\"elementor-column elementor-col-33 elementor-top-column elementor-element elementor-element-8e89a2d\" data-id=\"8e89a2d\" data-element_type=\"column\">\n\t\t\t<div class=\"elementor-widget-wrap elementor-element-populated\">\n\t\t\t\t\t\t\t\t<div class=\"elementor-element elementor-element-5245034 elementor-invisible elementor-widget elementor-widget-image\" data-id=\"5245034\" data-element_type=\"widget\" data-settings=\"{&quot;_animation&quot;:&quot;zoomIn&quot;,&quot;_animation_delay&quot;:2000}\" data-widget_type=\"image.default\">\n\t\t\t\t<div class=\"elementor-widget-container\">\n\t\t\t\t\t\t\t\t\t\t\t\t<figure class=\"wp-caption\">\n\t\t\t\t\t\t\t\t\t\t\t<a href=\"#confirmacion-socios\">\n\t\t\t\t\t\t\t<img loading=\"lazy\" decoding=\"async\" width=\"150\" height=\"150\" src=\"http:\/\/rafa.fisica.org.ar\/wp-content\/uploads\/2021\/07\/numero_tres_b-150x150.png\" class=\"attachment-thumbnail size-thumbnail\" alt=\"\" srcset=\"http:\/\/rafa.fisica.org.ar\/wp-content\/uploads\/2021\/07\/numero_tres_b-150x150.png 150w, http:\/\/rafa.fisica.org.ar\/wp-content\/uploads\/2021\/07\/numero_tres_b.png 300w, http:\/\/rafa.fisica.org.ar\/wp-content\/uploads\/2021\/07\/numero_tres_b-100x100.png 100w\" sizes=\"auto, (max-width: 150px) 100vw, 150px\" \/>\t\t\t\t\t\t\t\t<\/a>\n\t\t\t\t\t\t\t\t\t\t\t<figcaption class=\"widget-image-caption wp-caption-text\">COMPLETAR FORMULARIO WEB<\/figcaption>\n\t\t\t\t\t\t\t\t\t\t<\/figure>\n\t\t\t\t\t\t\t\t\t<\/div>\n\t\t\t\t<\/div>\n\t\t\t\t\t<\/div>\n\t\t<\/div>\n\t\t\t\t\t\t\t<\/div>\n\t\t<\/section>\n\t\t\t\t<section class=\"elementor-section elementor-top-section elementor-element elementor-element-31e70f46 elementor-section-boxed elementor-section-height-default elementor-section-height-default\" data-id=\"31e70f46\" data-element_type=\"section\">\n\t\t\t\t\t\t<div class=\"elementor-container elementor-column-gap-default\">\n\t\t\t\t\t<div class=\"elementor-column elementor-col-100 elementor-top-column elementor-element elementor-element-5e2d9ad\" data-id=\"5e2d9ad\" data-element_type=\"column\">\n\t\t\t<div class=\"elementor-widget-wrap elementor-element-populated\">\n\t\t\t\t\t\t\t\t<div class=\"elementor-element elementor-element-59026a33 elementor-widget elementor-widget-text-editor\" data-id=\"59026a33\" data-element_type=\"widget\" data-widget_type=\"text-editor.default\">\n\t\t\t\t<div class=\"elementor-widget-container\">\n\t\t\t\t\t\t\t<p id=\"\">La <strong>inscripci\u00f3n electr\u00f3nica es obligatoria<\/strong> para cada participante y <strong>se realizar\u00e1 exclusivamente a trav\u00e9s de la <em>Intranet de AFA<\/em><\/strong>.<\/p><p>Si sos socia\/o activa\/o de AFA con m\u00e1s de un a\u00f1o de antig\u00fcedad, ya ten\u00e9s una cuenta personal en la <a href=\"http:\/\/sistema.fisica.org.ar\/\" target=\"_blank\" rel=\"noopener\">Intranet<\/a> de la asociaci\u00f3n a trav\u00e9s de la cual deber\u00e1s inscribirte y enviar el resumen de tu trabajo.<\/p><p>Si ten\u00e9s presente tu nombre de <em>usuaria\/o<\/em> y <em>contrase\u00f1a<\/em> entr\u00e1 directamente a la <a href=\"http:\/\/sistema.fisica.org.ar\/\" target=\"_blank\" rel=\"noopener\">Intranet<\/a>, complet\u00e1 tus datos personales y laborales (sin los cuales no podr\u00e1s inscribirte) y visit\u00e1 la <strong>pesta\u00f1a RNF<\/strong> donde encontrar\u00e1s las instrucciones finales para completar tu inscripci\u00f3n electr\u00f3nica.<\/p><p>Si deseas consultar si ya ten\u00e9s una cuenta en la <em>Intranet de AFA<\/em> entr\u00e1 en <a href=\"http:\/\/sistema.fisica.org.ar\/search_me\/\" target=\"_blank\" rel=\"noopener\">buscar cuenta<\/a>.<\/p><p>Si sab\u00e9s que ten\u00e9s una cuenta pero no record\u00e1s tu <em>Nombre de Usuaria\/o<\/em> y <em>contrase\u00f1a<\/em>, descubr\u00edlos en <a href=\"http:\/\/sistema.fisica.org.ar\/password_reset\/\" target=\"_blank\" rel=\"noopener\">recuperar tu informaci\u00f3n<\/a>.<\/p><p>S\u00f3lo si todo esto fracasa, contactanos a trav\u00e9s del correo electr\u00f3nico <a href=\"mailto:secretaria@fisica.org.ar\">secretaria@fisica.org.ar<\/a>.<\/p><p style=\"text-align: center;\"><strong>No se aceptar\u00e1n inscripciones durante la reuni\u00f3n.<\/strong><\/p><h5>Env\u00edo de trabajos<\/h5><p>Una vez que hayas finalizado la inscripci\u00f3n podr\u00e1s enviar el resumen de tus trabajos, los cuales deber\u00e1s subir desde tu cuenta de <em>Intranet AFA<\/em>. Te recordamos que deber\u00e1s elegir un \u00e1rea tem\u00e1tica (clasificaci\u00f3n) para cada trabajo. Tambi\u00e9n tendr\u00e1s la posibilidad de solicitar que el mismo sea presentado en forma de <em>charla de divisi\u00f3n<\/em>; para ello, deber\u00e1s indicar en cual de ellas quisieras dar la charla. Cada divisi\u00f3n, a trav\u00e9s de su comisi\u00f3n, escoger\u00e1 los trabajos que ir\u00e1n a las sesiones orales; esta decisi\u00f3n ser\u00e1 comunicada oportunamente.<\/p><p>Los trabajos que no sean seleccionados para las sesiones orales, se expondr\u00e1n en forma de p\u00f3ster de acuerdo a la clasificaci\u00f3n tem\u00e1tica inicial.<\/p><p><img loading=\"lazy\" decoding=\"async\" class=\"aligncenter wp-image-1285 size-full\" src=\"http:\/\/rafa.fisica.org.ar\/wp-content\/uploads\/2021\/07\/rect6819-6-1-3-7-5.png\" alt=\"\" width=\"1501\" height=\"1278\" srcset=\"http:\/\/rafa.fisica.org.ar\/wp-content\/uploads\/2021\/07\/rect6819-6-1-3-7-5.png 1501w, http:\/\/rafa.fisica.org.ar\/wp-content\/uploads\/2021\/07\/rect6819-6-1-3-7-5-300x255.png 300w, http:\/\/rafa.fisica.org.ar\/wp-content\/uploads\/2021\/07\/rect6819-6-1-3-7-5-1024x872.png 1024w, http:\/\/rafa.fisica.org.ar\/wp-content\/uploads\/2021\/07\/rect6819-6-1-3-7-5-768x654.png 768w, http:\/\/rafa.fisica.org.ar\/wp-content\/uploads\/2021\/07\/rect6819-6-1-3-7-5-600x511.png 600w\" sizes=\"auto, (max-width: 1501px) 100vw, 1501px\" \/><\/p><h5>Fecha l\u00edmite<\/h5><p>La <em>inscripci\u00f3n electr\u00f3nica<\/em> y la <em>recepci\u00f3n de res\u00famenes<\/em> <strong>estar\u00e1 habilitada desde el 07 de julio al <del>06 de agosto<\/del>. <span style=\"color: #ff0000;\">La nueva fecha l\u00edmite es el domingo 29 de agosto de 2021.<\/span><br \/><\/strong><\/p><h5 id=\"pago-socios\">Costo de inscripci\u00f3n<\/h5><p>El costo de inscripci\u00f3n para socias\/os activas\/os de AFA es de <strong>$ 500,00<\/strong> (pesos quinientos).<\/p><h5>Forma de pago<\/h5><p>La tasa de inscripci\u00f3n de socias\/os activas\/os se deber\u00e1 pagar <strong>exclusivamente por transferencia bancaria<\/strong>.<\/p><p>Recomendamos que se realicen <strong>transferencias individuales<\/strong> para facilitar la facturaci\u00f3n. En el formulario de confirmaci\u00f3n de la inscripci\u00f3n, se solicitan los datos necesarios para una correcta emisi\u00f3n de la factura.<\/p><h6 style=\"padding-left: 40px;\">Transferencia bancaria<\/h6><p style=\"padding-left: 40px;\">Se deber\u00e1 hacer una transferencia bancaria a nuestra cuenta, cuyos datos son:<\/p><p style=\"padding-left: 80px;\">Asociaci\u00f3n F\u00edsica Argentina<br \/>Cuenta Corriente Especial en Pesos Nro. 9345-9 172-2<br \/>Banco Galicia &#8211; Sucursal La Plata<br \/>Clave Bancaria Uniforme (CBU) 00701729-20000009345920<br \/>CUIT 30-64930017-4<\/p><h5 id=\"confirmacion-socios\">Confirmaci\u00f3n inscripci\u00f3n<\/h5><p>Una vez efectuada la inscripci\u00f3n a trav\u00e9s de la Intranet de AFA y realizada la transferencia para cubrir el costo de inscripci\u00f3n, deber\u00e1s informar el pago a los organizadores completando <a href=\"https:\/\/forms.gle\/3HDNcGk6DptAsbKZ9\" target=\"_blank\" rel=\"noopener\"><strong>este formulario <em>online<\/em><\/strong><\/a> (<span style=\"text-decoration: underline;\">advertencia<\/span>: deber\u00e1s completarlo desde una cuenta de <em>gmail<\/em>). De no hacerlo, no se podr\u00e1 habilitar tu participaci\u00f3n.<\/p><p>En el formulario deber\u00e1s indicar claramente tu nombre, CUIL\/CUIT y adjuntar un archivo (<em>.pdf<\/em>) con la copia digitalizada del comprobante de transferencia. En la direcci\u00f3n de correo electr\u00f3nico que se solicita al comienzo del formulario, recibir\u00e1s una copia de los datos consignados en \u00e9l y, posteriormente, la <strong>factura digital<\/strong> a tu nombre <strong>emitida por AFA central<\/strong>.<\/p>\t\t\t\t\t\t<\/div>\n\t\t\t\t<\/div>\n\t\t\t\t\t<\/div>\n\t\t<\/div>\n\t\t\t\t\t\t\t<\/div>\n\t\t<\/section>\n\t\t\t\t\t\t<\/div>\n\t\t\t\t\t<\/div>\n\t\t","protected":false},"excerpt":{"rendered":"<p>INSCRIPCI\u00d3N EN INTRANET DE AFA PAGO INSCRIPCI\u00d3N COMPLETAR FORMULARIO WEB La inscripci\u00f3n electr\u00f3nica es obligatoria para cada participante y se realizar\u00e1 exclusivamente a trav\u00e9s de la Intranet de AFA. Si&hellip;&nbsp;<a href=\"http:\/\/rafa.fisica.org.ar\/en\/inscripcion\/inscripcion-socios\/\" class=\"\" rel=\"bookmark\">Read More &raquo;<span class=\"screen-reader-text\">Inscripci\u00f3n Socias\/os<\/span><\/a><\/p>\n","protected":false},"author":2,"featured_media":0,"parent":186,"menu_order":0,"comment_status":"closed","ping_status":"closed","template":"","meta":{"neve_meta_sidebar":"","neve_meta_container":"","neve_meta_enable_content_width":"off","neve_meta_content_width":0,"neve_meta_title_alignment":"","neve_meta_author_avatar":"","neve_post_elements_order":"","neve_meta_disable_header":"","neve_meta_disable_footer":"","neve_meta_disable_title":"","_ti_tpc_template_sync":false,"_ti_tpc_template_id":"","footnotes":""},"class_list":["post-199","page","type-page","status-publish","hentry"],"_links":{"self":[{"href":"http:\/\/rafa.fisica.org.ar\/en\/wp-json\/wp\/v2\/pages\/199","targetHints":{"allow":["GET"]}}],"collection":[{"href":"http:\/\/rafa.fisica.org.ar\/en\/wp-json\/wp\/v2\/pages"}],"about":[{"href":"http:\/\/rafa.fisica.org.ar\/en\/wp-json\/wp\/v2\/types\/page"}],"author":[{"embeddable":true,"href":"http:\/\/rafa.fisica.org.ar\/en\/wp-json\/wp\/v2\/users\/2"}],"replies":[{"embeddable":true,"href":"http:\/\/rafa.fisica.org.ar\/en\/wp-json\/wp\/v2\/comments?post=199"}],"version-history":[{"count":74,"href":"http:\/\/rafa.fisica.org.ar\/en\/wp-json\/wp\/v2\/pages\/199\/revisions"}],"predecessor-version":[{"id":2178,"href":"http:\/\/rafa.fisica.org.ar\/en\/wp-json\/wp\/v2\/pages\/199\/revisions\/2178"}],"up":[{"embeddable":true,"href":"http:\/\/rafa.fisica.org.ar\/en\/wp-json\/wp\/v2\/pages\/186"}],"wp:attachment":[{"href":"http:\/\/rafa.fisica.org.ar\/en\/wp-json\/wp\/v2\/media?parent=199"}],"curies":[{"name":"wp","href":"https:\/\/api.w.org\/{rel}","templated":true}]}}