{"id":202,"date":"2021-06-14T19:48:38","date_gmt":"2021-06-14T19:48:38","guid":{"rendered":"http:\/\/rafa.fisica.org.ar\/?page_id=202"},"modified":"2021-08-25T18:57:29","modified_gmt":"2021-08-25T18:57:29","slug":"inscripcion-estudiantes","status":"publish","type":"page","link":"http:\/\/rafa.fisica.org.ar\/en\/inscripcion\/inscripcion-estudiantes\/","title":{"rendered":"Inscripci\u00f3n Estudiantes Socias\/os"},"content":{"rendered":"\t\t<div data-elementor-type=\"wp-page\" data-elementor-id=\"202\" class=\"elementor elementor-202\" data-elementor-settings=\"[]\">\n\t\t\t\t\t\t\t<div class=\"elementor-section-wrap\">\n\t\t\t\t\t\t\t<section class=\"elementor-section elementor-top-section elementor-element elementor-element-687f840 elementor-section-boxed elementor-section-height-default elementor-section-height-default\" data-id=\"687f840\" data-element_type=\"section\" data-settings=\"{&quot;background_background&quot;:&quot;classic&quot;}\">\n\t\t\t\t\t\t<div class=\"elementor-container elementor-column-gap-default\">\n\t\t\t\t\t<div class=\"elementor-column elementor-col-50 elementor-top-column elementor-element elementor-element-bbc6c24\" data-id=\"bbc6c24\" data-element_type=\"column\">\n\t\t\t<div class=\"elementor-widget-wrap elementor-element-populated\">\n\t\t\t\t\t\t\t\t<div class=\"elementor-element elementor-element-5c11392 elementor-invisible elementor-widget elementor-widget-image\" data-id=\"5c11392\" data-element_type=\"widget\" data-settings=\"{&quot;_animation&quot;:&quot;zoomIn&quot;}\" data-widget_type=\"image.default\">\n\t\t\t\t<div class=\"elementor-widget-container\">\n\t\t\t\t\t\t\t\t\t\t\t\t<figure class=\"wp-caption\">\n\t\t\t\t\t\t\t\t\t\t\t<a href=\"#inscripcion-estudiantes-socios\">\n\t\t\t\t\t\t\t<img loading=\"lazy\" decoding=\"async\" width=\"150\" height=\"150\" src=\"http:\/\/rafa.fisica.org.ar\/wp-content\/uploads\/2021\/07\/numero_uno_b-150x150.png\" class=\"attachment-thumbnail size-thumbnail\" alt=\"\" srcset=\"http:\/\/rafa.fisica.org.ar\/wp-content\/uploads\/2021\/07\/numero_uno_b-150x150.png 150w, http:\/\/rafa.fisica.org.ar\/wp-content\/uploads\/2021\/07\/numero_uno_b.png 300w, http:\/\/rafa.fisica.org.ar\/wp-content\/uploads\/2021\/07\/numero_uno_b-100x100.png 100w\" sizes=\"auto, (max-width: 150px) 100vw, 150px\" \/>\t\t\t\t\t\t\t\t<\/a>\n\t\t\t\t\t\t\t\t\t\t\t<figcaption class=\"widget-image-caption wp-caption-text\">INSCRIPCI\u00d3N EN INTRANET DE AFA<\/figcaption>\n\t\t\t\t\t\t\t\t\t\t<\/figure>\n\t\t\t\t\t\t\t\t\t<\/div>\n\t\t\t\t<\/div>\n\t\t\t\t\t<\/div>\n\t\t<\/div>\n\t\t\t\t<div class=\"elementor-column elementor-col-50 elementor-top-column elementor-element elementor-element-c3c9b2a\" data-id=\"c3c9b2a\" data-element_type=\"column\">\n\t\t\t<div class=\"elementor-widget-wrap elementor-element-populated\">\n\t\t\t\t\t\t\t\t<div class=\"elementor-element elementor-element-51fad63 elementor-invisible elementor-widget elementor-widget-image\" data-id=\"51fad63\" data-element_type=\"widget\" data-settings=\"{&quot;_animation&quot;:&quot;zoomIn&quot;,&quot;_animation_delay&quot;:1000}\" data-widget_type=\"image.default\">\n\t\t\t\t<div class=\"elementor-widget-container\">\n\t\t\t\t\t\t\t\t\t\t\t\t<figure class=\"wp-caption\">\n\t\t\t\t\t\t\t\t\t\t\t<a href=\"#cofirmacion-datos-estudiantes-socios\">\n\t\t\t\t\t\t\t<img loading=\"lazy\" decoding=\"async\" width=\"150\" height=\"150\" src=\"http:\/\/rafa.fisica.org.ar\/wp-content\/uploads\/2021\/07\/numero_dos_b-150x150.png\" class=\"attachment-thumbnail size-thumbnail\" alt=\"\" srcset=\"http:\/\/rafa.fisica.org.ar\/wp-content\/uploads\/2021\/07\/numero_dos_b-150x150.png 150w, http:\/\/rafa.fisica.org.ar\/wp-content\/uploads\/2021\/07\/numero_dos_b.png 300w, http:\/\/rafa.fisica.org.ar\/wp-content\/uploads\/2021\/07\/numero_dos_b-100x100.png 100w\" sizes=\"auto, (max-width: 150px) 100vw, 150px\" \/>\t\t\t\t\t\t\t\t<\/a>\n\t\t\t\t\t\t\t\t\t\t\t<figcaption class=\"widget-image-caption wp-caption-text\">COMPLETAR FORMULARIO WEB<\/figcaption>\n\t\t\t\t\t\t\t\t\t\t<\/figure>\n\t\t\t\t\t\t\t\t\t<\/div>\n\t\t\t\t<\/div>\n\t\t\t\t\t<\/div>\n\t\t<\/div>\n\t\t\t\t\t\t\t<\/div>\n\t\t<\/section>\n\t\t\t\t<section class=\"elementor-section elementor-top-section elementor-element elementor-element-5f78104f elementor-section-boxed elementor-section-height-default elementor-section-height-default\" data-id=\"5f78104f\" data-element_type=\"section\">\n\t\t\t\t\t\t<div class=\"elementor-container elementor-column-gap-default\">\n\t\t\t\t\t<div class=\"elementor-column elementor-col-100 elementor-top-column elementor-element elementor-element-1e28369f\" data-id=\"1e28369f\" data-element_type=\"column\">\n\t\t\t<div class=\"elementor-widget-wrap elementor-element-populated\">\n\t\t\t\t\t\t\t\t<div class=\"elementor-element elementor-element-6805b572 elementor-widget elementor-widget-text-editor\" data-id=\"6805b572\" data-element_type=\"widget\" data-widget_type=\"text-editor.default\">\n\t\t\t\t<div class=\"elementor-widget-container\">\n\t\t\t\t\t\t\t<p id=\"inscripcion-estudiantes-socios\">La <strong>inscripci\u00f3n electr\u00f3nica es obligatoria<\/strong> para cada participante y <strong>se realizar\u00e1 exclusivamente a trav\u00e9s de la <em>Intranet de AFA<\/em><\/strong>.<\/p><p>Como no hemos podido crear una cuenta intranet para cada participante <strong>estudiante<\/strong>, te pedimos que sigas estos pasos:<\/p><p style=\"padding-left: 40px;\"><strong>1)<\/strong> primero verific\u00e1 si ten\u00e9s cuenta intranet entrando a <a href=\"http:\/\/sistema.fisica.org.ar\/sercht_me\/\" target=\"_blank\" rel=\"noopener\">buscar cuenta<\/a>. Si ya la ten\u00e9s, entr\u00e1 a la <a href=\"http:\/\/sistema.fisica.org.ar\/login\/\" target=\"_blank\" rel=\"noopener\">Intranet<\/a> e inscribite a la <strong><em>pesta\u00f1a RNF<\/em><\/strong>;<\/p><p style=\"padding-left: 40px;\"><strong>2)<\/strong> caso contrario, registrate primero <strong><a href=\"http:\/\/sistema.fisica.org.ar\/register\/\" target=\"_blank\" rel=\"noopener\">aqu\u00ed<\/a><\/strong>. Al hacerlo, en el campo <strong><em>sociedad<\/em> <\/strong>eleg\u00ed <strong><em>Socia\/o Estudiante de AFA<\/em><\/strong>.<\/p><p style=\"text-align: center;\"><strong>No se aceptar\u00e1n inscripciones durante la reuni\u00f3n.<\/strong><\/p><h5>Env\u00edo de trabajos<\/h5><p>Una vez que hayas finalizado la inscripci\u00f3n podr\u00e1s enviar el resumen de tus trabajos, los cuales deber\u00e1s subir desde tu cuenta de <em>Intranet AFA<\/em>. Te recordamos que deber\u00e1s elegir un \u00e1rea tem\u00e1tica (clasificaci\u00f3n) para cada trabajo. Tambi\u00e9n tendr\u00e1s la posibilidad de solicitar que el mismo sea presentado en forma de <em>charla de divisi\u00f3n<\/em>; para ello, deber\u00e1s indicar en cual de ellas quisieras dar la charla. Cada divisi\u00f3n, a trav\u00e9s de su comisi\u00f3n, escoger\u00e1 los trabajos que ir\u00e1n a las sesiones orales; esta decisi\u00f3n ser\u00e1 comunicada oportunamente.<\/p><p>Los trabajos que no sean seleccionados para las sesiones orales, se expondr\u00e1n en forma de p\u00f3ster de acuerdo a la clasificaci\u00f3n tem\u00e1tica inicial.<\/p><p><img loading=\"lazy\" decoding=\"async\" class=\"aligncenter wp-image-1285 size-full\" src=\"http:\/\/rafa.fisica.org.ar\/wp-content\/uploads\/2021\/07\/rect6819-6-1-3-7-5.png\" alt=\"\" width=\"1501\" height=\"1278\" srcset=\"http:\/\/rafa.fisica.org.ar\/wp-content\/uploads\/2021\/07\/rect6819-6-1-3-7-5.png 1501w, http:\/\/rafa.fisica.org.ar\/wp-content\/uploads\/2021\/07\/rect6819-6-1-3-7-5-300x255.png 300w, http:\/\/rafa.fisica.org.ar\/wp-content\/uploads\/2021\/07\/rect6819-6-1-3-7-5-1024x872.png 1024w, http:\/\/rafa.fisica.org.ar\/wp-content\/uploads\/2021\/07\/rect6819-6-1-3-7-5-768x654.png 768w, http:\/\/rafa.fisica.org.ar\/wp-content\/uploads\/2021\/07\/rect6819-6-1-3-7-5-600x511.png 600w\" sizes=\"auto, (max-width: 1501px) 100vw, 1501px\" \/><\/p><h5>Fecha l\u00edmite<\/h5><p>La <em>inscripci\u00f3n electr\u00f3nica<\/em> y la <em>recepci\u00f3n de res\u00famenes<\/em> <strong>estar\u00e1 habilitada desde el 07 de julio al <del>06 de agosto<\/del>. <span style=\"color: #ff0000;\">La nueva fecha l\u00edmite es el domingo 29 de agosto de 2021.<\/span><br \/><\/strong><\/p><h5>Costos de inscripci\u00f3n<\/h5><p>Las y los estudiantes socias\/os de AFA <strong>no tienen que abonar inscripci\u00f3n.<\/strong><\/p><h5 id=\"cofirmacion-datos-estudiantes-socios\">Confirmaci\u00f3n inscripci\u00f3n<\/h5><p>Una vez efectuada la inscripci\u00f3n a trav\u00e9s de la <em>Intranet de AFA<\/em>, deber\u00e1s corroborar tus datos completando <a href=\"https:\/\/forms.gle\/8H1gK9DY5x68D8JT8\" target=\"_blank\" rel=\"noopener\"><strong>este formulario online<\/strong><\/a> (<span style=\"text-decoration: underline;\">advertencia<\/span>: deber\u00e1s completarlo desde una cuenta de <em>gmail<\/em>). De no hacerlo, no se podr\u00e1 habilitar tu participaci\u00f3n.<\/p>\t\t\t\t\t\t<\/div>\n\t\t\t\t<\/div>\n\t\t\t\t\t<\/div>\n\t\t<\/div>\n\t\t\t\t\t\t\t<\/div>\n\t\t<\/section>\n\t\t\t\t\t\t<\/div>\n\t\t\t\t\t<\/div>\n\t\t","protected":false},"excerpt":{"rendered":"<p>INSCRIPCI\u00d3N EN INTRANET DE AFA COMPLETAR FORMULARIO WEB La inscripci\u00f3n electr\u00f3nica es obligatoria para cada participante y se realizar\u00e1 exclusivamente a trav\u00e9s de la Intranet de AFA. Como no hemos&hellip;&nbsp;<a href=\"http:\/\/rafa.fisica.org.ar\/en\/inscripcion\/inscripcion-estudiantes\/\" class=\"\" rel=\"bookmark\">Read More &raquo;<span class=\"screen-reader-text\">Inscripci\u00f3n Estudiantes Socias\/os<\/span><\/a><\/p>\n","protected":false},"author":2,"featured_media":0,"parent":186,"menu_order":0,"comment_status":"closed","ping_status":"closed","template":"","meta":{"neve_meta_sidebar":"","neve_meta_container":"","neve_meta_enable_content_width":"off","neve_meta_content_width":0,"neve_meta_title_alignment":"","neve_meta_author_avatar":"","neve_post_elements_order":"","neve_meta_disable_header":"","neve_meta_disable_footer":"","neve_meta_disable_title":"","_ti_tpc_template_sync":false,"_ti_tpc_template_id":"","footnotes":""},"class_list":["post-202","page","type-page","status-publish","hentry"],"_links":{"self":[{"href":"http:\/\/rafa.fisica.org.ar\/en\/wp-json\/wp\/v2\/pages\/202","targetHints":{"allow":["GET"]}}],"collection":[{"href":"http:\/\/rafa.fisica.org.ar\/en\/wp-json\/wp\/v2\/pages"}],"about":[{"href":"http:\/\/rafa.fisica.org.ar\/en\/wp-json\/wp\/v2\/types\/page"}],"author":[{"embeddable":true,"href":"http:\/\/rafa.fisica.org.ar\/en\/wp-json\/wp\/v2\/users\/2"}],"replies":[{"embeddable":true,"href":"http:\/\/rafa.fisica.org.ar\/en\/wp-json\/wp\/v2\/comments?post=202"}],"version-history":[{"count":65,"href":"http:\/\/rafa.fisica.org.ar\/en\/wp-json\/wp\/v2\/pages\/202\/revisions"}],"predecessor-version":[{"id":2184,"href":"http:\/\/rafa.fisica.org.ar\/en\/wp-json\/wp\/v2\/pages\/202\/revisions\/2184"}],"up":[{"embeddable":true,"href":"http:\/\/rafa.fisica.org.ar\/en\/wp-json\/wp\/v2\/pages\/186"}],"wp:attachment":[{"href":"http:\/\/rafa.fisica.org.ar\/en\/wp-json\/wp\/v2\/media?parent=202"}],"curies":[{"name":"wp","href":"https:\/\/api.w.org\/{rel}","templated":true}]}}