{"id":212,"date":"2021-06-14T19:57:48","date_gmt":"2021-06-14T19:57:48","guid":{"rendered":"http:\/\/rafa.fisica.org.ar\/?page_id=212"},"modified":"2021-08-25T18:57:51","modified_gmt":"2021-08-25T18:57:51","slug":"miembros-de-otras-asociaciones","status":"publish","type":"page","link":"http:\/\/rafa.fisica.org.ar\/en\/inscripcion\/miembros-de-otras-asociaciones\/","title":{"rendered":"Miembros de otras asociaciones"},"content":{"rendered":"\t\t<div data-elementor-type=\"wp-page\" data-elementor-id=\"212\" class=\"elementor elementor-212\" data-elementor-settings=\"[]\">\n\t\t\t\t\t\t\t<div class=\"elementor-section-wrap\">\n\t\t\t\t\t\t\t<section class=\"elementor-section elementor-top-section elementor-element elementor-element-b83e901 elementor-section-boxed elementor-section-height-default elementor-section-height-default\" data-id=\"b83e901\" data-element_type=\"section\" data-settings=\"{&quot;background_background&quot;:&quot;classic&quot;}\">\n\t\t\t\t\t\t<div class=\"elementor-container elementor-column-gap-default\">\n\t\t\t\t\t<div class=\"elementor-column elementor-col-33 elementor-top-column elementor-element elementor-element-877a397\" data-id=\"877a397\" data-element_type=\"column\">\n\t\t\t<div class=\"elementor-widget-wrap elementor-element-populated\">\n\t\t\t\t\t\t\t\t<div class=\"elementor-element elementor-element-d6ad6db elementor-invisible elementor-widget elementor-widget-image\" data-id=\"d6ad6db\" data-element_type=\"widget\" data-settings=\"{&quot;_animation&quot;:&quot;zoomIn&quot;}\" data-widget_type=\"image.default\">\n\t\t\t\t<div class=\"elementor-widget-container\">\n\t\t\t\t\t\t\t\t\t\t\t\t<figure class=\"wp-caption\">\n\t\t\t\t\t\t\t\t\t\t\t<a href=\"#registro-otras-asociaciones\">\n\t\t\t\t\t\t\t<img loading=\"lazy\" decoding=\"async\" width=\"150\" height=\"150\" src=\"http:\/\/rafa.fisica.org.ar\/wp-content\/uploads\/2021\/07\/numero_uno_y-150x150.png\" class=\"attachment-thumbnail size-thumbnail\" alt=\"\" srcset=\"http:\/\/rafa.fisica.org.ar\/wp-content\/uploads\/2021\/07\/numero_uno_y-150x150.png 150w, http:\/\/rafa.fisica.org.ar\/wp-content\/uploads\/2021\/07\/numero_uno_y.png 300w, http:\/\/rafa.fisica.org.ar\/wp-content\/uploads\/2021\/07\/numero_uno_y-100x100.png 100w\" sizes=\"auto, (max-width: 150px) 100vw, 150px\" \/>\t\t\t\t\t\t\t\t<\/a>\n\t\t\t\t\t\t\t\t\t\t\t<figcaption class=\"widget-image-caption wp-caption-text\">REGISTRO EN INTRANET DE AFA<\/figcaption>\n\t\t\t\t\t\t\t\t\t\t<\/figure>\n\t\t\t\t\t\t\t\t\t<\/div>\n\t\t\t\t<\/div>\n\t\t\t\t\t<\/div>\n\t\t<\/div>\n\t\t\t\t<div class=\"elementor-column elementor-col-33 elementor-top-column elementor-element elementor-element-02e877a\" data-id=\"02e877a\" data-element_type=\"column\">\n\t\t\t<div class=\"elementor-widget-wrap elementor-element-populated\">\n\t\t\t\t\t\t\t\t<div class=\"elementor-element elementor-element-66089fa elementor-invisible elementor-widget elementor-widget-image\" data-id=\"66089fa\" data-element_type=\"widget\" data-settings=\"{&quot;_animation&quot;:&quot;zoomIn&quot;,&quot;_animation_delay&quot;:1000}\" data-widget_type=\"image.default\">\n\t\t\t\t<div class=\"elementor-widget-container\">\n\t\t\t\t\t\t\t\t\t\t\t\t<figure class=\"wp-caption\">\n\t\t\t\t\t\t\t\t\t\t\t<a href=\"#pago-otras-asociaciones\">\n\t\t\t\t\t\t\t<img loading=\"lazy\" decoding=\"async\" width=\"150\" height=\"150\" src=\"http:\/\/rafa.fisica.org.ar\/wp-content\/uploads\/2021\/07\/numero_dos_y-150x150.png\" class=\"attachment-thumbnail size-thumbnail\" alt=\"\" srcset=\"http:\/\/rafa.fisica.org.ar\/wp-content\/uploads\/2021\/07\/numero_dos_y-150x150.png 150w, http:\/\/rafa.fisica.org.ar\/wp-content\/uploads\/2021\/07\/numero_dos_y.png 300w, http:\/\/rafa.fisica.org.ar\/wp-content\/uploads\/2021\/07\/numero_dos_y-100x100.png 100w\" sizes=\"auto, (max-width: 150px) 100vw, 150px\" \/>\t\t\t\t\t\t\t\t<\/a>\n\t\t\t\t\t\t\t\t\t\t\t<figcaption class=\"widget-image-caption wp-caption-text\">PAGO INSCRIPCI\u00d3N<\/figcaption>\n\t\t\t\t\t\t\t\t\t\t<\/figure>\n\t\t\t\t\t\t\t\t\t<\/div>\n\t\t\t\t<\/div>\n\t\t\t\t\t<\/div>\n\t\t<\/div>\n\t\t\t\t<div class=\"elementor-column elementor-col-33 elementor-top-column elementor-element elementor-element-50d73c3\" data-id=\"50d73c3\" data-element_type=\"column\">\n\t\t\t<div class=\"elementor-widget-wrap elementor-element-populated\">\n\t\t\t\t\t\t\t\t<div class=\"elementor-element elementor-element-0d785f6 elementor-invisible elementor-widget elementor-widget-image\" data-id=\"0d785f6\" data-element_type=\"widget\" data-settings=\"{&quot;_animation&quot;:&quot;zoomIn&quot;,&quot;_animation_delay&quot;:2000}\" data-widget_type=\"image.default\">\n\t\t\t\t<div class=\"elementor-widget-container\">\n\t\t\t\t\t\t\t\t\t\t\t\t<figure class=\"wp-caption\">\n\t\t\t\t\t\t\t\t\t\t\t<a href=\"#confirmacion-otras-asociaciones\">\n\t\t\t\t\t\t\t<img loading=\"lazy\" decoding=\"async\" width=\"150\" height=\"150\" src=\"http:\/\/rafa.fisica.org.ar\/wp-content\/uploads\/2021\/07\/numero_tres_y-150x150.png\" class=\"attachment-thumbnail size-thumbnail\" alt=\"\" srcset=\"http:\/\/rafa.fisica.org.ar\/wp-content\/uploads\/2021\/07\/numero_tres_y-150x150.png 150w, http:\/\/rafa.fisica.org.ar\/wp-content\/uploads\/2021\/07\/numero_tres_y.png 300w, http:\/\/rafa.fisica.org.ar\/wp-content\/uploads\/2021\/07\/numero_tres_y-100x100.png 100w\" sizes=\"auto, (max-width: 150px) 100vw, 150px\" \/>\t\t\t\t\t\t\t\t<\/a>\n\t\t\t\t\t\t\t\t\t\t\t<figcaption class=\"widget-image-caption wp-caption-text\">COMPLETAR FORMULARIO WEB<\/figcaption>\n\t\t\t\t\t\t\t\t\t\t<\/figure>\n\t\t\t\t\t\t\t\t\t<\/div>\n\t\t\t\t<\/div>\n\t\t\t\t\t<\/div>\n\t\t<\/div>\n\t\t\t\t\t\t\t<\/div>\n\t\t<\/section>\n\t\t\t\t<section class=\"elementor-section elementor-top-section elementor-element elementor-element-3c89cf4a elementor-section-boxed elementor-section-height-default elementor-section-height-default\" data-id=\"3c89cf4a\" data-element_type=\"section\">\n\t\t\t\t\t\t<div class=\"elementor-container elementor-column-gap-default\">\n\t\t\t\t\t<div class=\"elementor-column elementor-col-100 elementor-top-column elementor-element elementor-element-123075e0\" data-id=\"123075e0\" data-element_type=\"column\">\n\t\t\t<div class=\"elementor-widget-wrap elementor-element-populated\">\n\t\t\t\t\t\t\t\t<div class=\"elementor-element elementor-element-23495971 elementor-widget elementor-widget-text-editor\" data-id=\"23495971\" data-element_type=\"widget\" data-widget_type=\"text-editor.default\">\n\t\t\t\t<div class=\"elementor-widget-container\">\n\t\t\t\t\t\t\t<p id=\"registro-otras-asociaciones\">La <strong>inscripci\u00f3n electr\u00f3nica es obligatoria<\/strong> para cada participante y <strong>se realizar\u00e1 exclusivamente a trav\u00e9s de la <em>Intranet de AFA<\/em><\/strong>.<\/p><ul><li style=\"list-style-type: none;\"><ul><li>Si sos socia\/o activa\/o de una de las asociaciones que tienen convenios con la AFA y participaste de una RAFA anteriormente: ten\u00e9s una cuenta personal en la <a href=\"http:\/\/sistema.fisica.org.ar\/\" target=\"_blank\" rel=\"noopener\">Intranet<\/a> de la asociaci\u00f3n a trav\u00e9s de la cual deber\u00e1s inscribirte y enviar el resumen de tu trabajo.<br \/>Si ten\u00e9s presente tu nombre de <em>usuaria\/o<\/em> y <em>contrase\u00f1a<\/em> entr\u00e1 directamente a la <a href=\"http:\/\/sistema.fisica.org.ar\/\" target=\"_blank\" rel=\"noopener\">Intranet<\/a>, complet\u00e1 tus datos personales y laborales (sin los cuales no podr\u00e1s inscribirte) y visit\u00e1 la <strong>pesta\u00f1a RNF<\/strong> donde encontrar\u00e1s las instrucciones finales para completar tu inscripci\u00f3n electr\u00f3nica.<br \/>Si deseas consultar si ya ten\u00e9s una cuenta en <em>Intranet AFA<\/em> entr\u00e1 en <a href=\"http:\/\/sistema.fisica.org.ar\/search_me\/\" target=\"_blank\" rel=\"noopener\">buscar cuenta<\/a>.<br \/>Si sab\u00e9s que ten\u00e9s una cuenta pero no record\u00e1s tu <em>Nombre de Usuaria\/o<\/em> y <em>contrase\u00f1a<\/em>, descubr\u00edlos en <a href=\"http:\/\/sistema.fisica.org.ar\/password_reset\/\" target=\"_blank\" rel=\"noopener\">recuperar tu informaci\u00f3n<\/a>.<\/li><\/ul><\/li><\/ul><ul><li style=\"list-style-type: none;\"><ul><li>La Asociaci\u00f3n F\u00edsica Argentina tiene convenios con:<\/li><\/ul><\/li><\/ul><p style=\"padding-left: 80px;\"><strong><span class=\"collapseomatic \" id=\"id69e696f46d11f\"  tabindex=\"0\" title=\"Convenios Nacionales\"    >Convenios Nacionales<\/span><div id=\"target-id69e696f46d11f\" class=\"collapseomatic_content \"><\/strong><\/p><p style=\"padding-left: 80px;\">\u2022 AAA &#8211; Asociaci\u00f3n Argentina de Astronom\u00eda<br \/>\u2022 AAIFQ &#8211; Asociaci\u00f3n Argentina de Investigaciones Fisicoqu\u00edmicas<br \/>\u2022 APFA &#8211; Asociaci\u00f3n de Profesores de F\u00edsica de la Argentina<br \/>\u2022 UMA &#8211; Uni\u00f3n Matem\u00e1tica Argentina<\/div><\/p><p style=\"padding-left: 80px;\"><strong><span class=\"collapseomatic \" id=\"id69e696f46d159\"  tabindex=\"0\" title=\"Convenios Internacionales\"    >Convenios Internacionales<\/span><div id=\"target-id69e696f46d159\" class=\"collapseomatic_content \"><\/strong><\/p><p style=\"padding-left: 80px;\">\u2022 APS &#8211; American Physical Society<br \/>\u2022 FEIASOFI &#8211; Federaci\u00f3n Iberoamericana de Sociedades de F\u00edsica<br \/>\u2022 IoP &#8211; Institute of Physics<br \/>\u2022 RSEF &#8211; Real Sociedad Espa\u00f1ola de F\u00edsica<br \/>\u2022 SBF &#8211; Sociedade Brasileira de F\u00edsica<\/div><\/p><p style=\"padding-left: 80px;\"><strong><span class=\"collapseomatic \" id=\"id69e696f46d170\"  tabindex=\"0\" title=\"Acuerdos informales\"    >Acuerdos informales<\/span><div id=\"target-id69e696f46d170\" class=\"collapseomatic_content \"><\/strong><\/p><p style=\"padding-left: 80px;\">\u2022 ASAMACI &#8211; Asociaci\u00f3n Argentina de Matem\u00e1tica Aplicada, Computacional e Industrial<br \/>\u2022 SAB &#8211; Sociedad Argentina de Biof\u00edsica<br \/>\u2022 SAFIM &#8211; Sociedad Argentina de F\u00edsica M\u00e9dica<\/div><\/p><p style=\"padding-left: 40px;\"><strong>Si tu asocaci\u00f3n no figura en el listado anterior, deber\u00e1s inscribirte como no socia\/o.<\/strong><\/p><ul><li style=\"list-style-type: none;\"><ul><li>Si sos miembro de algunas de las asociaciones nombradas y no participaste de RAFAS anteriores, entr\u00e1 a <a href=\"http:\/\/sistema.fisica.org.ar\/register\/\" target=\"_blank\" rel=\"noopener\">registrarse en la reuni\u00f3n<\/a>.<\/li><\/ul><\/li><\/ul><p>S\u00f3lo si todo esto fracasa, contactanos a trav\u00e9s del correo electr\u00f3nico <a href=\"mailto:secretaria@fisica.org.ar\">secretaria@fisica.org.ar<\/a>.<\/p><p style=\"text-align: center;\"><strong>No se aceptar\u00e1n inscripciones durante la reuni\u00f3n.<\/strong><\/p><h5>Env\u00edo de trabajos<\/h5><p>Una vez que hayas finalizado la inscripci\u00f3n podr\u00e1s enviar el resumen de tus trabajos, los cuales deber\u00e1s subir desde tu cuenta de <em>Intranet AFA<\/em>. Te recordamos que deber\u00e1s elegir un \u00e1rea tem\u00e1tica (clasificaci\u00f3n) para cada trabajo. Tambi\u00e9n tendr\u00e1s la posibilidad de solicitar que el mismo sea presentado en forma de <em>charla de divisi\u00f3n<\/em>; para ello, deber\u00e1s indicar en cual de ellas quisieras dar la charla. Cada divisi\u00f3n, a trav\u00e9s de su comisi\u00f3n, escoger\u00e1 los trabajos que ir\u00e1n a las sesiones orales; esta decisi\u00f3n ser\u00e1 comunicada oportunamente.<\/p><p>Los trabajos que no sean seleccionados para las sesiones orales, se expondr\u00e1n en forma de p\u00f3ster de acuerdo a la clasificaci\u00f3n tem\u00e1tica inicial.<\/p><p><img loading=\"lazy\" decoding=\"async\" class=\"aligncenter wp-image-1285 size-full\" src=\"http:\/\/rafa.fisica.org.ar\/wp-content\/uploads\/2021\/07\/rect6819-6-1-3-7-5.png\" alt=\"\" width=\"1501\" height=\"1278\" srcset=\"http:\/\/rafa.fisica.org.ar\/wp-content\/uploads\/2021\/07\/rect6819-6-1-3-7-5.png 1501w, http:\/\/rafa.fisica.org.ar\/wp-content\/uploads\/2021\/07\/rect6819-6-1-3-7-5-300x255.png 300w, http:\/\/rafa.fisica.org.ar\/wp-content\/uploads\/2021\/07\/rect6819-6-1-3-7-5-1024x872.png 1024w, http:\/\/rafa.fisica.org.ar\/wp-content\/uploads\/2021\/07\/rect6819-6-1-3-7-5-768x654.png 768w, http:\/\/rafa.fisica.org.ar\/wp-content\/uploads\/2021\/07\/rect6819-6-1-3-7-5-600x511.png 600w\" sizes=\"auto, (max-width: 1501px) 100vw, 1501px\" \/><\/p><h5>Fecha l\u00edmite<\/h5><p>La <em>inscripci\u00f3n electr\u00f3nica<\/em> y la <em>recepci\u00f3n de res\u00famenes<\/em> <strong>estar\u00e1 habilitada desde el 07 de julio al <del>06 de agosto<\/del>. <span style=\"color: #ff0000;\">La nueva fecha l\u00edmite es el domingo 29 de agosto de 2021.<\/span><br \/><\/strong><\/p><h5 id=\"pago-otras-asociaciones\">Costos de inscripci\u00f3n<\/h5><p>El costo de inscripci\u00f3n es el mismo que para socias\/os activas\/os de AFA: <strong>$ 500,00<\/strong> (pesos quinientos).<\/p><h5>Forma de pago<\/h5><p>La tasa de inscripci\u00f3n se deber\u00e1 pagar <strong>exclusivamente por transferencia bancaria<\/strong>.<\/p><p>Recomendamos que se realicen <strong>transferencias individuales<\/strong> para facilitar la facturaci\u00f3n. En el formulario de confirmaci\u00f3n de la inscripci\u00f3n, se solicitan los datos necesarios para una correcta emisi\u00f3n de la factura.<\/p><h6 style=\"padding-left: 40px;\">Transferencia bancaria<\/h6><p style=\"padding-left: 40px;\">Se deber\u00e1 hacer una transferencia bancaria a nuestra cuenta, cuyos datos son:<\/p><p style=\"padding-left: 80px;\">Asociaci\u00f3n F\u00edsica Argentina<br \/>Cuenta Corriente Especial en Pesos Nro. 9345-9 172-2<br \/>Banco Galicia &#8211; Sucursal La Plata<br \/>Clave Bancaria Uniforme (CBU) 00701729-20000009345920<br \/>CUIT 30-64930017-4<\/p><h5 id=\"confirmacion-otras-asociaciones\">Confirmaci\u00f3n de inscripci\u00f3n<\/h5><p>Una vez efectuada la inscripci\u00f3n a trav\u00e9s de la Intranet de AFA y realizada la transferencia para cubrir el costo de inscripci\u00f3n, deber\u00e1s informar el pago a los organizadores completando <a href=\"https:\/\/forms.gle\/EdAX9XpB4HArxNra9\" target=\"_blank\" rel=\"noopener\"><strong>este formulario <em>online<\/em><\/strong><\/a> (<span style=\"text-decoration: underline;\">advertencia<\/span>: deber\u00e1s completarlo desde una cuenta de <em>gmail<\/em>). De no hacerlo, no se podr\u00e1 habilitar tu participaci\u00f3n.<\/p><p>En el formulario deber\u00e1s indicar claramente tu nombre, CUIL\/CUIT y adjuntar un archivo (.pdf) con la copia digitalizada del comprobante de transferencia y otro con el comprobante de que est\u00e1s al d\u00eda con las cuotas en tu asociaci\u00f3n de origen. En la direcci\u00f3n de correo electr\u00f3nico que se solicita al comienzo del formulario, recibir\u00e1s una copia de los datos consignados en \u00e9l y, posteriormente, la <strong>factura digital<\/strong> a tu nombre <strong>emitida por AFA central<\/strong>.<\/p>\t\t\t\t\t\t<\/div>\n\t\t\t\t<\/div>\n\t\t\t\t\t<\/div>\n\t\t<\/div>\n\t\t\t\t\t\t\t<\/div>\n\t\t<\/section>\n\t\t\t\t\t\t<\/div>\n\t\t\t\t\t<\/div>\n\t\t","protected":false},"excerpt":{"rendered":"<p>REGISTRO EN INTRANET DE AFA PAGO INSCRIPCI\u00d3N COMPLETAR FORMULARIO WEB La inscripci\u00f3n electr\u00f3nica es obligatoria para cada participante y se realizar\u00e1 exclusivamente a trav\u00e9s de la Intranet de AFA. Si&hellip;&nbsp;<a href=\"http:\/\/rafa.fisica.org.ar\/en\/inscripcion\/miembros-de-otras-asociaciones\/\" class=\"\" rel=\"bookmark\">Read More &raquo;<span class=\"screen-reader-text\">Miembros de otras asociaciones<\/span><\/a><\/p>\n","protected":false},"author":2,"featured_media":0,"parent":186,"menu_order":0,"comment_status":"closed","ping_status":"closed","template":"","meta":{"neve_meta_sidebar":"","neve_meta_container":"","neve_meta_enable_content_width":"","neve_meta_content_width":0,"neve_meta_title_alignment":"","neve_meta_author_avatar":"","neve_post_elements_order":"","neve_meta_disable_header":"","neve_meta_disable_footer":"","neve_meta_disable_title":"","_ti_tpc_template_sync":false,"_ti_tpc_template_id":"","footnotes":""},"class_list":["post-212","page","type-page","status-publish","hentry"],"_links":{"self":[{"href":"http:\/\/rafa.fisica.org.ar\/en\/wp-json\/wp\/v2\/pages\/212","targetHints":{"allow":["GET"]}}],"collection":[{"href":"http:\/\/rafa.fisica.org.ar\/en\/wp-json\/wp\/v2\/pages"}],"about":[{"href":"http:\/\/rafa.fisica.org.ar\/en\/wp-json\/wp\/v2\/types\/page"}],"author":[{"embeddable":true,"href":"http:\/\/rafa.fisica.org.ar\/en\/wp-json\/wp\/v2\/users\/2"}],"replies":[{"embeddable":true,"href":"http:\/\/rafa.fisica.org.ar\/en\/wp-json\/wp\/v2\/comments?post=212"}],"version-history":[{"count":100,"href":"http:\/\/rafa.fisica.org.ar\/en\/wp-json\/wp\/v2\/pages\/212\/revisions"}],"predecessor-version":[{"id":2190,"href":"http:\/\/rafa.fisica.org.ar\/en\/wp-json\/wp\/v2\/pages\/212\/revisions\/2190"}],"up":[{"embeddable":true,"href":"http:\/\/rafa.fisica.org.ar\/en\/wp-json\/wp\/v2\/pages\/186"}],"wp:attachment":[{"href":"http:\/\/rafa.fisica.org.ar\/en\/wp-json\/wp\/v2\/media?parent=212"}],"curies":[{"name":"wp","href":"https:\/\/api.w.org\/{rel}","templated":true}]}}