{"id":2244,"date":"2021-09-01T18:54:28","date_gmt":"2021-09-01T18:54:28","guid":{"rendered":"http:\/\/rafa.fisica.org.ar\/?page_id=2244"},"modified":"2021-09-03T22:52:07","modified_gmt":"2021-09-03T22:52:07","slug":"prof-dra-petra-rudolf","status":"publish","type":"page","link":"http:\/\/rafa.fisica.org.ar\/en\/programa\/charlas-plenarias\/prof-dra-petra-rudolf\/","title":{"rendered":"Prof. Dra. Petra Rudolf"},"content":{"rendered":"\t\t<div data-elementor-type=\"wp-page\" data-elementor-id=\"2244\" class=\"elementor elementor-2244\" data-elementor-settings=\"[]\">\n\t\t\t\t\t\t\t<div class=\"elementor-section-wrap\">\n\t\t\t\t\t\t\t<section class=\"elementor-section elementor-top-section elementor-element elementor-element-115b95e elementor-section-boxed elementor-section-height-default elementor-section-height-default\" data-id=\"115b95e\" data-element_type=\"section\" data-settings=\"{&quot;shape_divider_bottom&quot;:&quot;mountains&quot;}\">\n\t\t\t\t\t<div class=\"elementor-shape elementor-shape-bottom\" data-negative=\"false\">\n\t\t\t<svg xmlns=\"http:\/\/www.w3.org\/2000\/svg\" viewBox=\"0 0 1000 100\" preserveAspectRatio=\"none\">\n\t<path class=\"elementor-shape-fill\" opacity=\"0.33\" d=\"M473,67.3c-203.9,88.3-263.1-34-320.3,0C66,119.1,0,59.7,0,59.7V0h1000v59.7 c0,0-62.1,26.1-94.9,29.3c-32.8,3.3-62.8-12.3-75.8-22.1C806,49.6,745.3,8.7,694.9,4.7S492.4,59,473,67.3z\"\/>\n\t<path class=\"elementor-shape-fill\" opacity=\"0.66\" d=\"M734,67.3c-45.5,0-77.2-23.2-129.1-39.1c-28.6-8.7-150.3-10.1-254,39.1 s-91.7-34.4-149.2,0C115.7,118.3,0,39.8,0,39.8V0h1000v36.5c0,0-28.2-18.5-92.1-18.5C810.2,18.1,775.7,67.3,734,67.3z\"\/>\n\t<path class=\"elementor-shape-fill\" d=\"M766.1,28.9c-200-57.5-266,65.5-395.1,19.5C242,1.8,242,5.4,184.8,20.6C128,35.8,132.3,44.9,89.9,52.5C28.6,63.7,0,0,0,0 h1000c0,0-9.9,40.9-83.6,48.1S829.6,47,766.1,28.9z\"\/>\n<\/svg>\t\t<\/div>\n\t\t\t\t\t<div class=\"elementor-container elementor-column-gap-default\">\n\t\t\t\t\t<div class=\"elementor-column elementor-col-100 elementor-top-column elementor-element elementor-element-e034720\" data-id=\"e034720\" data-element_type=\"column\">\n\t\t\t<div class=\"elementor-widget-wrap elementor-element-populated\">\n\t\t\t\t\t\t\t\t<div class=\"elementor-element elementor-element-dcfe53a elementor-widget elementor-widget-text-editor\" data-id=\"dcfe53a\" data-element_type=\"widget\" data-widget_type=\"text-editor.default\">\n\t\t\t\t<div class=\"elementor-widget-container\">\n\t\t\t\t\t\t\t<p><img loading=\"lazy\" decoding=\"async\" class=\"alignright\" src=\"http:\/\/rafa.fisica.org.ar\/wp-content\/uploads\/2021\/08\/petra_rudolf-300x300.jpg\" alt=\"\" width=\"300\" height=\"300\" \/>Experimental Solid State Physics, Surface Science, Electron spectroscopy, organic thin films, molecular switches and motors, organic-inorganic hybrids, 2D solids<\/p><h6>Field\/Discipline<\/h6><p style=\"padding-left: 40px;\">\u25cf <a href=\"https:\/\/www.rug.nl\/staff\/disciplines?discipline=Physics%2C+Condensed+Matter\" target=\"_blank\" rel=\"noopener\">Physics, Condensed Matter<\/a> <br \/>\u25cf <a href=\"https:\/\/www.rug.nl\/staff\/disciplines?discipline=Materials+Science%2C+Multidisciplinary\" target=\"_blank\" rel=\"noopener\">Materials Science, Multidisciplinary<\/a> <br \/>\u25cf <a href=\"https:\/\/www.rug.nl\/staff\/disciplines?discipline=Nanoscience+%26+Nanotechnology\" target=\"_blank\" rel=\"noopener\">Nanoscience &amp; Nanotechnology<\/a><\/p><h6>Other positions<\/h6><p>Member audit committee Applied Physics programmes TU Delft, TU Einhoven and University of Twente (2021); Evaluation panel member abroad: the Portuguese Foundation for Science and Technology (FCT) 2020 and the Hellenic Foundation for Research and Innovation, 2018-2021; Member of the International Advisory Committee for the African Strategy of Fundamental and Applied Physics of the African Academy of Science since 2020; Member of the Scientific Advisory Committees of the Max Planck Institute Structure and Dynamics of Matter, Hamburg 2020-2026; the SOLARIS National Synchrotron Radiation Centre, Krak\u00f3w, since 2018; the Centre of Advanced Materials, Heidelberg University, since 2017; the HFML-FELIX Collaborative Alliance (2020-2023).<\/p><p>Prof. Rudolf specialised in Solid State Physics during her university studies. As research fellow she moved into the field of Surface Physics. She has been interested in different aspects of surface analysis (electronic structure with direct and inverse photoemission spectroscopy, electron energy loss, X-ray absorption and autoionisation spectroscopies; vibrational properties of adsorbed atoms and molecules by high resolution electron energy loss and infrared spectroscopies, surface crystalline structure by low energy electron diffraction and scanning tunnelling microscopy). Very recently she has also focused on time-resolved electron diffraction studies. Petra Rudolf has extensively used synchrotron radiation techniques. Her main research interests have been catalytic reactions at metal surfaces, adsorption of alkali metals on metallic, semiconducting and semimetallic surfaces, adsorption and self-assembly on surfaces of supramolecular architectures such as catenanes and rotaxanes, and the characterisation of clay nanocomposites and of ultrathin films of fullerene-based materials. Over the recent years her research interest has been divided between synthetic molecular motors and switches on surfaces to create new functional surfaces that harness and reveal mechanical motion at the single molecule level and at the macroscopic scale, organic thin films for molecular electronic applications, organic-inorganic hybrid thin films and (pillared) graphene for spintronics, hydrogen storage, catalytic and biomedical applications as well as environmental remediation.<\/p><h6>Education<\/h6><p style=\"padding-left: 40px;\"><b>1995 Doctorat en Sciences<\/b> &#8211; groupe des Sciences Physiques [PhD in physics] plus grande distinction avec f\u00e9licitations du jury (summa cum laude), supervisor: Prof. Roland Caudano, University of Namur, Belgium Thesis title: <i>&#8220;Structural, vibrational and electronic properties of ultrathin C60 films on metallic substrates&#8221;<\/i>.<br \/><b>1987 Laurea in Fisica<\/b> [equivalent to MSc in Physics] 110\/110 con lode (<i>summa cum laude<\/i>), supervisor: Prof. Andrea Frova, Universit\u00e0 degli Studi di Roma &#8220;La Sapienza&#8221;, Rome, Italy, Thesis title:<i> &#8220;Silicio amorfo idrogenato depositato mediante fasci ionici&#8221;<\/i> (Hydrogenated amorphous silicon deposited by ion beams).<\/p><h6>Professional Positions<\/h6><p style=\"padding-left: 40px;\">\u25cf Feb\/20 \u2013 present Dean of Graduate Studies at University of Groningen (2 year half time mandate in addition to the academic tasks &amp; heading the Surfaces and Thin Films group at the Zernike Institute for Advanced Materials)<br \/>\u25cf 2014-2018 Director of the Graduate School of Science and Engineering at the University of Groningen (4-year mandate full time, in addition to the academic tasks &amp; heading the Surfaces and Thin Films group at the Zernike Institute for Advanced Materials)<br \/>\u25cf 2003-2014 Full Professor and since 2014 Senior Full Professor of Experimental Solid State Physics at the Zernike Institute for Advanced Materials, University of Groningen, The Netherlands (tenure position)<br \/>\u25cf 2003-08 Editor-in-Chief of the European Physical Journal B (part-time in addition to teaching and research duties at the University of Groningen)<br \/>\u25cf 2002-03 Consultant to the European Commission (DGXII) for assistance and monitoring of contracts in Materials Science (part-time, in addition to teaching and research duties at the Facult\u00e9s Universitaires Notre-Dame de la Paix de Namur and at the Materials Science Centre, University of Groningen)<br \/>\u25cf 2002-03 Chef de travaux, Ma\u00eetre de Conf\u00e9rences (tenure position), 1998-2002 Premier assistant, Ma\u00eetre de Conf\u00e9rences (tenure position) and 1997-98 Assistant, Ma\u00eetre de Conf\u00e9rences at the Physics Department of the Facult\u00e9s Universitaires Notre-Dame de la Paix de Namur.<br \/>\u25cf 1995-97 Senior research assistant of the National Fund for Scientific Research (Belgium) at the Laboratoire Interdisciplinaire de Spectroscopie Electroniques of the Facult\u00e9s Universitaires Notre-Dame de la Paix de Namur, from 1996 onwards Ma\u00eetre de Conf\u00e9rences.<br \/>\u25cf 1994-95 Senior research fellow at the at the Laboratoire Interdisciplinaire de Spectroscopie Electroniques Facult\u00e9s Universitaires Notre-Dame de la Paix de Namur, Belgium.<br \/>\u25cf 1991-93 Senior research fellow at the TASC-INFM laboratory, Trieste, Italy.<br \/>\u25cf 1990-91 Guest scientist at the AT&amp;T Bell Laboratories in the Soft-X-Ray Spectroscopy group working on the Dragon beamline at the National Synchrotron Light Source, Brookhaven, N.Y., U.S.A.<br \/>\u25cf 1989-1990 Research fellow at the TASC-INFM laboratory, Trieste, Italy.<br \/>\u25cf 1987-89 Research fellow of the AREA di Ricerca, Trieste, Italy, and, for the last four months, at the AT&amp;T Bell Laboratories in the Soft-X-Ray Spectroscopy group at the National Synchrotron Light Source, Brookhaven, U.S.A.<br \/>\u25cf 1987, Scientific collaborator of Dr. Carlo Coluzza and Prof. A. Bianconi, Universit\u00e0 degli Studi di Roma &#8220;La Sapienza&#8221;, Rome, Italy.<\/p><h6>Honours<\/h6><p style=\"padding-left: 40px;\">\u25cf 2020 Elected foreign corresponding member of the Academy of Sciences of the Institute of Bologna <br \/>\u25cf 2018 Elected President of the European Physical Society for the Biennium April 2019-April 2021.<br \/>\u25cf 2016 Elected member of the German National Academy of Sciences and Engineering (acatech)<br \/>\u25cf 2015 Elected member of the European Academy of Sciences and Arts<br \/>\u25cf Appointed Officer of the Order of Orange Nassau by H. M. Queen Beatrix of the Netherlands (2013)<br \/>\u25cf Fellow of the American Physical Society (2010) and of the Institute of Physics (2001); Lid van verdienst of the Dutch Physical Society (2006); Socio Benemerito of the Italian Physical Society (2018)<br \/>\u25cf 2007 EU DESCARTES Prize for the work on Molecular Machines<br \/>\u25cf 2008 Professeur Invit\u00e9 of the Institut Universitaire de France<br \/>\u25cf 2000 &#8211; 2001 President of the Belgian Physical Society<\/p><h6>Services\/Management tasks (mainly activities in last 5 years)<\/h6><p style=\"padding-left: 40px;\">\u25cf Editor of Surface Science Reports (since 2019); member of the Editorial Board of Carbon Trends (since 2020); of La Rivista del Nuovo Cimento (since 2020), of Europhysics Letters (14\/18) and of the New Journal of Physics (11\/16), Chair of the Board of Directors of EPL since 2020; External Advisor of the European Physical Journal B since 2008.<br \/>\u25cf Member of the Executive Board of the Dutch Physics Council since 2020; Member of the Board of Directors of the Dutch Foundation for Fundamental Research on Matter (FOM, 11\/16); Member (04\/07) and Chairperson (07\/12) of the <a href=\"https:\/\/www.rug.nl\/zernike\/organisation\/board\" target=\"_blank\" rel=\"noopener\">Board of the Zernike Institute for Advanced Materials<\/a>; <br \/>\u25cf Chairperson of the Surface and Interface Section of the Condensed Matter Division of the European Physical Society (SIS-CMD-EPS) (10\/18); Chair of Board of the European Conferences on Surface Science (10\/18).<\/p><div>\u00a0<\/div><div>\u00a0<\/div>\t\t\t\t\t\t<\/div>\n\t\t\t\t<\/div>\n\t\t\t\t\t<\/div>\n\t\t<\/div>\n\t\t\t\t\t\t\t<\/div>\n\t\t<\/section>\n\t\t\t\t\t\t<\/div>\n\t\t\t\t\t<\/div>\n\t\t","protected":false},"excerpt":{"rendered":"<p>Experimental Solid State Physics, Surface Science, Electron spectroscopy, organic thin films, molecular switches and motors, organic-inorganic hybrids, 2D solids Field\/Discipline \u25cf Physics, Condensed Matter \u25cf Materials Science, Multidisciplinary \u25cf Nanoscience&hellip;&nbsp;<a href=\"http:\/\/rafa.fisica.org.ar\/en\/programa\/charlas-plenarias\/prof-dra-petra-rudolf\/\" class=\"\" rel=\"bookmark\">Read More &raquo;<span class=\"screen-reader-text\">Prof. Dra. Petra Rudolf<\/span><\/a><\/p>\n","protected":false},"author":2,"featured_media":0,"parent":2230,"menu_order":0,"comment_status":"closed","ping_status":"closed","template":"elementor_theme","meta":{"neve_meta_sidebar":"","neve_meta_container":"","neve_meta_enable_content_width":"off","neve_meta_content_width":100,"neve_meta_title_alignment":"","neve_meta_author_avatar":"","neve_post_elements_order":"","neve_meta_disable_header":"","neve_meta_disable_footer":"","neve_meta_disable_title":"","_ti_tpc_template_sync":false,"_ti_tpc_template_id":"","footnotes":""},"class_list":["post-2244","page","type-page","status-publish","hentry"],"_links":{"self":[{"href":"http:\/\/rafa.fisica.org.ar\/en\/wp-json\/wp\/v2\/pages\/2244","targetHints":{"allow":["GET"]}}],"collection":[{"href":"http:\/\/rafa.fisica.org.ar\/en\/wp-json\/wp\/v2\/pages"}],"about":[{"href":"http:\/\/rafa.fisica.org.ar\/en\/wp-json\/wp\/v2\/types\/page"}],"author":[{"embeddable":true,"href":"http:\/\/rafa.fisica.org.ar\/en\/wp-json\/wp\/v2\/users\/2"}],"replies":[{"embeddable":true,"href":"http:\/\/rafa.fisica.org.ar\/en\/wp-json\/wp\/v2\/comments?post=2244"}],"version-history":[{"count":29,"href":"http:\/\/rafa.fisica.org.ar\/en\/wp-json\/wp\/v2\/pages\/2244\/revisions"}],"predecessor-version":[{"id":2366,"href":"http:\/\/rafa.fisica.org.ar\/en\/wp-json\/wp\/v2\/pages\/2244\/revisions\/2366"}],"up":[{"embeddable":true,"href":"http:\/\/rafa.fisica.org.ar\/en\/wp-json\/wp\/v2\/pages\/2230"}],"wp:attachment":[{"href":"http:\/\/rafa.fisica.org.ar\/en\/wp-json\/wp\/v2\/media?parent=2244"}],"curies":[{"name":"wp","href":"https:\/\/api.w.org\/{rel}","templated":true}]}}