{"id":2335,"date":"2021-09-03T22:26:45","date_gmt":"2021-09-03T22:26:45","guid":{"rendered":"http:\/\/rafa.fisica.org.ar\/?page_id=2335"},"modified":"2021-09-03T22:32:16","modified_gmt":"2021-09-03T22:32:16","slug":"dr-pablo-daniel-mininni","status":"publish","type":"page","link":"http:\/\/rafa.fisica.org.ar\/en\/programa\/charlas-plenarias\/dr-pablo-daniel-mininni\/","title":{"rendered":"Dr. Pablo Daniel Mininni"},"content":{"rendered":"\t\t<div data-elementor-type=\"wp-page\" data-elementor-id=\"2335\" class=\"elementor elementor-2335\" data-elementor-settings=\"[]\">\n\t\t\t\t\t\t\t<div class=\"elementor-section-wrap\">\n\t\t\t\t\t\t\t<section class=\"elementor-section elementor-top-section elementor-element elementor-element-0c95109 elementor-section-boxed elementor-section-height-default elementor-section-height-default\" data-id=\"0c95109\" data-element_type=\"section\" data-settings=\"{&quot;shape_divider_bottom&quot;:&quot;mountains&quot;}\">\n\t\t\t\t\t<div class=\"elementor-shape elementor-shape-bottom\" data-negative=\"false\">\n\t\t\t<svg xmlns=\"http:\/\/www.w3.org\/2000\/svg\" viewBox=\"0 0 1000 100\" preserveAspectRatio=\"none\">\n\t<path class=\"elementor-shape-fill\" opacity=\"0.33\" d=\"M473,67.3c-203.9,88.3-263.1-34-320.3,0C66,119.1,0,59.7,0,59.7V0h1000v59.7 c0,0-62.1,26.1-94.9,29.3c-32.8,3.3-62.8-12.3-75.8-22.1C806,49.6,745.3,8.7,694.9,4.7S492.4,59,473,67.3z\"\/>\n\t<path class=\"elementor-shape-fill\" opacity=\"0.66\" d=\"M734,67.3c-45.5,0-77.2-23.2-129.1-39.1c-28.6-8.7-150.3-10.1-254,39.1 s-91.7-34.4-149.2,0C115.7,118.3,0,39.8,0,39.8V0h1000v36.5c0,0-28.2-18.5-92.1-18.5C810.2,18.1,775.7,67.3,734,67.3z\"\/>\n\t<path class=\"elementor-shape-fill\" d=\"M766.1,28.9c-200-57.5-266,65.5-395.1,19.5C242,1.8,242,5.4,184.8,20.6C128,35.8,132.3,44.9,89.9,52.5C28.6,63.7,0,0,0,0 h1000c0,0-9.9,40.9-83.6,48.1S829.6,47,766.1,28.9z\"\/>\n<\/svg>\t\t<\/div>\n\t\t\t\t\t<div class=\"elementor-container elementor-column-gap-default\">\n\t\t\t\t\t<div class=\"elementor-column elementor-col-100 elementor-top-column elementor-element elementor-element-6c55825\" data-id=\"6c55825\" data-element_type=\"column\">\n\t\t\t<div class=\"elementor-widget-wrap elementor-element-populated\">\n\t\t\t\t\t\t\t\t<div class=\"elementor-element elementor-element-279904e elementor-widget elementor-widget-text-editor\" data-id=\"279904e\" data-element_type=\"widget\" data-widget_type=\"text-editor.default\">\n\t\t\t\t<div class=\"elementor-widget-container\">\n\t\t\t\t\t\t\t<h6><img loading=\"lazy\" decoding=\"async\" class=\"alignright wp-image-2280\" src=\"http:\/\/rafa.fisica.org.ar\/wp-content\/uploads\/2021\/09\/pablo_mininni.jpg\" alt=\"\" width=\"300\" height=\"300\" \/>\u00c1rea de investigaci\u00f3n: Fluidos y plasmas<\/h6><p style=\"padding-left: 40px;\">\u25cf Fluidos<br \/>\u25cf Turbulencia<br \/>\u25cf Magnetohidrodin\u00e1mica<br \/>\u25cf Flujos rotantes<br \/>\u25cf Flujos estratificados<br \/>\u25cf Flujos atmosf\u00e9ricos<br \/>\u25cf Superfluidos<\/p><h6>Intereses<\/h6><p>Trabaja en el estudio num\u00e9rico y te\u00f3rico de flujos turbulentos, con aplicaciones en astrof\u00edsica, geof\u00edsica y ciencias de la atm\u00f3sfera. Su experiencia incluye el desarrollo de m\u00e9todos de paralelizaci\u00f3n para el estudio de din\u00e1mica de fluidos computacional, la aplicaci\u00f3n de m\u00e9todos estad\u00edsticos para la caracterizaci\u00f3n y el an\u00e1lisis de flujos turbulentos, el an\u00e1lisis espectral de fen\u00f3menos multi-escala y multi-f\u00edsica, y el modelado de subgrilla de flujos turbulentos. Las aplicaciones incluyen el ciclo solar y d\u00ednamos turbulentos, reconexi\u00f3n magn\u00e9tica, la turbulencia en flujos rotantes y estratificados, y la turbulencia en superfluidos. Recientemente tambi\u00e9n se interes\u00f3 en aspectos experimentales del problema aplicados a flujos geof\u00edsicos.<\/p><p>\u00a0<\/p>\t\t\t\t\t\t<\/div>\n\t\t\t\t<\/div>\n\t\t\t\t\t<\/div>\n\t\t<\/div>\n\t\t\t\t\t\t\t<\/div>\n\t\t<\/section>\n\t\t\t\t\t\t<\/div>\n\t\t\t\t\t<\/div>\n\t\t","protected":false},"excerpt":{"rendered":"<p>\u00c1rea de investigaci\u00f3n: Fluidos y plasmas \u25cf Fluidos\u25cf Turbulencia\u25cf Magnetohidrodin\u00e1mica\u25cf Flujos rotantes\u25cf Flujos estratificados\u25cf Flujos atmosf\u00e9ricos\u25cf Superfluidos Intereses Trabaja en el estudio num\u00e9rico y te\u00f3rico de flujos turbulentos, con aplicaciones&hellip;&nbsp;<a href=\"http:\/\/rafa.fisica.org.ar\/en\/programa\/charlas-plenarias\/dr-pablo-daniel-mininni\/\" class=\"\" rel=\"bookmark\">Read More &raquo;<span class=\"screen-reader-text\">Dr. Pablo Daniel Mininni<\/span><\/a><\/p>\n","protected":false},"author":2,"featured_media":0,"parent":2230,"menu_order":0,"comment_status":"closed","ping_status":"closed","template":"elementor_theme","meta":{"neve_meta_sidebar":"","neve_meta_container":"","neve_meta_enable_content_width":"off","neve_meta_content_width":100,"neve_meta_title_alignment":"","neve_meta_author_avatar":"","neve_post_elements_order":"","neve_meta_disable_header":"","neve_meta_disable_footer":"","neve_meta_disable_title":"","_ti_tpc_template_sync":false,"_ti_tpc_template_id":"","footnotes":""},"class_list":["post-2335","page","type-page","status-publish","hentry"],"_links":{"self":[{"href":"http:\/\/rafa.fisica.org.ar\/en\/wp-json\/wp\/v2\/pages\/2335","targetHints":{"allow":["GET"]}}],"collection":[{"href":"http:\/\/rafa.fisica.org.ar\/en\/wp-json\/wp\/v2\/pages"}],"about":[{"href":"http:\/\/rafa.fisica.org.ar\/en\/wp-json\/wp\/v2\/types\/page"}],"author":[{"embeddable":true,"href":"http:\/\/rafa.fisica.org.ar\/en\/wp-json\/wp\/v2\/users\/2"}],"replies":[{"embeddable":true,"href":"http:\/\/rafa.fisica.org.ar\/en\/wp-json\/wp\/v2\/comments?post=2335"}],"version-history":[{"count":4,"href":"http:\/\/rafa.fisica.org.ar\/en\/wp-json\/wp\/v2\/pages\/2335\/revisions"}],"predecessor-version":[{"id":2342,"href":"http:\/\/rafa.fisica.org.ar\/en\/wp-json\/wp\/v2\/pages\/2335\/revisions\/2342"}],"up":[{"embeddable":true,"href":"http:\/\/rafa.fisica.org.ar\/en\/wp-json\/wp\/v2\/pages\/2230"}],"wp:attachment":[{"href":"http:\/\/rafa.fisica.org.ar\/en\/wp-json\/wp\/v2\/media?parent=2335"}],"curies":[{"name":"wp","href":"https:\/\/api.w.org\/{rel}","templated":true}]}}