{"id":2343,"date":"2021-09-03T22:34:54","date_gmt":"2021-09-03T22:34:54","guid":{"rendered":"http:\/\/rafa.fisica.org.ar\/?page_id=2343"},"modified":"2021-09-03T22:47:00","modified_gmt":"2021-09-03T22:47:00","slug":"dr-alejandro-perez","status":"publish","type":"page","link":"http:\/\/rafa.fisica.org.ar\/en\/programa\/charlas-plenarias\/dr-alejandro-perez\/","title":{"rendered":"Dr. Alejandro P\u00e9rez"},"content":{"rendered":"\t\t<div data-elementor-type=\"wp-page\" data-elementor-id=\"2343\" class=\"elementor elementor-2343\" data-elementor-settings=\"[]\">\n\t\t\t\t\t\t\t<div class=\"elementor-section-wrap\">\n\t\t\t\t\t\t\t<section class=\"elementor-section elementor-top-section elementor-element elementor-element-419c48d elementor-section-boxed elementor-section-height-default elementor-section-height-default\" data-id=\"419c48d\" data-element_type=\"section\" data-settings=\"{&quot;shape_divider_bottom&quot;:&quot;mountains&quot;}\">\n\t\t\t\t\t<div class=\"elementor-shape elementor-shape-bottom\" data-negative=\"false\">\n\t\t\t<svg xmlns=\"http:\/\/www.w3.org\/2000\/svg\" viewBox=\"0 0 1000 100\" preserveAspectRatio=\"none\">\n\t<path class=\"elementor-shape-fill\" opacity=\"0.33\" d=\"M473,67.3c-203.9,88.3-263.1-34-320.3,0C66,119.1,0,59.7,0,59.7V0h1000v59.7 c0,0-62.1,26.1-94.9,29.3c-32.8,3.3-62.8-12.3-75.8-22.1C806,49.6,745.3,8.7,694.9,4.7S492.4,59,473,67.3z\"\/>\n\t<path class=\"elementor-shape-fill\" opacity=\"0.66\" d=\"M734,67.3c-45.5,0-77.2-23.2-129.1-39.1c-28.6-8.7-150.3-10.1-254,39.1 s-91.7-34.4-149.2,0C115.7,118.3,0,39.8,0,39.8V0h1000v36.5c0,0-28.2-18.5-92.1-18.5C810.2,18.1,775.7,67.3,734,67.3z\"\/>\n\t<path class=\"elementor-shape-fill\" d=\"M766.1,28.9c-200-57.5-266,65.5-395.1,19.5C242,1.8,242,5.4,184.8,20.6C128,35.8,132.3,44.9,89.9,52.5C28.6,63.7,0,0,0,0 h1000c0,0-9.9,40.9-83.6,48.1S829.6,47,766.1,28.9z\"\/>\n<\/svg>\t\t<\/div>\n\t\t\t\t\t<div class=\"elementor-container elementor-column-gap-default\">\n\t\t\t\t\t<div class=\"elementor-column elementor-col-100 elementor-top-column elementor-element elementor-element-3b28091\" data-id=\"3b28091\" data-element_type=\"column\">\n\t\t\t<div class=\"elementor-widget-wrap elementor-element-populated\">\n\t\t\t\t\t\t\t\t<div class=\"elementor-element elementor-element-61e0602 elementor-widget elementor-widget-text-editor\" data-id=\"61e0602\" data-element_type=\"widget\" data-widget_type=\"text-editor.default\">\n\t\t\t\t<div class=\"elementor-widget-container\">\n\t\t\t\t\t\t\t<p style=\"padding-left: 40px;\"><img loading=\"lazy\" decoding=\"async\" class=\"alignright wp-image-2279 size-medium\" src=\"http:\/\/rafa.fisica.org.ar\/wp-content\/uploads\/2021\/09\/alejandro_perez-300x300.jpg\" alt=\"\" width=\"300\" height=\"300\" srcset=\"http:\/\/rafa.fisica.org.ar\/wp-content\/uploads\/2021\/09\/alejandro_perez-300x300.jpg 300w, http:\/\/rafa.fisica.org.ar\/wp-content\/uploads\/2021\/09\/alejandro_perez-1024x1024.jpg 1024w, http:\/\/rafa.fisica.org.ar\/wp-content\/uploads\/2021\/09\/alejandro_perez-150x150.jpg 150w, http:\/\/rafa.fisica.org.ar\/wp-content\/uploads\/2021\/09\/alejandro_perez-768x768.jpg 768w, http:\/\/rafa.fisica.org.ar\/wp-content\/uploads\/2021\/09\/alejandro_perez-1536x1536.jpg 1536w, http:\/\/rafa.fisica.org.ar\/wp-content\/uploads\/2021\/09\/alejandro_perez-2048x2048.jpg 2048w, http:\/\/rafa.fisica.org.ar\/wp-content\/uploads\/2021\/09\/alejandro_perez-600x600.jpg 600w, http:\/\/rafa.fisica.org.ar\/wp-content\/uploads\/2021\/09\/alejandro_perez-100x100.jpg 100w\" sizes=\"auto, (max-width: 300px) 100vw, 300px\" \/>\u25cf Team : Quantum Gravity.<br \/>\u25cf Function(s): University faculty &#8211; Chef de l\u2019\u00e9quipe \u00abGravit\u00e9 quantique\u00bb.<br \/>\u25cf Tutorship : Aix-Marseille Universit\u00e9.<br \/>\u25cf Grade : Professeur des Universit\u00e9s 1\u00e8re Classe.<\/p><h6>Trayectoria<\/h6><p style=\"padding-left: 40px;\">\u25cf Licenciatura en F\u00edsica FaMAF (UNC) 1996.<br \/>\u25cf Doctorado PhD University of Pittsburgh 2001.<br \/>\u25cf Assistant Professor Penn State University 2003-2004.<br \/>\u25cf Ma\u00eetre de Conf\u00e9rences Universit\u00e9 de la M\u00e9diterran\u00e9e 2004-2008.<br \/>\u25cf Habilitation \u00e0 DIriger de Recherches 2006.<br \/>\u25cf Professeur Aix-Marseille Universit\u00e9 2009-present.<br \/>\u25cf Miembro del Institut Universitaire de France.<\/p><p style=\"padding-left: 40px;\">\u00a0<\/p>\t\t\t\t\t\t<\/div>\n\t\t\t\t<\/div>\n\t\t\t\t\t<\/div>\n\t\t<\/div>\n\t\t\t\t\t\t\t<\/div>\n\t\t<\/section>\n\t\t\t\t\t\t<\/div>\n\t\t\t\t\t<\/div>\n\t\t","protected":false},"excerpt":{"rendered":"<p>\u25cf Team : Quantum Gravity.\u25cf Function(s): University faculty &#8211; Chef de l\u2019\u00e9quipe \u00abGravit\u00e9 quantique\u00bb.\u25cf Tutorship : Aix-Marseille Universit\u00e9.\u25cf Grade : Professeur des Universit\u00e9s 1\u00e8re Classe. Trayectoria \u25cf Licenciatura en F\u00edsica&hellip;&nbsp;<a href=\"http:\/\/rafa.fisica.org.ar\/en\/programa\/charlas-plenarias\/dr-alejandro-perez\/\" class=\"\" rel=\"bookmark\">Read More &raquo;<span class=\"screen-reader-text\">Dr. Alejandro P\u00e9rez<\/span><\/a><\/p>\n","protected":false},"author":2,"featured_media":0,"parent":2230,"menu_order":0,"comment_status":"closed","ping_status":"closed","template":"elementor_theme","meta":{"neve_meta_sidebar":"","neve_meta_container":"","neve_meta_enable_content_width":"off","neve_meta_content_width":100,"neve_meta_title_alignment":"","neve_meta_author_avatar":"","neve_post_elements_order":"","neve_meta_disable_header":"","neve_meta_disable_footer":"","neve_meta_disable_title":"","_ti_tpc_template_sync":false,"_ti_tpc_template_id":"","footnotes":""},"class_list":["post-2343","page","type-page","status-publish","hentry"],"_links":{"self":[{"href":"http:\/\/rafa.fisica.org.ar\/en\/wp-json\/wp\/v2\/pages\/2343","targetHints":{"allow":["GET"]}}],"collection":[{"href":"http:\/\/rafa.fisica.org.ar\/en\/wp-json\/wp\/v2\/pages"}],"about":[{"href":"http:\/\/rafa.fisica.org.ar\/en\/wp-json\/wp\/v2\/types\/page"}],"author":[{"embeddable":true,"href":"http:\/\/rafa.fisica.org.ar\/en\/wp-json\/wp\/v2\/users\/2"}],"replies":[{"embeddable":true,"href":"http:\/\/rafa.fisica.org.ar\/en\/wp-json\/wp\/v2\/comments?post=2343"}],"version-history":[{"count":7,"href":"http:\/\/rafa.fisica.org.ar\/en\/wp-json\/wp\/v2\/pages\/2343\/revisions"}],"predecessor-version":[{"id":2356,"href":"http:\/\/rafa.fisica.org.ar\/en\/wp-json\/wp\/v2\/pages\/2343\/revisions\/2356"}],"up":[{"embeddable":true,"href":"http:\/\/rafa.fisica.org.ar\/en\/wp-json\/wp\/v2\/pages\/2230"}],"wp:attachment":[{"href":"http:\/\/rafa.fisica.org.ar\/en\/wp-json\/wp\/v2\/media?parent=2343"}],"curies":[{"name":"wp","href":"https:\/\/api.w.org\/{rel}","templated":true}]}}