{"id":235,"date":"2021-06-15T21:43:35","date_gmt":"2021-06-15T21:43:35","guid":{"rendered":"http:\/\/rafa.fisica.org.ar\/?page_id=235"},"modified":"2021-08-25T18:57:39","modified_gmt":"2021-08-25T18:57:39","slug":"inscripcion-estudiantes-no-socios","status":"publish","type":"page","link":"http:\/\/rafa.fisica.org.ar\/en\/inscripcion\/inscripcion-estudiantes-no-socios\/","title":{"rendered":"Inscripci\u00f3n Estudiantes No socias\/os"},"content":{"rendered":"\t\t<div data-elementor-type=\"wp-page\" data-elementor-id=\"235\" class=\"elementor elementor-235\" data-elementor-settings=\"[]\">\n\t\t\t\t\t\t\t<div class=\"elementor-section-wrap\">\n\t\t\t\t\t\t\t<section class=\"elementor-section elementor-top-section elementor-element elementor-element-dc3e4fb elementor-section-boxed elementor-section-height-default elementor-section-height-default\" data-id=\"dc3e4fb\" data-element_type=\"section\" data-settings=\"{&quot;background_background&quot;:&quot;classic&quot;}\">\n\t\t\t\t\t\t<div class=\"elementor-container elementor-column-gap-default\">\n\t\t\t\t\t<div class=\"elementor-column elementor-col-33 elementor-top-column elementor-element elementor-element-2fd857c\" data-id=\"2fd857c\" data-element_type=\"column\">\n\t\t\t<div class=\"elementor-widget-wrap elementor-element-populated\">\n\t\t\t\t\t\t\t\t<div class=\"elementor-element elementor-element-36199cf elementor-invisible elementor-widget elementor-widget-image\" data-id=\"36199cf\" data-element_type=\"widget\" data-settings=\"{&quot;_animation&quot;:&quot;zoomIn&quot;}\" data-widget_type=\"image.default\">\n\t\t\t\t<div class=\"elementor-widget-container\">\n\t\t\t\t\t\t\t\t\t\t\t\t<figure class=\"wp-caption\">\n\t\t\t\t\t\t\t\t\t\t\t<a href=\"#registro-estudiante-no-socio\">\n\t\t\t\t\t\t\t<img loading=\"lazy\" decoding=\"async\" width=\"150\" height=\"150\" src=\"http:\/\/rafa.fisica.org.ar\/wp-content\/uploads\/2021\/07\/numero_uno_r-1-150x150.png\" class=\"attachment-thumbnail size-thumbnail\" alt=\"\" srcset=\"http:\/\/rafa.fisica.org.ar\/wp-content\/uploads\/2021\/07\/numero_uno_r-1-150x150.png 150w, http:\/\/rafa.fisica.org.ar\/wp-content\/uploads\/2021\/07\/numero_uno_r-1.png 300w, http:\/\/rafa.fisica.org.ar\/wp-content\/uploads\/2021\/07\/numero_uno_r-1-100x100.png 100w\" sizes=\"auto, (max-width: 150px) 100vw, 150px\" \/>\t\t\t\t\t\t\t\t<\/a>\n\t\t\t\t\t\t\t\t\t\t\t<figcaption class=\"widget-image-caption wp-caption-text\">REGISTRO EN INTRANET DE AFA<\/figcaption>\n\t\t\t\t\t\t\t\t\t\t<\/figure>\n\t\t\t\t\t\t\t\t\t<\/div>\n\t\t\t\t<\/div>\n\t\t\t\t\t<\/div>\n\t\t<\/div>\n\t\t\t\t<div class=\"elementor-column elementor-col-33 elementor-top-column elementor-element elementor-element-2792f5d\" data-id=\"2792f5d\" data-element_type=\"column\">\n\t\t\t<div class=\"elementor-widget-wrap elementor-element-populated\">\n\t\t\t\t\t\t\t\t<div class=\"elementor-element elementor-element-683856f elementor-invisible elementor-widget elementor-widget-image\" data-id=\"683856f\" data-element_type=\"widget\" data-settings=\"{&quot;_animation&quot;:&quot;zoomIn&quot;,&quot;_animation_delay&quot;:1000}\" data-widget_type=\"image.default\">\n\t\t\t\t<div class=\"elementor-widget-container\">\n\t\t\t\t\t\t\t\t\t\t\t\t<figure class=\"wp-caption\">\n\t\t\t\t\t\t\t\t\t\t\t<a href=\"#pago-estudiante-no-socio\">\n\t\t\t\t\t\t\t<img loading=\"lazy\" decoding=\"async\" width=\"150\" height=\"150\" src=\"http:\/\/rafa.fisica.org.ar\/wp-content\/uploads\/2021\/07\/numero_dos_r-150x150.png\" class=\"attachment-thumbnail size-thumbnail\" alt=\"\" srcset=\"http:\/\/rafa.fisica.org.ar\/wp-content\/uploads\/2021\/07\/numero_dos_r-150x150.png 150w, http:\/\/rafa.fisica.org.ar\/wp-content\/uploads\/2021\/07\/numero_dos_r.png 300w, http:\/\/rafa.fisica.org.ar\/wp-content\/uploads\/2021\/07\/numero_dos_r-100x100.png 100w\" sizes=\"auto, (max-width: 150px) 100vw, 150px\" \/>\t\t\t\t\t\t\t\t<\/a>\n\t\t\t\t\t\t\t\t\t\t\t<figcaption class=\"widget-image-caption wp-caption-text\">PAGO INSCRIPCI\u00d3N<\/figcaption>\n\t\t\t\t\t\t\t\t\t\t<\/figure>\n\t\t\t\t\t\t\t\t\t<\/div>\n\t\t\t\t<\/div>\n\t\t\t\t\t<\/div>\n\t\t<\/div>\n\t\t\t\t<div class=\"elementor-column elementor-col-33 elementor-top-column elementor-element elementor-element-2b7e950\" data-id=\"2b7e950\" data-element_type=\"column\">\n\t\t\t<div class=\"elementor-widget-wrap elementor-element-populated\">\n\t\t\t\t\t\t\t\t<div class=\"elementor-element elementor-element-4123841 elementor-invisible elementor-widget elementor-widget-image\" data-id=\"4123841\" data-element_type=\"widget\" data-settings=\"{&quot;_animation&quot;:&quot;zoomIn&quot;,&quot;_animation_delay&quot;:2000}\" data-widget_type=\"image.default\">\n\t\t\t\t<div class=\"elementor-widget-container\">\n\t\t\t\t\t\t\t\t\t\t\t\t<figure class=\"wp-caption\">\n\t\t\t\t\t\t\t\t\t\t\t<a href=\"#confirmacion-estudiante-no-socio\">\n\t\t\t\t\t\t\t<img loading=\"lazy\" decoding=\"async\" width=\"150\" height=\"150\" src=\"http:\/\/rafa.fisica.org.ar\/wp-content\/uploads\/2021\/07\/numero_tres_r-150x150.png\" class=\"attachment-thumbnail size-thumbnail\" alt=\"\" srcset=\"http:\/\/rafa.fisica.org.ar\/wp-content\/uploads\/2021\/07\/numero_tres_r-150x150.png 150w, http:\/\/rafa.fisica.org.ar\/wp-content\/uploads\/2021\/07\/numero_tres_r.png 300w, http:\/\/rafa.fisica.org.ar\/wp-content\/uploads\/2021\/07\/numero_tres_r-100x100.png 100w\" sizes=\"auto, (max-width: 150px) 100vw, 150px\" \/>\t\t\t\t\t\t\t\t<\/a>\n\t\t\t\t\t\t\t\t\t\t\t<figcaption class=\"widget-image-caption wp-caption-text\">COMPLETAR FORMULARIO WEB<\/figcaption>\n\t\t\t\t\t\t\t\t\t\t<\/figure>\n\t\t\t\t\t\t\t\t\t<\/div>\n\t\t\t\t<\/div>\n\t\t\t\t\t<\/div>\n\t\t<\/div>\n\t\t\t\t\t\t\t<\/div>\n\t\t<\/section>\n\t\t\t\t<section class=\"elementor-section elementor-top-section elementor-element elementor-element-131799dd elementor-section-boxed elementor-section-height-default elementor-section-height-default\" data-id=\"131799dd\" data-element_type=\"section\">\n\t\t\t\t\t\t<div class=\"elementor-container elementor-column-gap-default\">\n\t\t\t\t\t<div class=\"elementor-column elementor-col-100 elementor-top-column elementor-element elementor-element-70083f53\" data-id=\"70083f53\" data-element_type=\"column\">\n\t\t\t<div class=\"elementor-widget-wrap elementor-element-populated\">\n\t\t\t\t\t\t\t\t<div class=\"elementor-element elementor-element-52af6c76 elementor-widget elementor-widget-text-editor\" data-id=\"52af6c76\" data-element_type=\"widget\" data-widget_type=\"text-editor.default\">\n\t\t\t\t<div class=\"elementor-widget-container\">\n\t\t\t\t\t\t\t<p id=\"registro-estudiante-no-socio\">La<strong> inscripci\u00f3n electr\u00f3nica es obligatoria<\/strong> para cada participante y<strong> se realizar\u00e1 exclusivamente a trav\u00e9s de la <em>Intranet de AFA<\/em><\/strong>.<\/p><ul><li style=\"list-style-type: none;\"><ul><li>Si sos <em><strong>estudiante<\/strong> <strong>no socia\/o<\/strong><\/em> y ya participaste en RAFAS anteriores, est\u00e1s registrada\/o en nuestra <a href=\"http:\/\/sistema.fisica.org.ar\/\" target=\"_blank\" rel=\"noopener\">Intranet<\/a>.<br \/>Si ten\u00e9s presente tu nombre de <em>usuaria\/o<\/em> y <em>contrase\u00f1a<\/em> entr\u00e1 directamente a la <a href=\"http:\/\/sistema.fisica.org.ar\/\" target=\"_blank\" rel=\"noopener\">Intranet<\/a>, complet\u00e1 tus datos personales y laborales (sin los cuales no podr\u00e1s inscribirte) y visit\u00e1 la <strong>pesta\u00f1a RNF<\/strong> donde encontrar\u00e1s las instrucciones finales para completar tu inscripci\u00f3n electr\u00f3nica.<br \/>Si deseas consultar si ya ten\u00e9s una cuenta en <em>Intranet AFA<\/em> entr\u00e1 en <a href=\"http:\/\/sistema.fisica.org.ar\/search_me\/\" target=\"_blank\" rel=\"noopener\">buscar cuenta<\/a>.<br \/>Si sab\u00e9s que ten\u00e9s una cuenta pero no record\u00e1s tu <em>Nombre de Usuaria\/o<\/em> y <em>contrase\u00f1a<\/em>, descubr\u00edlos en <a href=\"http:\/\/sistema.fisica.org.ar\/password_reset\/\" target=\"_blank\" rel=\"noopener\">recuperar tu informaci\u00f3n<\/a>.<\/li><\/ul><\/li><li style=\"list-style-type: none;\"><ul><li>Si sos <em><strong>estudiante no socia\/o<\/strong><\/em> y quer\u00e9s serlo, pod\u00e9s asociarte a trav\u00e9s de nuestro formulario electr\u00f3nico entrando a <em><strong><a href=\"http:\/\/sistema.fisica.org.ar\/associate\/\" target=\"_blank\" rel=\"noopener\">asociarse<\/a><\/strong><\/em>.<br \/>Ten\u00e9 en cuenta que este tr\u00e1mite puede demorar.<\/li><\/ul><\/li><li style=\"list-style-type: none;\"><ul><li>Si no sos socia\/o, ni lo quer\u00e9s ser y nunca participaste de una RAFA, entr\u00e1 a <a href=\"http:\/\/sistema.fisica.org.ar\/register\/\" target=\"_blank\" rel=\"noopener\"><strong><em>registrarse en la reuni\u00f3n<\/em><\/strong><\/a>.<\/li><\/ul><\/li><\/ul><p style=\"text-align: center;\"><strong>No se aceptar\u00e1n inscripciones durante la reuni\u00f3n.<\/strong><\/p><h5>Env\u00edo de trabajos<\/h5><p>Una vez que hayas finalizado la inscripci\u00f3n podr\u00e1s enviar el resumen de tus trabajos, los cuales deber\u00e1s subir desde tu cuenta de <em>Intranet AFA<\/em>. Te recordamos que deber\u00e1s elegir un \u00e1rea tem\u00e1tica (clasificaci\u00f3n) para cada trabajo. Tambi\u00e9n tendr\u00e1s la posibilidad de solicitar que el mismo sea presentado en forma de <em>charla de divisi\u00f3n<\/em>; para ello, deber\u00e1s indicar en cual de ellas quisieras dar la charla. Cada divisi\u00f3n, a trav\u00e9s de su comisi\u00f3n, escoger\u00e1 los trabajos que ir\u00e1n a las sesiones orales; esta decisi\u00f3n ser\u00e1 comunicada oportunamente.<\/p><p>Los trabajos que no sean seleccionados para las sesiones orales, se expondr\u00e1n en forma de p\u00f3ster de acuerdo a la clasificaci\u00f3n tem\u00e1tica inicial.<\/p><p><img loading=\"lazy\" decoding=\"async\" class=\"aligncenter wp-image-1285 size-full\" src=\"http:\/\/rafa.fisica.org.ar\/wp-content\/uploads\/2021\/07\/rect6819-6-1-3-7-5.png\" alt=\"\" width=\"1501\" height=\"1278\" srcset=\"http:\/\/rafa.fisica.org.ar\/wp-content\/uploads\/2021\/07\/rect6819-6-1-3-7-5.png 1501w, http:\/\/rafa.fisica.org.ar\/wp-content\/uploads\/2021\/07\/rect6819-6-1-3-7-5-300x255.png 300w, http:\/\/rafa.fisica.org.ar\/wp-content\/uploads\/2021\/07\/rect6819-6-1-3-7-5-1024x872.png 1024w, http:\/\/rafa.fisica.org.ar\/wp-content\/uploads\/2021\/07\/rect6819-6-1-3-7-5-768x654.png 768w, http:\/\/rafa.fisica.org.ar\/wp-content\/uploads\/2021\/07\/rect6819-6-1-3-7-5-600x511.png 600w\" sizes=\"auto, (max-width: 1501px) 100vw, 1501px\" \/><\/p><h5>Fecha l\u00edmite<\/h5><p>La <em>inscripci\u00f3n electr\u00f3nica,<\/em> la <em>recepci\u00f3n de res\u00famenes y el formulario online de confirmaci\u00f3n de pago<\/em> <strong>estar\u00e1n habilitados desde el 07 de julio al <del>06 de agosto<\/del>. <span style=\"color: #ff0000;\">La nueva fecha l\u00edmite es el domingo 29 de agosto de 2021.<\/span><br \/><\/strong><\/p><h5 id=\"pago-estudiante-no-socio\">Costos de inscripci\u00f3n<\/h5><p>El costo de inscripci\u00f3n para <strong><em>estudiantes no socias\/os<\/em><\/strong> es de <strong>$ 2.000,00<\/strong> (pesos dos mil).<\/p><p>Cada participante no socia\/o, deber\u00e1 pagar por adelantado la tasa de inscripci\u00f3n dado los delicados detalles log\u00edsticos que conlleva la organizaci\u00f3n de una reuni\u00f3n de esta magnitud.<\/p><p>La participaci\u00f3n como expositoras\/es de las charlas de divisi\u00f3n no implica eximici\u00f3n del pago de la tasa.<\/p><h5>Formas de pago para estudiantes no socias\/os<\/h5><p>La tasa de inscripci\u00f3n de estudiantes no socias\/os se deber\u00e1 pagar <strong>exclusivamente por transferencia bancaria<\/strong>.<\/p><p>Recomendamos que se realicen <strong>transferencias individuales<\/strong> para facilitar la facturaci\u00f3n. En el formulario de confirmaci\u00f3n de la inscripci\u00f3n, se solicitan los datos necesarios para una correcta emisi\u00f3n de la factura.<\/p><h6 style=\"padding-left: 40px;\">Transferencia bancaria<\/h6><p style=\"padding-left: 40px;\">Se deber\u00e1 hacer una transferencia bancaria a nuestra cuenta, cuyos datos son:<\/p><p style=\"padding-left: 80px;\">Asociaci\u00f3n F\u00edsica Argentina<br \/>Cuenta Corriente Especial en Pesos Nro. 9345-9 172-2<br \/>Banco Galicia &#8211; Sucursal La Plata<br \/>Clave Bancaria Uniforme (CBU) 00701729-20000009345920<br \/>CUIT 30-64930017-4<\/p><h5 id=\"confirmacion-estudiante-no-socio\">Confirmaci\u00f3n de inscripci\u00f3n<\/h5><p>Una vez efectuada la inscripci\u00f3n a trav\u00e9s de la Intranet de AFA y realizada la transferencia para cubrir el costo de inscripci\u00f3n, deber\u00e1s informar el pago a los organizadores completando <a href=\"https:\/\/forms.gle\/ywD8xLWCiHjkvwcv7\" target=\"_blank\" rel=\"noopener\"><strong><em>este formulario online<\/em><\/strong><\/a> (<span style=\"text-decoration: underline;\">advertencia<\/span>: deber\u00e1s completarlo desde una cuenta de <em>gmail<\/em>). De no hacerlo, no se podr\u00e1 habilitar tu participaci\u00f3n.<\/p><p>En el formulario deber\u00e1s indicar claramente tu nombre, CUIL\/CUIT y adjuntar un archivo (<em>.pdf<\/em>) con la copia digitalizada del comprobante de transferencia. En la direcci\u00f3n de correo electr\u00f3nico que se solicita al comienzo del formulario, recibir\u00e1s una copia de los datos consignados en \u00e9l y, posteriormente, la <strong>factura digital<\/strong> a tu nombre<strong> emitida por AFA central<\/strong>.<\/p>\t\t\t\t\t\t<\/div>\n\t\t\t\t<\/div>\n\t\t\t\t\t<\/div>\n\t\t<\/div>\n\t\t\t\t\t\t\t<\/div>\n\t\t<\/section>\n\t\t\t\t\t\t<\/div>\n\t\t\t\t\t<\/div>\n\t\t","protected":false},"excerpt":{"rendered":"<p>REGISTRO EN INTRANET DE AFA PAGO INSCRIPCI\u00d3N COMPLETAR FORMULARIO WEB La inscripci\u00f3n electr\u00f3nica es obligatoria para cada participante y se realizar\u00e1 exclusivamente a trav\u00e9s de la Intranet de AFA. Si&hellip;&nbsp;<a href=\"http:\/\/rafa.fisica.org.ar\/en\/inscripcion\/inscripcion-estudiantes-no-socios\/\" class=\"\" rel=\"bookmark\">Read More &raquo;<span class=\"screen-reader-text\">Inscripci\u00f3n Estudiantes No socias\/os<\/span><\/a><\/p>\n","protected":false},"author":2,"featured_media":0,"parent":186,"menu_order":0,"comment_status":"closed","ping_status":"closed","template":"","meta":{"neve_meta_sidebar":"","neve_meta_container":"","neve_meta_enable_content_width":"off","neve_meta_content_width":0,"neve_meta_title_alignment":"","neve_meta_author_avatar":"","neve_post_elements_order":"","neve_meta_disable_header":"","neve_meta_disable_footer":"","neve_meta_disable_title":"","_ti_tpc_template_sync":false,"_ti_tpc_template_id":"","footnotes":""},"class_list":["post-235","page","type-page","status-publish","hentry"],"_links":{"self":[{"href":"http:\/\/rafa.fisica.org.ar\/en\/wp-json\/wp\/v2\/pages\/235","targetHints":{"allow":["GET"]}}],"collection":[{"href":"http:\/\/rafa.fisica.org.ar\/en\/wp-json\/wp\/v2\/pages"}],"about":[{"href":"http:\/\/rafa.fisica.org.ar\/en\/wp-json\/wp\/v2\/types\/page"}],"author":[{"embeddable":true,"href":"http:\/\/rafa.fisica.org.ar\/en\/wp-json\/wp\/v2\/users\/2"}],"replies":[{"embeddable":true,"href":"http:\/\/rafa.fisica.org.ar\/en\/wp-json\/wp\/v2\/comments?post=235"}],"version-history":[{"count":99,"href":"http:\/\/rafa.fisica.org.ar\/en\/wp-json\/wp\/v2\/pages\/235\/revisions"}],"predecessor-version":[{"id":2187,"href":"http:\/\/rafa.fisica.org.ar\/en\/wp-json\/wp\/v2\/pages\/235\/revisions\/2187"}],"up":[{"embeddable":true,"href":"http:\/\/rafa.fisica.org.ar\/en\/wp-json\/wp\/v2\/pages\/186"}],"wp:attachment":[{"href":"http:\/\/rafa.fisica.org.ar\/en\/wp-json\/wp\/v2\/media?parent=235"}],"curies":[{"name":"wp","href":"https:\/\/api.w.org\/{rel}","templated":true}]}}