{"id":2376,"date":"2021-09-03T22:58:58","date_gmt":"2021-09-03T22:58:58","guid":{"rendered":"http:\/\/rafa.fisica.org.ar\/?page_id=2376"},"modified":"2021-09-03T23:03:09","modified_gmt":"2021-09-03T23:03:09","slug":"dr-roberto-rivarola","status":"publish","type":"page","link":"http:\/\/rafa.fisica.org.ar\/en\/programa\/charlas-plenarias\/dr-roberto-rivarola\/","title":{"rendered":"Dr. Roberto Rivarola"},"content":{"rendered":"\t\t<div data-elementor-type=\"wp-page\" data-elementor-id=\"2376\" class=\"elementor elementor-2376\" data-elementor-settings=\"[]\">\n\t\t\t\t\t\t\t<div class=\"elementor-section-wrap\">\n\t\t\t\t\t\t\t<section class=\"elementor-section elementor-top-section elementor-element elementor-element-fa73770 elementor-section-boxed elementor-section-height-default elementor-section-height-default\" data-id=\"fa73770\" data-element_type=\"section\" data-settings=\"{&quot;shape_divider_bottom&quot;:&quot;mountains&quot;}\">\n\t\t\t\t\t<div class=\"elementor-shape elementor-shape-bottom\" data-negative=\"false\">\n\t\t\t<svg xmlns=\"http:\/\/www.w3.org\/2000\/svg\" viewBox=\"0 0 1000 100\" preserveAspectRatio=\"none\">\n\t<path class=\"elementor-shape-fill\" opacity=\"0.33\" d=\"M473,67.3c-203.9,88.3-263.1-34-320.3,0C66,119.1,0,59.7,0,59.7V0h1000v59.7 c0,0-62.1,26.1-94.9,29.3c-32.8,3.3-62.8-12.3-75.8-22.1C806,49.6,745.3,8.7,694.9,4.7S492.4,59,473,67.3z\"\/>\n\t<path class=\"elementor-shape-fill\" opacity=\"0.66\" d=\"M734,67.3c-45.5,0-77.2-23.2-129.1-39.1c-28.6-8.7-150.3-10.1-254,39.1 s-91.7-34.4-149.2,0C115.7,118.3,0,39.8,0,39.8V0h1000v36.5c0,0-28.2-18.5-92.1-18.5C810.2,18.1,775.7,67.3,734,67.3z\"\/>\n\t<path class=\"elementor-shape-fill\" d=\"M766.1,28.9c-200-57.5-266,65.5-395.1,19.5C242,1.8,242,5.4,184.8,20.6C128,35.8,132.3,44.9,89.9,52.5C28.6,63.7,0,0,0,0 h1000c0,0-9.9,40.9-83.6,48.1S829.6,47,766.1,28.9z\"\/>\n<\/svg>\t\t<\/div>\n\t\t\t\t\t<div class=\"elementor-container elementor-column-gap-default\">\n\t\t\t\t\t<div class=\"elementor-column elementor-col-100 elementor-top-column elementor-element elementor-element-8cca3ae\" data-id=\"8cca3ae\" data-element_type=\"column\">\n\t\t\t<div class=\"elementor-widget-wrap elementor-element-populated\">\n\t\t\t\t\t\t\t\t<div class=\"elementor-element elementor-element-e9c99b0 elementor-widget elementor-widget-text-editor\" data-id=\"e9c99b0\" data-element_type=\"widget\" data-widget_type=\"text-editor.default\">\n\t\t\t\t<div class=\"elementor-widget-container\">\n\t\t\t\t\t\t\t<p><img loading=\"lazy\" decoding=\"async\" class=\"alignright wp-image-2282 size-medium\" src=\"http:\/\/rafa.fisica.org.ar\/wp-content\/uploads\/2021\/09\/roberto_rivarola-300x300.jpg\" alt=\"\" width=\"300\" height=\"300\" srcset=\"http:\/\/rafa.fisica.org.ar\/wp-content\/uploads\/2021\/09\/roberto_rivarola-300x300.jpg 300w, http:\/\/rafa.fisica.org.ar\/wp-content\/uploads\/2021\/09\/roberto_rivarola-150x150.jpg 150w, http:\/\/rafa.fisica.org.ar\/wp-content\/uploads\/2021\/09\/roberto_rivarola-100x100.jpg 100w, http:\/\/rafa.fisica.org.ar\/wp-content\/uploads\/2021\/09\/roberto_rivarola.jpg 487w\" sizes=\"auto, (max-width: 300px) 100vw, 300px\" \/>Durante su prol\u00edfica carrera cient\u00edfica, el Dr. Rivarola ha sido Director durante m\u00e1s de 30 a\u00f1os del Grupo de Colisiones At\u00f3micas del Instituto de F\u00edsica Rosario (CONICET-UNR), del Laboratorio hom\u00f3nimo de la FCEIA-UNR, as\u00ed como Director del Instituto de F\u00edsica Rosario durante dos per\u00edodos y reciente Director saliente del Centro Cient\u00edfico y Tecnol\u00f3gico Rosario (CCT-CONICET).<\/p><p>Ha formado un nutrido grupo de disc\u00edpulos y contribuido de manera significativa al desarrollo del \u00e1rea de la F\u00edsica At\u00f3mica y Molecular a nivel local, nacional e internacional. Adem\u00e1s, ha gestado y desarrollado colaboraciones cient\u00edficas con numerosos grupos de investigaci\u00f3n l\u00edderes en el \u00e1rea tanto en el pa\u00eds como en el extranjero, dejando de esta manera un legado que perdurar\u00e1 en el tiempo. <\/p><p>Actualmente tambi\u00e9n es Presidente de la Comisi\u00f3n de F\u00edsica At\u00f3mica, Molecular y \u00d3ptica de la International Union for Pure and Atomic Physics. Desde el a\u00f1o 2015 es Socio Honorario de la Asociaci\u00f3n F\u00edsica Argentina. Fue distinguido con la <i><b>Menci\u00f3n de Honor al Valor Cient\u00edfico<\/b><\/i>, que fue otorgada por el Honorable Senado de la Naci\u00f3n Argentina, Comisi\u00f3n de Ciencia y Tecnolog\u00eda en noviembre del 2017, en reconocimiento a sus aportes a la Ciencia y a la cultura de nuestro pa\u00eds.<\/p><p>\u00a0<\/p>\t\t\t\t\t\t<\/div>\n\t\t\t\t<\/div>\n\t\t\t\t\t<\/div>\n\t\t<\/div>\n\t\t\t\t\t\t\t<\/div>\n\t\t<\/section>\n\t\t\t\t\t\t<\/div>\n\t\t\t\t\t<\/div>\n\t\t","protected":false},"excerpt":{"rendered":"<p>Durante su prol\u00edfica carrera cient\u00edfica, el Dr. Rivarola ha sido Director durante m\u00e1s de 30 a\u00f1os del Grupo de Colisiones At\u00f3micas del Instituto de F\u00edsica Rosario (CONICET-UNR), del Laboratorio hom\u00f3nimo&hellip;&nbsp;<a href=\"http:\/\/rafa.fisica.org.ar\/en\/programa\/charlas-plenarias\/dr-roberto-rivarola\/\" class=\"\" rel=\"bookmark\">Read More &raquo;<span class=\"screen-reader-text\">Dr. Roberto Rivarola<\/span><\/a><\/p>\n","protected":false},"author":2,"featured_media":0,"parent":2230,"menu_order":0,"comment_status":"closed","ping_status":"closed","template":"elementor_theme","meta":{"neve_meta_sidebar":"","neve_meta_container":"","neve_meta_enable_content_width":"off","neve_meta_content_width":100,"neve_meta_title_alignment":"","neve_meta_author_avatar":"","neve_post_elements_order":"","neve_meta_disable_header":"","neve_meta_disable_footer":"","neve_meta_disable_title":"","_ti_tpc_template_sync":false,"_ti_tpc_template_id":"","footnotes":""},"class_list":["post-2376","page","type-page","status-publish","hentry"],"_links":{"self":[{"href":"http:\/\/rafa.fisica.org.ar\/en\/wp-json\/wp\/v2\/pages\/2376","targetHints":{"allow":["GET"]}}],"collection":[{"href":"http:\/\/rafa.fisica.org.ar\/en\/wp-json\/wp\/v2\/pages"}],"about":[{"href":"http:\/\/rafa.fisica.org.ar\/en\/wp-json\/wp\/v2\/types\/page"}],"author":[{"embeddable":true,"href":"http:\/\/rafa.fisica.org.ar\/en\/wp-json\/wp\/v2\/users\/2"}],"replies":[{"embeddable":true,"href":"http:\/\/rafa.fisica.org.ar\/en\/wp-json\/wp\/v2\/comments?post=2376"}],"version-history":[{"count":4,"href":"http:\/\/rafa.fisica.org.ar\/en\/wp-json\/wp\/v2\/pages\/2376\/revisions"}],"predecessor-version":[{"id":2383,"href":"http:\/\/rafa.fisica.org.ar\/en\/wp-json\/wp\/v2\/pages\/2376\/revisions\/2383"}],"up":[{"embeddable":true,"href":"http:\/\/rafa.fisica.org.ar\/en\/wp-json\/wp\/v2\/pages\/2230"}],"wp:attachment":[{"href":"http:\/\/rafa.fisica.org.ar\/en\/wp-json\/wp\/v2\/media?parent=2376"}],"curies":[{"name":"wp","href":"https:\/\/api.w.org\/{rel}","templated":true}]}}