{"id":2387,"date":"2021-09-03T23:09:03","date_gmt":"2021-09-03T23:09:03","guid":{"rendered":"http:\/\/rafa.fisica.org.ar\/?page_id=2387"},"modified":"2021-09-03T23:12:15","modified_gmt":"2021-09-03T23:12:15","slug":"dra-laura-beatriz-steren","status":"publish","type":"page","link":"http:\/\/rafa.fisica.org.ar\/en\/programa\/charlas-plenarias\/dra-laura-beatriz-steren\/","title":{"rendered":"Dra. Laura Beatriz Steren"},"content":{"rendered":"\t\t<div data-elementor-type=\"wp-page\" data-elementor-id=\"2387\" class=\"elementor elementor-2387\" data-elementor-settings=\"[]\">\n\t\t\t\t\t\t\t<div class=\"elementor-section-wrap\">\n\t\t\t\t\t\t\t<section class=\"elementor-section elementor-top-section elementor-element elementor-element-cd06b50 elementor-section-boxed elementor-section-height-default elementor-section-height-default\" data-id=\"cd06b50\" data-element_type=\"section\" data-settings=\"{&quot;shape_divider_bottom&quot;:&quot;mountains&quot;}\">\n\t\t\t\t\t<div class=\"elementor-shape elementor-shape-bottom\" data-negative=\"false\">\n\t\t\t<svg xmlns=\"http:\/\/www.w3.org\/2000\/svg\" viewBox=\"0 0 1000 100\" preserveAspectRatio=\"none\">\n\t<path class=\"elementor-shape-fill\" opacity=\"0.33\" d=\"M473,67.3c-203.9,88.3-263.1-34-320.3,0C66,119.1,0,59.7,0,59.7V0h1000v59.7 c0,0-62.1,26.1-94.9,29.3c-32.8,3.3-62.8-12.3-75.8-22.1C806,49.6,745.3,8.7,694.9,4.7S492.4,59,473,67.3z\"\/>\n\t<path class=\"elementor-shape-fill\" opacity=\"0.66\" d=\"M734,67.3c-45.5,0-77.2-23.2-129.1-39.1c-28.6-8.7-150.3-10.1-254,39.1 s-91.7-34.4-149.2,0C115.7,118.3,0,39.8,0,39.8V0h1000v36.5c0,0-28.2-18.5-92.1-18.5C810.2,18.1,775.7,67.3,734,67.3z\"\/>\n\t<path class=\"elementor-shape-fill\" d=\"M766.1,28.9c-200-57.5-266,65.5-395.1,19.5C242,1.8,242,5.4,184.8,20.6C128,35.8,132.3,44.9,89.9,52.5C28.6,63.7,0,0,0,0 h1000c0,0-9.9,40.9-83.6,48.1S829.6,47,766.1,28.9z\"\/>\n<\/svg>\t\t<\/div>\n\t\t\t\t\t<div class=\"elementor-container elementor-column-gap-default\">\n\t\t\t\t\t<div class=\"elementor-column elementor-col-100 elementor-top-column elementor-element elementor-element-58a333f\" data-id=\"58a333f\" data-element_type=\"column\">\n\t\t\t<div class=\"elementor-widget-wrap elementor-element-populated\">\n\t\t\t\t\t\t\t\t<div class=\"elementor-element elementor-element-0e1f75d elementor-widget elementor-widget-text-editor\" data-id=\"0e1f75d\" data-element_type=\"widget\" data-widget_type=\"text-editor.default\">\n\t\t\t\t<div class=\"elementor-widget-container\">\n\t\t\t\t\t\t\t<h6><img loading=\"lazy\" decoding=\"async\" class=\"alignright wp-image-2283 size-medium\" src=\"http:\/\/rafa.fisica.org.ar\/wp-content\/uploads\/2021\/09\/laura_steren-300x300.jpg\" alt=\"\" width=\"300\" height=\"300\" srcset=\"http:\/\/rafa.fisica.org.ar\/wp-content\/uploads\/2021\/09\/laura_steren-300x300.jpg 300w, http:\/\/rafa.fisica.org.ar\/wp-content\/uploads\/2021\/09\/laura_steren-150x150.jpg 150w, http:\/\/rafa.fisica.org.ar\/wp-content\/uploads\/2021\/09\/laura_steren-768x768.jpg 768w, http:\/\/rafa.fisica.org.ar\/wp-content\/uploads\/2021\/09\/laura_steren-600x600.jpg 600w, http:\/\/rafa.fisica.org.ar\/wp-content\/uploads\/2021\/09\/laura_steren-100x100.jpg 100w, http:\/\/rafa.fisica.org.ar\/wp-content\/uploads\/2021\/09\/laura_steren.jpg 960w\" sizes=\"auto, (max-width: 300px) 100vw, 300px\" \/>T\u00edtulo\/s<\/h6><p style=\"padding-left: 40px;\">Dra. en Ciencias F\u00edsicas.<br \/>Lic. en F\u00edsica.<\/p><p>Investigadora Principal de CONICET.<br \/><b>Disciplina cient\u00edfica:<\/b> F\u00edsica.<br \/><b>Disciplina desagregada:<\/b> F\u00edsica del estado s\u00f3lido.<br \/><b>Campo de aplicaci\u00f3n:<\/b> Ciencia y cultura &#8211; Ciencia y tecnolog\u00eda.<br \/>Especialidad: F\u00edsica del estado s\u00f3lido &#8211; F\u00edsica de materiales.<br \/><b>Tema:<\/b> Magnetismo y transporte polarizado en espin en materiales nanoestructurados y dispositivos.<br \/><b>Tema en ingl\u00e9s:<\/b> Spin-polarized transport phenomena and magnetism of nanostructured materials and devices.<\/p><p>\u00a0<\/p>\t\t\t\t\t\t<\/div>\n\t\t\t\t<\/div>\n\t\t\t\t\t<\/div>\n\t\t<\/div>\n\t\t\t\t\t\t\t<\/div>\n\t\t<\/section>\n\t\t\t\t\t\t<\/div>\n\t\t\t\t\t<\/div>\n\t\t","protected":false},"excerpt":{"rendered":"<p>T\u00edtulo\/s Dra. en Ciencias F\u00edsicas.Lic. en F\u00edsica. Investigadora Principal de CONICET.Disciplina cient\u00edfica: F\u00edsica.Disciplina desagregada: F\u00edsica del estado s\u00f3lido.Campo de aplicaci\u00f3n: Ciencia y cultura &#8211; Ciencia y tecnolog\u00eda.Especialidad: F\u00edsica del estado&hellip;&nbsp;<a href=\"http:\/\/rafa.fisica.org.ar\/en\/programa\/charlas-plenarias\/dra-laura-beatriz-steren\/\" class=\"\" rel=\"bookmark\">Read More &raquo;<span class=\"screen-reader-text\">Dra. Laura Beatriz Steren<\/span><\/a><\/p>\n","protected":false},"author":2,"featured_media":0,"parent":2230,"menu_order":0,"comment_status":"closed","ping_status":"closed","template":"elementor_theme","meta":{"neve_meta_sidebar":"","neve_meta_container":"","neve_meta_enable_content_width":"off","neve_meta_content_width":100,"neve_meta_title_alignment":"","neve_meta_author_avatar":"","neve_post_elements_order":"","neve_meta_disable_header":"","neve_meta_disable_footer":"","neve_meta_disable_title":"","_ti_tpc_template_sync":false,"_ti_tpc_template_id":"","footnotes":""},"class_list":["post-2387","page","type-page","status-publish","hentry"],"_links":{"self":[{"href":"http:\/\/rafa.fisica.org.ar\/en\/wp-json\/wp\/v2\/pages\/2387","targetHints":{"allow":["GET"]}}],"collection":[{"href":"http:\/\/rafa.fisica.org.ar\/en\/wp-json\/wp\/v2\/pages"}],"about":[{"href":"http:\/\/rafa.fisica.org.ar\/en\/wp-json\/wp\/v2\/types\/page"}],"author":[{"embeddable":true,"href":"http:\/\/rafa.fisica.org.ar\/en\/wp-json\/wp\/v2\/users\/2"}],"replies":[{"embeddable":true,"href":"http:\/\/rafa.fisica.org.ar\/en\/wp-json\/wp\/v2\/comments?post=2387"}],"version-history":[{"count":4,"href":"http:\/\/rafa.fisica.org.ar\/en\/wp-json\/wp\/v2\/pages\/2387\/revisions"}],"predecessor-version":[{"id":2394,"href":"http:\/\/rafa.fisica.org.ar\/en\/wp-json\/wp\/v2\/pages\/2387\/revisions\/2394"}],"up":[{"embeddable":true,"href":"http:\/\/rafa.fisica.org.ar\/en\/wp-json\/wp\/v2\/pages\/2230"}],"wp:attachment":[{"href":"http:\/\/rafa.fisica.org.ar\/en\/wp-json\/wp\/v2\/media?parent=2387"}],"curies":[{"name":"wp","href":"https:\/\/api.w.org\/{rel}","templated":true}]}}