{"id":2443,"date":"2021-09-14T02:02:29","date_gmt":"2021-09-14T02:02:29","guid":{"rendered":"http:\/\/rafa.fisica.org.ar\/?page_id=2443"},"modified":"2021-09-14T02:10:00","modified_gmt":"2021-09-14T02:10:00","slug":"dr-pablo-poggi","status":"publish","type":"page","link":"http:\/\/rafa.fisica.org.ar\/en\/programa\/premios\/premio-giambiagi\/presentaciones-premio-giambiagi\/dr-pablo-poggi\/","title":{"rendered":"Dr. Pablo Poggi"},"content":{"rendered":"\t\t<div data-elementor-type=\"wp-page\" data-elementor-id=\"2443\" class=\"elementor elementor-2443\" data-elementor-settings=\"[]\">\n\t\t\t\t\t\t\t<div class=\"elementor-section-wrap\">\n\t\t\t\t\t\t\t<section class=\"elementor-section elementor-top-section elementor-element elementor-element-0d2af92 elementor-section-boxed elementor-section-height-default elementor-section-height-default\" data-id=\"0d2af92\" data-element_type=\"section\" data-settings=\"{&quot;shape_divider_bottom&quot;:&quot;mountains&quot;}\">\n\t\t\t\t\t<div class=\"elementor-shape elementor-shape-bottom\" data-negative=\"false\">\n\t\t\t<svg xmlns=\"http:\/\/www.w3.org\/2000\/svg\" viewBox=\"0 0 1000 100\" preserveAspectRatio=\"none\">\n\t<path class=\"elementor-shape-fill\" opacity=\"0.33\" d=\"M473,67.3c-203.9,88.3-263.1-34-320.3,0C66,119.1,0,59.7,0,59.7V0h1000v59.7 c0,0-62.1,26.1-94.9,29.3c-32.8,3.3-62.8-12.3-75.8-22.1C806,49.6,745.3,8.7,694.9,4.7S492.4,59,473,67.3z\"\/>\n\t<path class=\"elementor-shape-fill\" opacity=\"0.66\" d=\"M734,67.3c-45.5,0-77.2-23.2-129.1-39.1c-28.6-8.7-150.3-10.1-254,39.1 s-91.7-34.4-149.2,0C115.7,118.3,0,39.8,0,39.8V0h1000v36.5c0,0-28.2-18.5-92.1-18.5C810.2,18.1,775.7,67.3,734,67.3z\"\/>\n\t<path class=\"elementor-shape-fill\" d=\"M766.1,28.9c-200-57.5-266,65.5-395.1,19.5C242,1.8,242,5.4,184.8,20.6C128,35.8,132.3,44.9,89.9,52.5C28.6,63.7,0,0,0,0 h1000c0,0-9.9,40.9-83.6,48.1S829.6,47,766.1,28.9z\"\/>\n<\/svg>\t\t<\/div>\n\t\t\t\t\t<div class=\"elementor-container elementor-column-gap-default\">\n\t\t\t\t\t<div class=\"elementor-column elementor-col-100 elementor-top-column elementor-element elementor-element-028349e\" data-id=\"028349e\" data-element_type=\"column\">\n\t\t\t<div class=\"elementor-widget-wrap elementor-element-populated\">\n\t\t\t\t\t\t\t\t<div class=\"elementor-element elementor-element-ce236b7 elementor-widget elementor-widget-text-editor\" data-id=\"ce236b7\" data-element_type=\"widget\" data-widget_type=\"text-editor.default\">\n\t\t\t\t<div class=\"elementor-widget-container\">\n\t\t\t\t\t\t\t<p><i>Realic\u00e9 mi doctorado en el Departamento de F\u00edsica de la Universidad de Buenos Aires, trabajando con Diego Wisniacki y Fernando Lombardo.<\/i><\/p><i>\n<\/i><p><i>Me doctor\u00e9 en diciembre de 2017 y luego hice un posdoc en la Universidad de Nuevo M\u00e9xico en USA de 2018 a 2020. Actualmente soy profesor investigador en esta misma universidad.<\/i><\/p>\n<h5>Control (y descontrol) en el mundo cu\u00e1ntico<\/h5>\n<p style=\"padding-left: 40px;\">La actual revoluci\u00f3n en tecnolog\u00edas cu\u00e1nticas est\u00e1 basada en aprovechar propiedades f\u00edsicas como la coherencia y el entrelazamiento para dise\u00f1ar dispositivos de c\u00f3mputo que superen a sus contrapartes cl\u00e1sicas en ciertas tareas, como por ejemplo simular sistemas cu\u00e1nticos de muchos cuerpos. Para alcanzar esta \u2018ventaja\u2019 cu\u00e1ntica, es necesario manipular de manera extremadamente precisa sistemas cu\u00e1nticos, y a la vez protegerlos de influencias externas como la decoherencia. En esta charla voy a introducir conceptos b\u00e1sicos de informaci\u00f3n cu\u00e1ntica para luego describir distintas t\u00e9cnicas basadas en la teor\u00eda de control cu\u00e1ntico, que permiten manipular estos sistemas de manera precisa ya sea \u2018gan\u00e1ndole\u2019 a los efectos negativos del entorno o contrarrest\u00e1ndolos. Finalmente, ilustrar\u00e9 la relaci\u00f3n entre estas herramientas de control y el potencial de los dispositivos cu\u00e1nticos actuales.<\/p><p style=\"padding-left: 40px;\"><br><\/p>\t\t\t\t\t\t<\/div>\n\t\t\t\t<\/div>\n\t\t\t\t\t<\/div>\n\t\t<\/div>\n\t\t\t\t\t\t\t<\/div>\n\t\t<\/section>\n\t\t\t\t\t\t<\/div>\n\t\t\t\t\t<\/div>\n\t\t","protected":false},"excerpt":{"rendered":"<p>Realic\u00e9 mi doctorado en el Departamento de F\u00edsica de la Universidad de Buenos Aires, trabajando con Diego Wisniacki y Fernando Lombardo. Me doctor\u00e9 en diciembre de 2017 y luego hice&hellip;&nbsp;<a href=\"http:\/\/rafa.fisica.org.ar\/en\/programa\/premios\/premio-giambiagi\/presentaciones-premio-giambiagi\/dr-pablo-poggi\/\" class=\"\" rel=\"bookmark\">Read More &raquo;<span class=\"screen-reader-text\">Dr. Pablo Poggi<\/span><\/a><\/p>\n","protected":false},"author":2,"featured_media":0,"parent":2416,"menu_order":0,"comment_status":"closed","ping_status":"closed","template":"elementor_theme","meta":{"neve_meta_sidebar":"","neve_meta_container":"","neve_meta_enable_content_width":"off","neve_meta_content_width":100,"neve_meta_title_alignment":"","neve_meta_author_avatar":"","neve_post_elements_order":"","neve_meta_disable_header":"","neve_meta_disable_footer":"","neve_meta_disable_title":"","_ti_tpc_template_sync":false,"_ti_tpc_template_id":"","footnotes":""},"class_list":["post-2443","page","type-page","status-publish","hentry"],"_links":{"self":[{"href":"http:\/\/rafa.fisica.org.ar\/en\/wp-json\/wp\/v2\/pages\/2443","targetHints":{"allow":["GET"]}}],"collection":[{"href":"http:\/\/rafa.fisica.org.ar\/en\/wp-json\/wp\/v2\/pages"}],"about":[{"href":"http:\/\/rafa.fisica.org.ar\/en\/wp-json\/wp\/v2\/types\/page"}],"author":[{"embeddable":true,"href":"http:\/\/rafa.fisica.org.ar\/en\/wp-json\/wp\/v2\/users\/2"}],"replies":[{"embeddable":true,"href":"http:\/\/rafa.fisica.org.ar\/en\/wp-json\/wp\/v2\/comments?post=2443"}],"version-history":[{"count":4,"href":"http:\/\/rafa.fisica.org.ar\/en\/wp-json\/wp\/v2\/pages\/2443\/revisions"}],"predecessor-version":[{"id":2456,"href":"http:\/\/rafa.fisica.org.ar\/en\/wp-json\/wp\/v2\/pages\/2443\/revisions\/2456"}],"up":[{"embeddable":true,"href":"http:\/\/rafa.fisica.org.ar\/en\/wp-json\/wp\/v2\/pages\/2416"}],"wp:attachment":[{"href":"http:\/\/rafa.fisica.org.ar\/en\/wp-json\/wp\/v2\/media?parent=2443"}],"curies":[{"name":"wp","href":"https:\/\/api.w.org\/{rel}","templated":true}]}}