{"id":2445,"date":"2021-09-14T02:03:32","date_gmt":"2021-09-14T02:03:32","guid":{"rendered":"http:\/\/rafa.fisica.org.ar\/?page_id=2445"},"modified":"2021-09-14T02:15:26","modified_gmt":"2021-09-14T02:15:26","slug":"dra-pamela-a-pardini","status":"publish","type":"page","link":"http:\/\/rafa.fisica.org.ar\/en\/programa\/premios\/premio-giambiagi\/presentaciones-premio-giambiagi\/dra-pamela-a-pardini\/","title":{"rendered":"Dra. Pamela A. Pardini"},"content":{"rendered":"\t\t<div data-elementor-type=\"wp-page\" data-elementor-id=\"2445\" class=\"elementor elementor-2445\" data-elementor-settings=\"[]\">\n\t\t\t\t\t\t\t<div class=\"elementor-section-wrap\">\n\t\t\t\t\t\t\t<section class=\"elementor-section elementor-top-section elementor-element elementor-element-a61dfa8 elementor-section-boxed elementor-section-height-default elementor-section-height-default\" data-id=\"a61dfa8\" data-element_type=\"section\" data-settings=\"{&quot;shape_divider_bottom&quot;:&quot;mountains&quot;}\">\n\t\t\t\t\t<div class=\"elementor-shape elementor-shape-bottom\" data-negative=\"false\">\n\t\t\t<svg xmlns=\"http:\/\/www.w3.org\/2000\/svg\" viewBox=\"0 0 1000 100\" preserveAspectRatio=\"none\">\n\t<path class=\"elementor-shape-fill\" opacity=\"0.33\" d=\"M473,67.3c-203.9,88.3-263.1-34-320.3,0C66,119.1,0,59.7,0,59.7V0h1000v59.7 c0,0-62.1,26.1-94.9,29.3c-32.8,3.3-62.8-12.3-75.8-22.1C806,49.6,745.3,8.7,694.9,4.7S492.4,59,473,67.3z\"\/>\n\t<path class=\"elementor-shape-fill\" opacity=\"0.66\" d=\"M734,67.3c-45.5,0-77.2-23.2-129.1-39.1c-28.6-8.7-150.3-10.1-254,39.1 s-91.7-34.4-149.2,0C115.7,118.3,0,39.8,0,39.8V0h1000v36.5c0,0-28.2-18.5-92.1-18.5C810.2,18.1,775.7,67.3,734,67.3z\"\/>\n\t<path class=\"elementor-shape-fill\" d=\"M766.1,28.9c-200-57.5-266,65.5-395.1,19.5C242,1.8,242,5.4,184.8,20.6C128,35.8,132.3,44.9,89.9,52.5C28.6,63.7,0,0,0,0 h1000c0,0-9.9,40.9-83.6,48.1S829.6,47,766.1,28.9z\"\/>\n<\/svg>\t\t<\/div>\n\t\t\t\t\t<div class=\"elementor-container elementor-column-gap-default\">\n\t\t\t\t\t<div class=\"elementor-column elementor-col-100 elementor-top-column elementor-element elementor-element-36931ef\" data-id=\"36931ef\" data-element_type=\"column\">\n\t\t\t<div class=\"elementor-widget-wrap elementor-element-populated\">\n\t\t\t\t\t\t\t\t<div class=\"elementor-element elementor-element-f79a1c1 elementor-widget elementor-widget-text-editor\" data-id=\"f79a1c1\" data-element_type=\"widget\" data-widget_type=\"text-editor.default\">\n\t\t\t\t<div class=\"elementor-widget-container\">\n\t\t\t\t\t\t\t<p><em>Tesis doctoral tesis titulada \u201cEstudio de medios difusivos con heterogeneidades de bajo scattering. Detecci\u00f3n y caracterizaci\u00f3n \u00f3ptica en 3D.\u201d, defendida el 18 de marzo de 2018 y ganadora del premio Giambiagi 2020, realizada en la Facultad de Ciencias Exactas, UNCPBA (Tandil), en el Grupo \u00d3ptica Biom\u00e9dica (CIFICEN) y dirigida por los dres. Daniela Iriarte y Juan Pomarico.<\/em><\/p>\n<h5>Mi tesis doctoral: Estudio de Medio Difusivos con inclusiones de bajo Scattering, y como sigo ahora.<\/h5>\n<p style=\"padding-left: 40px;\">Durante la charla contar\u00e9 mi trabajo de tesis doctoral, donde estudi\u00e9 c\u00f3mo es el transporte de luz en el infrarrojo cercano en medios difusivos, y de particular inter\u00e9s, el tejido mamario. El estudio fue realizado sobre fantomas, que son sistemas que emulan propiedades de los tejidos reales, con las caracter\u00edsticas \u00f3pticas de las mamas (alto coeficiente de scattering y relativa baja absorci\u00f3n) con dos tipos de heterogeneidades localizadas que representan tumores, de alto scttering, y quistes, de bajo scattering, en dos arreglos experimentales que emplean luz infrarroja: transmitancia, una t\u00e9cnica de onda continua con c\u00e1mara CCD como detectores, que permite una primera caracterizaci\u00f3n cualitativa del sistema; y en un sistema tomogr\u00e1fico, empleando l\u00e1seres pulsados y detectores conectados a una placa de conteo de fotones.<\/p>\n<p style=\"padding-left: 40px;\">Espec\u00edficamente, se consigui\u00f3 evaluar, en un entorno de laboratorio, un arreglo experimental para el estudio topogr\u00e1fico y tomogr\u00e1fico, con aplicaci\u00f3n para el estudio diagn\u00f3stico de patolog\u00edas mamarias, usando una fuente l\u00e1ser, de baja potencia, y detectores adecuados.<\/p>\n<p style=\"padding-left: 40px;\">Resumir\u00e9 los principales resultados y c\u00f3mo ellos aportaron al proyecto en el que me desempe\u00f1o actualmente: &#8216;Mam\u00f3grafo \u00d3ptico&#8217;, que naci\u00f3 en el grupo de investigaci\u00f3n donde fue realizada la tesis, y que fue reconocido en dos oportunidades en concursos de ideas innovadoras. Actualmente, el desarrollo tecnol\u00f3gico es llevado adelante por la startup BIONIRS, que fundamos junto a los investigadores del grupo de \u00d3ptica Biom\u00e9dica, que actualmente se encuentra incubada. Me desempe\u00f1o como la CEO de esa empresa, y compartir\u00e9 c\u00f3mo fue cambiar de la academia a una EBT, y de qu\u00e9 se trata el desarrollo Mam\u00f3grafo \u00d3ptico.<\/p><p style=\"padding-left: 40px;\"><br><\/p>\n<p><\/p>\t\t\t\t\t\t<\/div>\n\t\t\t\t<\/div>\n\t\t\t\t\t<\/div>\n\t\t<\/div>\n\t\t\t\t\t\t\t<\/div>\n\t\t<\/section>\n\t\t\t\t\t\t<\/div>\n\t\t\t\t\t<\/div>\n\t\t","protected":false},"excerpt":{"rendered":"<p>Tesis doctoral tesis titulada \u201cEstudio de medios difusivos con heterogeneidades de bajo scattering. Detecci\u00f3n y caracterizaci\u00f3n \u00f3ptica en 3D.\u201d, defendida el 18 de marzo de 2018 y ganadora del premio&hellip;&nbsp;<a href=\"http:\/\/rafa.fisica.org.ar\/en\/programa\/premios\/premio-giambiagi\/presentaciones-premio-giambiagi\/dra-pamela-a-pardini\/\" class=\"\" rel=\"bookmark\">Read More &raquo;<span class=\"screen-reader-text\">Dra. Pamela A. Pardini<\/span><\/a><\/p>\n","protected":false},"author":2,"featured_media":0,"parent":2416,"menu_order":0,"comment_status":"closed","ping_status":"closed","template":"elementor_theme","meta":{"neve_meta_sidebar":"","neve_meta_container":"","neve_meta_enable_content_width":"off","neve_meta_content_width":100,"neve_meta_title_alignment":"","neve_meta_author_avatar":"","neve_post_elements_order":"","neve_meta_disable_header":"","neve_meta_disable_footer":"","neve_meta_disable_title":"","_ti_tpc_template_sync":false,"_ti_tpc_template_id":"","footnotes":""},"class_list":["post-2445","page","type-page","status-publish","hentry"],"_links":{"self":[{"href":"http:\/\/rafa.fisica.org.ar\/en\/wp-json\/wp\/v2\/pages\/2445","targetHints":{"allow":["GET"]}}],"collection":[{"href":"http:\/\/rafa.fisica.org.ar\/en\/wp-json\/wp\/v2\/pages"}],"about":[{"href":"http:\/\/rafa.fisica.org.ar\/en\/wp-json\/wp\/v2\/types\/page"}],"author":[{"embeddable":true,"href":"http:\/\/rafa.fisica.org.ar\/en\/wp-json\/wp\/v2\/users\/2"}],"replies":[{"embeddable":true,"href":"http:\/\/rafa.fisica.org.ar\/en\/wp-json\/wp\/v2\/comments?post=2445"}],"version-history":[{"count":4,"href":"http:\/\/rafa.fisica.org.ar\/en\/wp-json\/wp\/v2\/pages\/2445\/revisions"}],"predecessor-version":[{"id":2459,"href":"http:\/\/rafa.fisica.org.ar\/en\/wp-json\/wp\/v2\/pages\/2445\/revisions\/2459"}],"up":[{"embeddable":true,"href":"http:\/\/rafa.fisica.org.ar\/en\/wp-json\/wp\/v2\/pages\/2416"}],"wp:attachment":[{"href":"http:\/\/rafa.fisica.org.ar\/en\/wp-json\/wp\/v2\/media?parent=2445"}],"curies":[{"name":"wp","href":"https:\/\/api.w.org\/{rel}","templated":true}]}}