{"id":3307,"date":"2021-10-13T17:09:58","date_gmt":"2021-10-13T20:09:58","guid":{"rendered":"http:\/\/rafa.fisica.org.ar\/?page_id=3307"},"modified":"2021-10-13T17:34:00","modified_gmt":"2021-10-13T20:34:00","slug":"webinar-2","status":"publish","type":"page","link":"http:\/\/rafa.fisica.org.ar\/en\/links-importantes\/webinar-2\/","title":{"rendered":"Webinar con Mac"},"content":{"rendered":"\t\t<div data-elementor-type=\"wp-page\" data-elementor-id=\"3307\" class=\"elementor elementor-3307\" data-elementor-settings=\"[]\">\n\t\t\t\t\t\t\t<div class=\"elementor-section-wrap\">\n\t\t\t\t\t\t\t<section class=\"elementor-section elementor-top-section elementor-element elementor-element-c5143cf elementor-section-boxed elementor-section-height-default elementor-section-height-default\" data-id=\"c5143cf\" data-element_type=\"section\">\n\t\t\t\t\t\t<div class=\"elementor-container elementor-column-gap-default\">\n\t\t\t\t\t<div class=\"elementor-column elementor-col-100 elementor-top-column elementor-element elementor-element-aec9b40\" data-id=\"aec9b40\" data-element_type=\"column\">\n\t\t\t<div class=\"elementor-widget-wrap elementor-element-populated\">\n\t\t\t\t\t\t\t\t<div class=\"elementor-element elementor-element-a294bcb elementor-widget elementor-widget-heading\" data-id=\"a294bcb\" data-element_type=\"widget\" data-widget_type=\"heading.default\">\n\t\t\t\t<div class=\"elementor-widget-container\">\n\t\t\t<h2 class=\"elementor-heading-title elementor-size-default\">Instructivo simplificado WEBEX (INVITADOS)<\/h2>\t\t<\/div>\n\t\t\t\t<\/div>\n\t\t\t\t<div class=\"elementor-element elementor-element-4da12c2 elementor-widget elementor-widget-text-editor\" data-id=\"4da12c2\" data-element_type=\"widget\" data-widget_type=\"text-editor.default\">\n\t\t\t\t<div class=\"elementor-widget-container\">\n\t\t\t\t\t\t\t<p><strong>Aclaraci\u00f3n:<\/strong> el siguiente instructivo est\u00e1 pensado para el ingreso desde una <strong>Apple Macintosh<\/strong>. Recomendamos <em>fuertemente<\/em> usar Chrome y NO las aplicaciones provistas por webex.<\/p><p><strong>1)<\/strong> Activaci\u00f3n de la cuenta. Le llegar\u00e1 un mail pidiendo que active su cuenta de webex <strong>(al mail que us\u00f3 en su formulario de inscripci\u00f3n).<\/strong><\/p><p><img loading=\"lazy\" decoding=\"async\" class=\"aligncenter wp-image-3329\" src=\"http:\/\/rafa.fisica.org.ar\/wp-content\/uploads\/2021\/10\/001_mac-300x169.jpg\" alt=\"\" width=\"700\" height=\"394\" srcset=\"http:\/\/rafa.fisica.org.ar\/wp-content\/uploads\/2021\/10\/001_mac-300x169.jpg 300w, http:\/\/rafa.fisica.org.ar\/wp-content\/uploads\/2021\/10\/001_mac-1024x576.jpg 1024w, http:\/\/rafa.fisica.org.ar\/wp-content\/uploads\/2021\/10\/001_mac-768x432.jpg 768w, http:\/\/rafa.fisica.org.ar\/wp-content\/uploads\/2021\/10\/001_mac-600x338.jpg 600w, http:\/\/rafa.fisica.org.ar\/wp-content\/uploads\/2021\/10\/001_mac.jpg 1171w\" sizes=\"auto, (max-width: 700px) 100vw, 700px\" \/><\/p><p>Active su cuenta poniendo una clave (presente atenci\u00f3n a los requisitos del <em>password<\/em>)<\/p><p><img loading=\"lazy\" decoding=\"async\" class=\"aligncenter wp-image-3327\" src=\"http:\/\/rafa.fisica.org.ar\/wp-content\/uploads\/2021\/10\/002_mac-300x169.jpg\" alt=\"\" width=\"700\" height=\"393\" srcset=\"http:\/\/rafa.fisica.org.ar\/wp-content\/uploads\/2021\/10\/002_mac-300x169.jpg 300w, http:\/\/rafa.fisica.org.ar\/wp-content\/uploads\/2021\/10\/002_mac-1024x575.jpg 1024w, http:\/\/rafa.fisica.org.ar\/wp-content\/uploads\/2021\/10\/002_mac-768x431.jpg 768w, http:\/\/rafa.fisica.org.ar\/wp-content\/uploads\/2021\/10\/002_mac-600x337.jpg 600w, http:\/\/rafa.fisica.org.ar\/wp-content\/uploads\/2021\/10\/002_mac.jpg 1173w\" sizes=\"auto, (max-width: 700px) 100vw, 700px\" \/><\/p><p><b>2)<\/b> Antes del comienzo del evento le llegar\u00e1 la invitaci\u00f3n a la 106\u00b0 RAFA <strong>(al mail que us\u00f3 en su formulario de inscripci\u00f3n).<\/strong><\/p><p><img loading=\"lazy\" decoding=\"async\" class=\"aligncenter wp-image-3326\" src=\"http:\/\/rafa.fisica.org.ar\/wp-content\/uploads\/2021\/10\/003_mac-300x168.jpg\" alt=\"\" width=\"700\" height=\"392\" srcset=\"http:\/\/rafa.fisica.org.ar\/wp-content\/uploads\/2021\/10\/003_mac-300x168.jpg 300w, http:\/\/rafa.fisica.org.ar\/wp-content\/uploads\/2021\/10\/003_mac-1024x574.jpg 1024w, http:\/\/rafa.fisica.org.ar\/wp-content\/uploads\/2021\/10\/003_mac-768x430.jpg 768w, http:\/\/rafa.fisica.org.ar\/wp-content\/uploads\/2021\/10\/003_mac-600x336.jpg 600w, http:\/\/rafa.fisica.org.ar\/wp-content\/uploads\/2021\/10\/003_mac.jpg 1176w\" sizes=\"auto, (max-width: 700px) 100vw, 700px\" \/><\/p><p><b>3)<\/b>\u00a0 Entre a la hora y el d\u00eda de la reuni\u00f3n programada. Le pedir\u00e1 un correo y una clave. Ponga <strong>el mail que us\u00f3 en el formulario de inscripci\u00f3n<\/strong> y la clave que puso en el paso <strong>(1)<\/strong>.<\/p><p align=\"left\"><strong>Aclaraci\u00f3n:<\/strong> Si esta usando MAC o Windows y tiene instalada la aplicaci\u00f3n webex al ingresar le permite elegir si usar la desktop app o web app. (desktop app se <b>elige por defecto<\/b> y sabemos que puede causar problemas.. <b>NO LA ELIJA!<\/b>)<\/p><p align=\"left\"><img loading=\"lazy\" decoding=\"async\" class=\"aligncenter wp-image-3325\" src=\"http:\/\/rafa.fisica.org.ar\/wp-content\/uploads\/2021\/10\/004_mac-300x222.jpg\" alt=\"\" width=\"700\" height=\"517\" srcset=\"http:\/\/rafa.fisica.org.ar\/wp-content\/uploads\/2021\/10\/004_mac-300x222.jpg 300w, http:\/\/rafa.fisica.org.ar\/wp-content\/uploads\/2021\/10\/004_mac-1024x757.jpg 1024w, http:\/\/rafa.fisica.org.ar\/wp-content\/uploads\/2021\/10\/004_mac-768x568.jpg 768w, http:\/\/rafa.fisica.org.ar\/wp-content\/uploads\/2021\/10\/004_mac-600x444.jpg 600w, http:\/\/rafa.fisica.org.ar\/wp-content\/uploads\/2021\/10\/004_mac.jpg 1116w\" sizes=\"auto, (max-width: 700px) 100vw, 700px\" \/><\/p><p><b>4)<\/b> Dentro de la reuni\u00f3n entrar\u00e1 a la sala principal. Ah\u00ed se dar\u00e1n las conferencias plenarias. Su micr\u00f3fono y c\u00e1maras estar\u00e1n desactivadas por defecto a la entrada y trate de mantenerlos as\u00ed para no interrumpir a quien presenta. Las\/los \u201cpresentadores\u201d, ser\u00e1n promovidos por alg\u00fan <em>host<\/em> (a cargo de la sesi\u00f3n) a esa categor\u00eda.<\/p><p><img loading=\"lazy\" decoding=\"async\" class=\"aligncenter wp-image-3324\" src=\"http:\/\/rafa.fisica.org.ar\/wp-content\/uploads\/2021\/10\/005_mac-300x169.jpg\" alt=\"\" width=\"700\" height=\"393\" srcset=\"http:\/\/rafa.fisica.org.ar\/wp-content\/uploads\/2021\/10\/005_mac-300x169.jpg 300w, http:\/\/rafa.fisica.org.ar\/wp-content\/uploads\/2021\/10\/005_mac-1024x575.jpg 1024w, http:\/\/rafa.fisica.org.ar\/wp-content\/uploads\/2021\/10\/005_mac-768x431.jpg 768w, http:\/\/rafa.fisica.org.ar\/wp-content\/uploads\/2021\/10\/005_mac-600x337.jpg 600w, http:\/\/rafa.fisica.org.ar\/wp-content\/uploads\/2021\/10\/005_mac.jpg 1173w\" sizes=\"auto, (max-width: 700px) 100vw, 700px\" \/><\/p><p><b>5)<\/b> Para ver a otros participantes haga click en \u201cparticipants\u201c. Puede chatear con cualquier participante en particular clickeando sobre el nombre o puede chatear con el chat publico (click en chat).<\/p><p><img loading=\"lazy\" decoding=\"async\" class=\"aligncenter wp-image-3323\" src=\"http:\/\/rafa.fisica.org.ar\/wp-content\/uploads\/2021\/10\/006_mac-300x169.jpg\" alt=\"\" width=\"700\" height=\"394\" srcset=\"http:\/\/rafa.fisica.org.ar\/wp-content\/uploads\/2021\/10\/006_mac-300x169.jpg 300w, http:\/\/rafa.fisica.org.ar\/wp-content\/uploads\/2021\/10\/006_mac-1024x576.jpg 1024w, http:\/\/rafa.fisica.org.ar\/wp-content\/uploads\/2021\/10\/006_mac-768x432.jpg 768w, http:\/\/rafa.fisica.org.ar\/wp-content\/uploads\/2021\/10\/006_mac-600x338.jpg 600w, http:\/\/rafa.fisica.org.ar\/wp-content\/uploads\/2021\/10\/006_mac.jpg 1171w\" sizes=\"auto, (max-width: 700px) 100vw, 700px\" \/><\/p><p><b>6)<\/b> Cerca del final de las charlas plenarias de la ma\u00f1ana se activar\u00e1n las <em>\u201cbreackout sessions\u201d<\/em> que es donde se desarrollar\u00e1n las charlas de cada divisi\u00f3n y los posters. Para verlas, ir a \u201cparticipants\u201d. Clickear arriba en el cartel azul <em>\u201cshow all breakout sessions\u201d<\/em>.<\/p><p><img loading=\"lazy\" decoding=\"async\" class=\"aligncenter wp-image-3322\" src=\"http:\/\/rafa.fisica.org.ar\/wp-content\/uploads\/2021\/10\/007_mac-300x169.jpg\" alt=\"\" width=\"700\" height=\"394\" srcset=\"http:\/\/rafa.fisica.org.ar\/wp-content\/uploads\/2021\/10\/007_mac-300x169.jpg 300w, http:\/\/rafa.fisica.org.ar\/wp-content\/uploads\/2021\/10\/007_mac-1024x576.jpg 1024w, http:\/\/rafa.fisica.org.ar\/wp-content\/uploads\/2021\/10\/007_mac-768x432.jpg 768w, http:\/\/rafa.fisica.org.ar\/wp-content\/uploads\/2021\/10\/007_mac-600x338.jpg 600w, http:\/\/rafa.fisica.org.ar\/wp-content\/uploads\/2021\/10\/007_mac.jpg 1171w\" sizes=\"auto, (max-width: 700px) 100vw, 700px\" \/><\/p><p>Al clickear en el cartel azul <em>\u201cshow all breakout sessions\u201d<\/em> aparecer\u00e1n todas las salas. Entre a la sala que desee.<\/p><p><img loading=\"lazy\" decoding=\"async\" class=\"aligncenter wp-image-3321\" src=\"http:\/\/rafa.fisica.org.ar\/wp-content\/uploads\/2021\/10\/008_mac-300x169.jpg\" alt=\"\" width=\"700\" height=\"394\" srcset=\"http:\/\/rafa.fisica.org.ar\/wp-content\/uploads\/2021\/10\/008_mac-300x169.jpg 300w, http:\/\/rafa.fisica.org.ar\/wp-content\/uploads\/2021\/10\/008_mac-1024x576.jpg 1024w, http:\/\/rafa.fisica.org.ar\/wp-content\/uploads\/2021\/10\/008_mac-768x432.jpg 768w, http:\/\/rafa.fisica.org.ar\/wp-content\/uploads\/2021\/10\/008_mac-600x338.jpg 600w, http:\/\/rafa.fisica.org.ar\/wp-content\/uploads\/2021\/10\/008_mac.jpg 1171w\" sizes=\"auto, (max-width: 700px) 100vw, 700px\" \/><\/p><p><b>7)<\/b> Para salir de una <em>\u201cbreakout session\u201d<\/em> y volver a la sala principal, clickear sobre la puertita roja abajo a la derecha.<\/p><p><img loading=\"lazy\" decoding=\"async\" class=\"aligncenter wp-image-3320\" src=\"http:\/\/rafa.fisica.org.ar\/wp-content\/uploads\/2021\/10\/009_mac-300x169.jpg\" alt=\"\" width=\"700\" height=\"394\" srcset=\"http:\/\/rafa.fisica.org.ar\/wp-content\/uploads\/2021\/10\/009_mac-300x169.jpg 300w, http:\/\/rafa.fisica.org.ar\/wp-content\/uploads\/2021\/10\/009_mac-1024x576.jpg 1024w, http:\/\/rafa.fisica.org.ar\/wp-content\/uploads\/2021\/10\/009_mac-768x432.jpg 768w, http:\/\/rafa.fisica.org.ar\/wp-content\/uploads\/2021\/10\/009_mac-600x338.jpg 600w, http:\/\/rafa.fisica.org.ar\/wp-content\/uploads\/2021\/10\/009_mac.jpg 1171w\" sizes=\"auto, (max-width: 700px) 100vw, 700px\" \/><\/p><p><b>8)<\/b> Finalmente recuerde que si present\u00f3 un trabajo y no fue seleccionado como charla <span style=\"color: #ff00ff;\"><strong>USTED TIENE POSTER<\/strong><\/span>. Las sesiones de posters se dar\u00e1n en las <em>\u201cbreakout sessions\u201d<\/em> en el horario que figura en el cronograma de la reuni\u00f3n (consultar <a href=\"http:\/\/rafa.fisica.org.ar\/programa\/posters\/\">http:\/\/rafa.fisica.org.ar\/programa\/posters\/<\/a>). Habr\u00e1 alrededor de 80 salas (1 por poster) para presentar su p\u00f3ster durante dos horas en el formato que mejor le parezca. Los trabajos asignados a cada d\u00eda y sala se dar\u00e1n a conocer oportunamente (consultar <a href=\"http:\/\/rafa.fisica.org.ar\/programa\/posters\/\">http:\/\/rafa.fisica.org.ar\/programa\/posters\/<\/a>).<\/p>\t\t\t\t\t\t<\/div>\n\t\t\t\t<\/div>\n\t\t\t\t\t<\/div>\n\t\t<\/div>\n\t\t\t\t\t\t\t<\/div>\n\t\t<\/section>\n\t\t\t\t\t\t<\/div>\n\t\t\t\t\t<\/div>\n\t\t","protected":false},"excerpt":{"rendered":"<p>Instructivo simplificado WEBEX (INVITADOS) Aclaraci\u00f3n: el siguiente instructivo est\u00e1 pensado para el ingreso desde una PC. Recomendamos fuertemente usar Chrome y NO las aplicaciones provistas por webex. 1) Activaci\u00f3n de&hellip;&nbsp;<a href=\"http:\/\/rafa.fisica.org.ar\/en\/links-importantes\/webinar-2\/\" class=\"\" rel=\"bookmark\">Read More &raquo;<span class=\"screen-reader-text\">Webinar con Mac<\/span><\/a><\/p>\n","protected":false},"author":2,"featured_media":0,"parent":82,"menu_order":0,"comment_status":"closed","ping_status":"closed","template":"","meta":{"neve_meta_sidebar":"full-width","neve_meta_container":"","neve_meta_enable_content_width":"off","neve_meta_content_width":100,"neve_meta_title_alignment":"","neve_meta_author_avatar":"","neve_post_elements_order":"","neve_meta_disable_header":"","neve_meta_disable_footer":"","neve_meta_disable_title":"","_ti_tpc_template_sync":false,"_ti_tpc_template_id":"","footnotes":""},"class_list":["post-3307","page","type-page","status-publish","hentry"],"_links":{"self":[{"href":"http:\/\/rafa.fisica.org.ar\/en\/wp-json\/wp\/v2\/pages\/3307","targetHints":{"allow":["GET"]}}],"collection":[{"href":"http:\/\/rafa.fisica.org.ar\/en\/wp-json\/wp\/v2\/pages"}],"about":[{"href":"http:\/\/rafa.fisica.org.ar\/en\/wp-json\/wp\/v2\/types\/page"}],"author":[{"embeddable":true,"href":"http:\/\/rafa.fisica.org.ar\/en\/wp-json\/wp\/v2\/users\/2"}],"replies":[{"embeddable":true,"href":"http:\/\/rafa.fisica.org.ar\/en\/wp-json\/wp\/v2\/comments?post=3307"}],"version-history":[{"count":22,"href":"http:\/\/rafa.fisica.org.ar\/en\/wp-json\/wp\/v2\/pages\/3307\/revisions"}],"predecessor-version":[{"id":3344,"href":"http:\/\/rafa.fisica.org.ar\/en\/wp-json\/wp\/v2\/pages\/3307\/revisions\/3344"}],"up":[{"embeddable":true,"href":"http:\/\/rafa.fisica.org.ar\/en\/wp-json\/wp\/v2\/pages\/82"}],"wp:attachment":[{"href":"http:\/\/rafa.fisica.org.ar\/en\/wp-json\/wp\/v2\/media?parent=3307"}],"curies":[{"name":"wp","href":"https:\/\/api.w.org\/{rel}","templated":true}]}}