{"id":606,"date":"2018-08-09T12:35:35","date_gmt":"2018-08-09T12:35:35","guid":{"rendered":"https:\/\/demosites.io\/neve\/?page_id=2"},"modified":"2021-10-21T17:01:22","modified_gmt":"2021-10-21T20:01:22","slug":"df480-home","status":"publish","type":"page","link":"http:\/\/rafa.fisica.org.ar\/en\/","title":{"rendered":"Inicio"},"content":{"rendered":"\t\t<div data-elementor-type=\"wp-post\" data-elementor-id=\"606\" class=\"elementor elementor-606\" data-elementor-settings=\"[]\">\n\t\t\t\t\t\t\t<div class=\"elementor-section-wrap\">\n\t\t\t\t\t\t\t<section class=\"elementor-section elementor-top-section elementor-element elementor-element-6bea8fc8 elementor-section-boxed elementor-section-height-default elementor-section-height-default\" data-id=\"6bea8fc8\" data-element_type=\"section\" data-settings=\"{&quot;background_background&quot;:&quot;classic&quot;}\">\n\t\t\t\t\t\t\t<div class=\"elementor-background-overlay\"><\/div>\n\t\t\t\t\t\t\t<div class=\"elementor-container elementor-column-gap-default\">\n\t\t\t\t\t<div class=\"elementor-column elementor-col-100 elementor-top-column elementor-element elementor-element-c206e1f\" data-id=\"c206e1f\" data-element_type=\"column\">\n\t\t\t<div class=\"elementor-widget-wrap elementor-element-populated\">\n\t\t\t\t\t\t\t\t<div class=\"elementor-element elementor-element-6a8754b elementor-widget elementor-widget-heading\" data-id=\"6a8754b\" data-element_type=\"widget\" data-widget_type=\"heading.default\">\n\t\t\t\t<div class=\"elementor-widget-container\">\n\t\t\t<h1 class=\"elementor-heading-title elementor-size-default\">12 al 15 de octubre de 2021<\/h1>\t\t<\/div>\n\t\t\t\t<\/div>\n\t\t\t\t<div class=\"elementor-element elementor-element-7061b75 elementor-widget elementor-widget-text-editor\" data-id=\"7061b75\" data-element_type=\"widget\" data-widget_type=\"text-editor.default\">\n\t\t\t\t<div class=\"elementor-widget-container\">\n\t\t\t\t\t\t\t<p>Por la situaci\u00f3n sanitaria producida por la pandemia de Sars-Cov-2 , la Comisi\u00f3n Directiva de la Asociaci\u00f3n y el Comit\u00e9 Organizador Local (Filial C\u00f3rdoba) resolvieron que la <strong>106\u00b0 Reuni\u00f3n Anual de la Asociaci\u00f3n fuera realizada en modalidad virtual<\/strong>. El objetivo de la reuni\u00f3n es reunir a investigadores de diferentes regiones del pa\u00eds en un evento destacado por su nivel cient\u00edfico, promover la mejora en la calidad de la ense\u00f1anza de esta disciplina en todos los niveles, y la divulgaci\u00f3n del conocimiento.<\/p>\t\t\t\t\t\t<\/div>\n\t\t\t\t<\/div>\n\t\t\t\t<div class=\"elementor-element elementor-element-a70a8f1 elementor-align-center elementor-widget elementor-widget-button\" data-id=\"a70a8f1\" data-element_type=\"widget\" data-widget_type=\"button.default\">\n\t\t\t\t<div class=\"elementor-widget-container\">\n\t\t\t\t\t<div class=\"elementor-button-wrapper\">\n\t\t\t<a href=\"http:\/\/rafa.fisica.org.ar\/links-importantes\/libro-de-resumenes\/\" class=\"elementor-button-link elementor-button elementor-size-xl\" role=\"button\">\n\t\t\t\t\t\t<span class=\"elementor-button-content-wrapper\">\n\t\t\t\t\t\t<span class=\"elementor-button-text\">Libro de Res\u00famenes<\/span>\n\t\t<\/span>\n\t\t\t\t\t<\/a>\n\t\t<\/div>\n\t\t\t\t<\/div>\n\t\t\t\t<\/div>\n\t\t\t\t\t<\/div>\n\t\t<\/div>\n\t\t\t\t\t\t\t<\/div>\n\t\t<\/section>\n\t\t\t\t<section class=\"elementor-section elementor-top-section elementor-element elementor-element-a8e9ae8 elementor-section-boxed elementor-section-height-default elementor-section-height-default\" data-id=\"a8e9ae8\" data-element_type=\"section\">\n\t\t\t\t\t\t<div class=\"elementor-container elementor-column-gap-default\">\n\t\t\t\t\t<div class=\"elementor-column elementor-col-100 elementor-top-column elementor-element elementor-element-7bf87df\" data-id=\"7bf87df\" data-element_type=\"column\">\n\t\t\t<div class=\"elementor-widget-wrap elementor-element-populated\">\n\t\t\t\t\t\t\t\t<div class=\"elementor-element elementor-element-9443d2e elementor-grid-3 elementor-grid-tablet-2 elementor-grid-mobile-1 elementor-posts--thumbnail-top elementor-widget elementor-widget-posts\" data-id=\"9443d2e\" data-element_type=\"widget\" data-settings=\"{&quot;classic_columns&quot;:&quot;3&quot;,&quot;classic_columns_tablet&quot;:&quot;2&quot;,&quot;classic_columns_mobile&quot;:&quot;1&quot;,&quot;classic_row_gap&quot;:{&quot;unit&quot;:&quot;px&quot;,&quot;size&quot;:35,&quot;sizes&quot;:[]}}\" data-widget_type=\"posts.classic\">\n\t\t\t\t<div class=\"elementor-widget-container\">\n\t\t\t\t\t<div class=\"elementor-posts-container elementor-posts elementor-posts--skin-classic elementor-grid\">\n\t\t\t\t<article class=\"elementor-post elementor-grid-item post-3391 post type-post status-publish format-standard has-post-thumbnail hentry category-noticias\">\n\t\t\t\t<a class=\"elementor-post__thumbnail__link\" href=\"http:\/\/rafa.fisica.org.ar\/en\/el-jurado-dio-su-veredicto\/\" >\n\t\t\t<div class=\"elementor-post__thumbnail\"><img loading=\"lazy\" decoding=\"async\" width=\"300\" height=\"300\" src=\"http:\/\/rafa.fisica.org.ar\/wp-content\/uploads\/2021\/10\/premio_luis_masperi-512-300x300.jpg\" class=\"attachment-medium size-medium\" alt=\"\" srcset=\"http:\/\/rafa.fisica.org.ar\/wp-content\/uploads\/2021\/10\/premio_luis_masperi-512-300x300.jpg 300w, http:\/\/rafa.fisica.org.ar\/wp-content\/uploads\/2021\/10\/premio_luis_masperi-512-150x150.jpg 150w, http:\/\/rafa.fisica.org.ar\/wp-content\/uploads\/2021\/10\/premio_luis_masperi-512-100x100.jpg 100w, http:\/\/rafa.fisica.org.ar\/wp-content\/uploads\/2021\/10\/premio_luis_masperi-512.jpg 512w\" sizes=\"auto, (max-width: 300px) 100vw, 300px\" \/><\/div>\n\t\t<\/a>\n\t\t\t\t<div class=\"elementor-post__text\">\n\t\t\t\t<h3 class=\"elementor-post__title\">\n\t\t\t<a href=\"http:\/\/rafa.fisica.org.ar\/en\/el-jurado-dio-su-veredicto\/\" >\n\t\t\t\tEl Jurado di\u00f3 su veredicto\t\t\t<\/a>\n\t\t<\/h3>\n\t\t\t\t<div class=\"elementor-post__meta-data\">\n\t\t\t\t\t<span class=\"elementor-post-date\">\n\t\t\t16\/10\/2021\t\t<\/span>\n\t\t\t\t<\/div>\n\t\t\t\t<div class=\"elementor-post__excerpt\">\n\t\t\t<p>El Jurado que evalu\u00f3 los postulantes al Premio M\u00e1speri 2021, integrado por las Doctoras Mariel Galassi, Ana Karina Chattah y Cecilia I. Ventura, di\u00f3 a<\/p>\n\t\t<\/div>\n\t\t\t\t\t<a class=\"elementor-post__read-more\" href=\"http:\/\/rafa.fisica.org.ar\/en\/el-jurado-dio-su-veredicto\/\" >\n\t\t\t\tLeer m\u00e1s \u00bb\t\t\t<\/a>\n\t\t\t\t<\/div>\n\t\t\t\t<\/article>\n\t\t\t\t<article class=\"elementor-post elementor-grid-item post-3349 post type-post status-publish format-standard has-post-thumbnail hentry category-noticias\">\n\t\t\t\t<a class=\"elementor-post__thumbnail__link\" href=\"http:\/\/rafa.fisica.org.ar\/en\/charla-nobel-en-mecanica-estadistica\/\" >\n\t\t\t<div class=\"elementor-post__thumbnail\"><img loading=\"lazy\" decoding=\"async\" width=\"300\" height=\"300\" src=\"http:\/\/rafa.fisica.org.ar\/wp-content\/uploads\/2021\/10\/charla-nobel-RAFA2021-Grigera-short_001x512-1-300x300.jpg\" class=\"attachment-medium size-medium\" alt=\"\" srcset=\"http:\/\/rafa.fisica.org.ar\/wp-content\/uploads\/2021\/10\/charla-nobel-RAFA2021-Grigera-short_001x512-1-300x300.jpg 300w, http:\/\/rafa.fisica.org.ar\/wp-content\/uploads\/2021\/10\/charla-nobel-RAFA2021-Grigera-short_001x512-1-150x150.jpg 150w, http:\/\/rafa.fisica.org.ar\/wp-content\/uploads\/2021\/10\/charla-nobel-RAFA2021-Grigera-short_001x512-1-100x100.jpg 100w, http:\/\/rafa.fisica.org.ar\/wp-content\/uploads\/2021\/10\/charla-nobel-RAFA2021-Grigera-short_001x512-1.jpg 512w\" sizes=\"auto, (max-width: 300px) 100vw, 300px\" \/><\/div>\n\t\t<\/a>\n\t\t\t\t<div class=\"elementor-post__text\">\n\t\t\t\t<h3 class=\"elementor-post__title\">\n\t\t\t<a href=\"http:\/\/rafa.fisica.org.ar\/en\/charla-nobel-en-mecanica-estadistica\/\" >\n\t\t\t\tCharla Nobel en Mec\u00e1nica Estad\u00edstica\t\t\t<\/a>\n\t\t<\/h3>\n\t\t\t\t<div class=\"elementor-post__meta-data\">\n\t\t\t\t\t<span class=\"elementor-post-date\">\n\t\t\t13\/10\/2021\t\t<\/span>\n\t\t\t\t<\/div>\n\t\t\t\t<div class=\"elementor-post__excerpt\">\n\t\t\t<p>Charla Nobel: Transiciones de fase en sistemas desordenados. A prop\u00f3sito del Premio Nobel a Giorgio Parisi. Tom\u00e1s S. Grigera Instituto de F\u00edsica de L\u00edquidos y<\/p>\n\t\t<\/div>\n\t\t\t\t\t<a class=\"elementor-post__read-more\" href=\"http:\/\/rafa.fisica.org.ar\/en\/charla-nobel-en-mecanica-estadistica\/\" >\n\t\t\t\tLeer m\u00e1s \u00bb\t\t\t<\/a>\n\t\t\t\t<\/div>\n\t\t\t\t<\/article>\n\t\t\t\t<article class=\"elementor-post elementor-grid-item post-3300 post type-post status-publish format-standard has-post-thumbnail hentry category-noticias\">\n\t\t\t\t<a class=\"elementor-post__thumbnail__link\" href=\"http:\/\/rafa.fisica.org.ar\/en\/ingreso-a-webinar-webex-con-apple\/\" >\n\t\t\t<div class=\"elementor-post__thumbnail\"><img loading=\"lazy\" decoding=\"async\" width=\"300\" height=\"300\" src=\"http:\/\/rafa.fisica.org.ar\/wp-content\/uploads\/2021\/10\/tutorial_x512_apple-300x300.jpg\" class=\"attachment-medium size-medium\" alt=\"\" srcset=\"http:\/\/rafa.fisica.org.ar\/wp-content\/uploads\/2021\/10\/tutorial_x512_apple-300x300.jpg 300w, http:\/\/rafa.fisica.org.ar\/wp-content\/uploads\/2021\/10\/tutorial_x512_apple-150x150.jpg 150w, http:\/\/rafa.fisica.org.ar\/wp-content\/uploads\/2021\/10\/tutorial_x512_apple-100x100.jpg 100w, http:\/\/rafa.fisica.org.ar\/wp-content\/uploads\/2021\/10\/tutorial_x512_apple.jpg 512w\" sizes=\"auto, (max-width: 300px) 100vw, 300px\" \/><\/div>\n\t\t<\/a>\n\t\t\t\t<div class=\"elementor-post__text\">\n\t\t\t\t<h3 class=\"elementor-post__title\">\n\t\t\t<a href=\"http:\/\/rafa.fisica.org.ar\/en\/ingreso-a-webinar-webex-con-apple\/\" >\n\t\t\t\tMac: ingreso WEBINAR\/WEBEX\t\t\t<\/a>\n\t\t<\/h3>\n\t\t\t\t<div class=\"elementor-post__meta-data\">\n\t\t\t\t\t<span class=\"elementor-post-date\">\n\t\t\t13\/10\/2021\t\t<\/span>\n\t\t\t\t<\/div>\n\t\t\t\t<div class=\"elementor-post__excerpt\">\n\t\t\t<p>Si todav\u00eda ten\u00e9s dudas de como ingresar a WEBINAR\/WEBEX con tu Apple Macintosh y participar de la 106\u00b0 RAFA, no dudes en consultar el sencillo<\/p>\n\t\t<\/div>\n\t\t\t\t\t<a class=\"elementor-post__read-more\" href=\"http:\/\/rafa.fisica.org.ar\/en\/ingreso-a-webinar-webex-con-apple\/\" >\n\t\t\t\tLeer m\u00e1s \u00bb\t\t\t<\/a>\n\t\t\t\t<\/div>\n\t\t\t\t<\/article>\n\t\t\t\t<\/div>\n\t\t\t\t<nav class=\"elementor-pagination\" role=\"navigation\" aria-label=\"Pagination\">\n\t\t\t<span aria-current=\"page\" class=\"page-numbers current\"><span class=\"elementor-screen-only\">Page<\/span>1<\/span>\n<a class=\"page-numbers\" href=\"http:\/\/rafa.fisica.org.ar\/en\/wp-json\/wp\/v2\/pages\/606\/page\/2\/\"><span class=\"elementor-screen-only\">Page<\/span>2<\/a>\n<a class=\"page-numbers\" href=\"http:\/\/rafa.fisica.org.ar\/en\/wp-json\/wp\/v2\/pages\/606\/page\/3\/\"><span class=\"elementor-screen-only\">Page<\/span>3<\/a>\n<a class=\"page-numbers\" href=\"http:\/\/rafa.fisica.org.ar\/en\/wp-json\/wp\/v2\/pages\/606\/page\/4\/\"><span class=\"elementor-screen-only\">Page<\/span>4<\/a>\n<a class=\"page-numbers\" href=\"http:\/\/rafa.fisica.org.ar\/en\/wp-json\/wp\/v2\/pages\/606\/page\/5\/\"><span class=\"elementor-screen-only\">Page<\/span>5<\/a>\t\t<\/nav>\n\t\t\t\t<\/div>\n\t\t\t\t<\/div>\n\t\t\t\t\t<\/div>\n\t\t<\/div>\n\t\t\t\t\t\t\t<\/div>\n\t\t<\/section>\n\t\t\t\t\t\t<\/div>\n\t\t\t\t\t<\/div>\n\t\t","protected":false},"excerpt":{"rendered":"<p>12 al 15 de octubre de 2021 Por la situaci\u00f3n sanitaria producida por la pandemia de Sars-Cov-2 , la Comisi\u00f3n Directiva de la Asociaci\u00f3n y el Comit\u00e9 Organizador Local (Filial&hellip;&nbsp;<a href=\"http:\/\/rafa.fisica.org.ar\/en\/ingreso-a-webinar-webex-con-apple\/\" class=\"\" rel=\"bookmark\">Read More &raquo;<span class=\"screen-reader-text\">Mac: ingreso WEBINAR\/WEBEX<\/span><\/a><\/p>\n","protected":false},"author":2,"featured_media":0,"parent":0,"menu_order":0,"comment_status":"closed","ping_status":"open","template":"page-templates\/template-pagebuilder-full-width.php","meta":{"neve_meta_sidebar":"","neve_meta_container":"","neve_meta_enable_content_width":"off","neve_meta_content_width":0,"neve_meta_title_alignment":"","neve_meta_author_avatar":"","neve_post_elements_order":"","neve_meta_disable_header":"","neve_meta_disable_footer":"","neve_meta_disable_title":"","_ti_tpc_template_sync":false,"_ti_tpc_template_id":"1flgp48yztr2fu7viquf","footnotes":""},"class_list":["post-606","page","type-page","status-publish","hentry"],"_links":{"self":[{"href":"http:\/\/rafa.fisica.org.ar\/en\/wp-json\/wp\/v2\/pages\/606","targetHints":{"allow":["GET"]}}],"collection":[{"href":"http:\/\/rafa.fisica.org.ar\/en\/wp-json\/wp\/v2\/pages"}],"about":[{"href":"http:\/\/rafa.fisica.org.ar\/en\/wp-json\/wp\/v2\/types\/page"}],"author":[{"embeddable":true,"href":"http:\/\/rafa.fisica.org.ar\/en\/wp-json\/wp\/v2\/users\/2"}],"replies":[{"embeddable":true,"href":"http:\/\/rafa.fisica.org.ar\/en\/wp-json\/wp\/v2\/comments?post=606"}],"version-history":[{"count":197,"href":"http:\/\/rafa.fisica.org.ar\/en\/wp-json\/wp\/v2\/pages\/606\/revisions"}],"predecessor-version":[{"id":3417,"href":"http:\/\/rafa.fisica.org.ar\/en\/wp-json\/wp\/v2\/pages\/606\/revisions\/3417"}],"wp:attachment":[{"href":"http:\/\/rafa.fisica.org.ar\/en\/wp-json\/wp\/v2\/media?parent=606"}],"curies":[{"name":"wp","href":"https:\/\/api.w.org\/{rel}","templated":true}]}}