{"id":74,"date":"2021-04-10T13:30:55","date_gmt":"2021-04-10T13:30:55","guid":{"rendered":"http:\/\/rafa2021.fisica.org.ar\/?page_id=74"},"modified":"2021-08-02T13:17:25","modified_gmt":"2021-08-02T13:17:25","slug":"inscripcion","status":"publish","type":"page","link":"http:\/\/rafa.fisica.org.ar\/en\/programa\/premios\/premio-masperi\/inscripcion\/","title":{"rendered":"Inscripci\u00f3n a Premio M\u00e1speri"},"content":{"rendered":"\t\t<div data-elementor-type=\"wp-page\" data-elementor-id=\"74\" class=\"elementor elementor-74\" data-elementor-settings=\"[]\">\n\t\t\t\t\t\t\t<div class=\"elementor-section-wrap\">\n\t\t\t\t\t\t\t<section class=\"elementor-section elementor-top-section elementor-element elementor-element-64d4b098 elementor-section-boxed elementor-section-height-default elementor-section-height-default\" data-id=\"64d4b098\" data-element_type=\"section\">\n\t\t\t\t\t\t<div class=\"elementor-container elementor-column-gap-default\">\n\t\t\t\t\t<div class=\"elementor-column elementor-col-100 elementor-top-column elementor-element elementor-element-76d7c02a\" data-id=\"76d7c02a\" data-element_type=\"column\">\n\t\t\t<div class=\"elementor-widget-wrap elementor-element-populated\">\n\t\t\t\t\t\t\t\t<div class=\"elementor-element elementor-element-6c87d763 elementor-widget elementor-widget-text-editor\" data-id=\"6c87d763\" data-element_type=\"widget\" data-widget_type=\"text-editor.default\">\n\t\t\t\t<div class=\"elementor-widget-container\">\n\t\t\t\t\t\t\t<p>Los interesados en concursar por el <strong>Premio Luis M\u00e1speri<\/strong> deber\u00e1n efectuar su inscripci\u00f3n en dos pasos:<\/p><p style=\"padding-left: 40px;\"><b>1.<\/b> inscribirse a trav\u00e9s de la <a href=\"http:\/\/sistema.fisica.org.ar\/\"><em><strong>Intranet de AFA<\/strong><\/em><\/a>: en la p\u00e1gina de inscripci\u00f3n deber\u00e1n <strong>marcar<\/strong> que es un <strong>poster<\/strong> y que es <strong>candidato<\/strong> al Premio M\u00e1speri.<\/p><p style=\"padding-left: 40px;\"><b>2.<\/b> realizada la inscripci\u00f3n en la Intranet, deber\u00e1n <strong>completar <a href=\"https:\/\/forms.gle\/y1wGaPjBpyzRjZ6h9\" target=\"_blank\" rel=\"noopener\">este formulario <em>online<\/em><\/a><\/strong>. (advertencia: deber\u00e1s completarlo desde una cuenta de\u00a0<em>gmail<\/em>). De no hacerlo, no se podr\u00e1 habilitar tu participaci\u00f3n.<\/p>\t\t\t\t\t\t<\/div>\n\t\t\t\t<\/div>\n\t\t\t\t\t<\/div>\n\t\t<\/div>\n\t\t\t\t\t\t\t<\/div>\n\t\t<\/section>\n\t\t\t\t\t\t<\/div>\n\t\t\t\t\t<\/div>\n\t\t","protected":false},"excerpt":{"rendered":"<p>Los interesados en concursar por el Premio Luis M\u00e1speri deber\u00e1n efectuar su inscripci\u00f3n en dos pasos: 1. inscribirse a trav\u00e9s de la Intranet de AFA: en la p\u00e1gina de inscripci\u00f3n&hellip;&nbsp;<a href=\"http:\/\/rafa.fisica.org.ar\/en\/programa\/premios\/premio-masperi\/inscripcion\/\" class=\"\" rel=\"bookmark\">Read More &raquo;<span class=\"screen-reader-text\">Inscripci\u00f3n a Premio M\u00e1speri<\/span><\/a><\/p>\n","protected":false},"author":2,"featured_media":0,"parent":72,"menu_order":0,"comment_status":"closed","ping_status":"closed","template":"","meta":{"neve_meta_sidebar":"","neve_meta_container":"","neve_meta_enable_content_width":"off","neve_meta_content_width":0,"neve_meta_title_alignment":"","neve_meta_author_avatar":"","neve_post_elements_order":"","neve_meta_disable_header":"","neve_meta_disable_footer":"","neve_meta_disable_title":"","_ti_tpc_template_sync":false,"_ti_tpc_template_id":"","footnotes":""},"class_list":["post-74","page","type-page","status-publish","hentry"],"_links":{"self":[{"href":"http:\/\/rafa.fisica.org.ar\/en\/wp-json\/wp\/v2\/pages\/74","targetHints":{"allow":["GET"]}}],"collection":[{"href":"http:\/\/rafa.fisica.org.ar\/en\/wp-json\/wp\/v2\/pages"}],"about":[{"href":"http:\/\/rafa.fisica.org.ar\/en\/wp-json\/wp\/v2\/types\/page"}],"author":[{"embeddable":true,"href":"http:\/\/rafa.fisica.org.ar\/en\/wp-json\/wp\/v2\/users\/2"}],"replies":[{"embeddable":true,"href":"http:\/\/rafa.fisica.org.ar\/en\/wp-json\/wp\/v2\/comments?post=74"}],"version-history":[{"count":15,"href":"http:\/\/rafa.fisica.org.ar\/en\/wp-json\/wp\/v2\/pages\/74\/revisions"}],"predecessor-version":[{"id":2076,"href":"http:\/\/rafa.fisica.org.ar\/en\/wp-json\/wp\/v2\/pages\/74\/revisions\/2076"}],"up":[{"embeddable":true,"href":"http:\/\/rafa.fisica.org.ar\/en\/wp-json\/wp\/v2\/pages\/72"}],"wp:attachment":[{"href":"http:\/\/rafa.fisica.org.ar\/en\/wp-json\/wp\/v2\/media?parent=74"}],"curies":[{"name":"wp","href":"https:\/\/api.w.org\/{rel}","templated":true}]}}