{"id":76,"date":"2021-04-10T13:31:11","date_gmt":"2021-04-10T13:31:11","guid":{"rendered":"http:\/\/rafa2021.fisica.org.ar\/?page_id=76"},"modified":"2021-07-14T00:55:47","modified_gmt":"2021-07-14T00:55:47","slug":"reglamento","status":"publish","type":"page","link":"http:\/\/rafa.fisica.org.ar\/en\/programa\/premios\/premio-masperi\/reglamento\/","title":{"rendered":"Reglamento Premio M\u00e1speri"},"content":{"rendered":"\t\t<div data-elementor-type=\"wp-page\" data-elementor-id=\"76\" class=\"elementor elementor-76\" data-elementor-settings=\"[]\">\n\t\t\t\t\t\t\t<div class=\"elementor-section-wrap\">\n\t\t\t\t\t\t\t<section class=\"elementor-section elementor-top-section elementor-element elementor-element-518ce945 elementor-section-boxed elementor-section-height-default elementor-section-height-default\" data-id=\"518ce945\" data-element_type=\"section\">\n\t\t\t\t\t\t<div class=\"elementor-container elementor-column-gap-default\">\n\t\t\t\t\t<div class=\"elementor-column elementor-col-100 elementor-top-column elementor-element elementor-element-33e740a7\" data-id=\"33e740a7\" data-element_type=\"column\">\n\t\t\t<div class=\"elementor-widget-wrap elementor-element-populated\">\n\t\t\t\t\t\t\t\t<div class=\"elementor-element elementor-element-1b3270df elementor-widget elementor-widget-text-editor\" data-id=\"1b3270df\" data-element_type=\"widget\" data-widget_type=\"text-editor.default\">\n\t\t\t\t<div class=\"elementor-widget-container\">\n\t\t\t\t\t\t\t<div class=\"entry-content\"><p>La Asociaci\u00f3n F\u00edsica Argentina (AFA), ha instituido el <strong><em>Premio<\/em> Luis Masperi<\/strong> para Trabajos Finales (Tesinas) de Licenciatura en F\u00edsica, presentados como trabajos murales (<em>p\u00f3ster<\/em>) durante la Reuni\u00f3n Anual.<\/p><h5>Bases del concurso<\/h5><p>\u2013 Podr\u00e1n participar en el concurso por el Premio Masperi, Licenciados en F\u00edsica cuyo Trabajo Final haya sido defendido en el per\u00edodo comprendido entre el 1 de julio del a\u00f1o anterior a la reuni\u00f3n y el 30 de junio inclusive del a\u00f1o de la reuni\u00f3n donde se presenta; y que realicen una contribuci\u00f3n mural (<em>p\u00f3ster<\/em>) en la misma, donde sean primer autor del trabajo.<\/p><p>\u2013 Ser\u00e1n evaluados por un Jurado, formado por 3 integrantes titulares y tres suplentes,\u00a0 instituido a tal efecto por la Comisi\u00f3n Directiva de la AFA.<\/p><p>\u2013 La evaluaci\u00f3n del trabajo se llevar\u00e1 a cabo durante el desarrollo de la reuni\u00f3n, mediante una breve exposici\u00f3n del mismo en la(s) sesi\u00f3n(es) de p\u00f3sters. De esta comunicaci\u00f3n se observar\u00e1 con particular \u00e9nfasis la claridad en cuanto a sus objetivos y contenidos cient\u00edficos.<\/p><p>\u2013 Al autor del trabajo que reciba el primer premio, la Asociaci\u00f3n le otorgar\u00e1 inscripci\u00f3n, pasaje y estad\u00eda para la siguiente reuni\u00f3n y la posibilidad de publicar el trabajo correspondiente en los Anales de la AFA eximidos del pago del costo de publicaci\u00f3n. De ser aprobado el art\u00edculo luego de su evaluaci\u00f3n por referees, el mismo ser\u00e1 publicado en los Anales de la AFA con expl\u00edcita menci\u00f3n en la revista de su car\u00e1cter de\u00a0\u00a0<em>\u201ctrabajo Premio M\u00e1speri\u201d<\/em>.<\/p><\/div>\t\t\t\t\t\t<\/div>\n\t\t\t\t<\/div>\n\t\t\t\t\t<\/div>\n\t\t<\/div>\n\t\t\t\t\t\t\t<\/div>\n\t\t<\/section>\n\t\t\t\t\t\t<\/div>\n\t\t\t\t\t<\/div>\n\t\t","protected":false},"excerpt":{"rendered":"<p>La Asociaci\u00f3n F\u00edsica Argentina (AFA), ha instituido el Premio Luis Masperi para Trabajos Finales (Tesinas) de Licenciatura en F\u00edsica, presentados como trabajos murales (p\u00f3ster) durante la Reuni\u00f3n Anual. Bases del&hellip;&nbsp;<a href=\"http:\/\/rafa.fisica.org.ar\/en\/programa\/premios\/premio-masperi\/reglamento\/\" class=\"\" rel=\"bookmark\">Read More &raquo;<span class=\"screen-reader-text\">Reglamento Premio M\u00e1speri<\/span><\/a><\/p>\n","protected":false},"author":2,"featured_media":0,"parent":72,"menu_order":0,"comment_status":"closed","ping_status":"closed","template":"","meta":{"neve_meta_sidebar":"","neve_meta_container":"","neve_meta_enable_content_width":"off","neve_meta_content_width":0,"neve_meta_title_alignment":"","neve_meta_author_avatar":"","neve_post_elements_order":"","neve_meta_disable_header":"","neve_meta_disable_footer":"","neve_meta_disable_title":"","_ti_tpc_template_sync":false,"_ti_tpc_template_id":"","footnotes":""},"class_list":["post-76","page","type-page","status-publish","hentry"],"_links":{"self":[{"href":"http:\/\/rafa.fisica.org.ar\/en\/wp-json\/wp\/v2\/pages\/76","targetHints":{"allow":["GET"]}}],"collection":[{"href":"http:\/\/rafa.fisica.org.ar\/en\/wp-json\/wp\/v2\/pages"}],"about":[{"href":"http:\/\/rafa.fisica.org.ar\/en\/wp-json\/wp\/v2\/types\/page"}],"author":[{"embeddable":true,"href":"http:\/\/rafa.fisica.org.ar\/en\/wp-json\/wp\/v2\/users\/2"}],"replies":[{"embeddable":true,"href":"http:\/\/rafa.fisica.org.ar\/en\/wp-json\/wp\/v2\/comments?post=76"}],"version-history":[{"count":14,"href":"http:\/\/rafa.fisica.org.ar\/en\/wp-json\/wp\/v2\/pages\/76\/revisions"}],"predecessor-version":[{"id":1843,"href":"http:\/\/rafa.fisica.org.ar\/en\/wp-json\/wp\/v2\/pages\/76\/revisions\/1843"}],"up":[{"embeddable":true,"href":"http:\/\/rafa.fisica.org.ar\/en\/wp-json\/wp\/v2\/pages\/72"}],"wp:attachment":[{"href":"http:\/\/rafa.fisica.org.ar\/en\/wp-json\/wp\/v2\/media?parent=76"}],"curies":[{"name":"wp","href":"https:\/\/api.w.org\/{rel}","templated":true}]}}