{"id":80,"date":"2021-04-10T13:31:42","date_gmt":"2021-04-10T13:31:42","guid":{"rendered":"http:\/\/rafa2021.fisica.org.ar\/?page_id=80"},"modified":"2021-10-16T12:04:37","modified_gmt":"2021-10-16T15:04:37","slug":"premios-y-menciones","status":"publish","type":"page","link":"http:\/\/rafa.fisica.org.ar\/en\/programa\/premios\/premio-masperi\/premios-y-menciones\/","title":{"rendered":"Premios y Menciones"},"content":{"rendered":"\t\t<div data-elementor-type=\"wp-page\" data-elementor-id=\"80\" class=\"elementor elementor-80\" data-elementor-settings=\"[]\">\n\t\t\t\t\t\t\t<div class=\"elementor-section-wrap\">\n\t\t\t\t\t\t\t<section class=\"elementor-section elementor-top-section elementor-element elementor-element-62e31e4 elementor-section-boxed elementor-section-height-default elementor-section-height-default\" data-id=\"62e31e4\" data-element_type=\"section\">\n\t\t\t\t\t\t<div class=\"elementor-container elementor-column-gap-default\">\n\t\t\t\t\t<div class=\"elementor-column elementor-col-100 elementor-top-column elementor-element elementor-element-ab6465c\" data-id=\"ab6465c\" data-element_type=\"column\">\n\t\t\t<div class=\"elementor-widget-wrap elementor-element-populated\">\n\t\t\t\t\t\t\t\t<div class=\"elementor-element elementor-element-3f9f933 elementor-widget elementor-widget-text-editor\" data-id=\"3f9f933\" data-element_type=\"widget\" data-widget_type=\"text-editor.default\">\n\t\t\t\t<div class=\"elementor-widget-container\">\n\t\t\t\t\t\t\t<p>El Jurado que evalu\u00f3 los postulantes al Premio M\u00e1speri 2021, integrado por las Doctoras Mariel Galassi, Ana Karina Chattah y Cecilia I. Ventura, di\u00f3 a conocer su dict\u00e1men.<\/p><h4>Premio Luis M\u00e1speri 2021<\/h4><p style=\"padding-left: 40px;\"><strong>Eric Alejandro Roz\u00e1n<\/strong><br \/>Facultad de Ciencias Exactas y Naturales &#8211; Universidad de Buenos Aires.<br \/>Trabajo: <em>Evacuaciones de Emergencia con Presencia de Grupos Sociales<\/em>.<\/p><h4>Menciones Especiales<\/h4><p style=\"padding-left: 40px;\"><strong>Natalia Philipp<\/strong><br \/>Facultad de Ciencias Exactas y Naturales, Universidad de Buenos Aires.<br \/>Trabajo: <em>Estudio de la din\u00e1mica y estado de oligomerizaci\u00f3n de prote\u00ednas de la levadura Saccharomyces cerevisiae a partir de espectroscop\u00edas de correlaci\u00f3n de fluorescencia<\/em>.<\/p><p style=\"padding-left: 40px;\"><strong>Mat\u00edas Rub\u00e9n Bola\u00f1os<\/strong><br \/>Facultad de Ciencias Exactas, Universidad Nacional de La Plata.<br \/>Trabajo: <em>Detecci\u00f3n y conteo de fotones en experimentos de \u00f3ptica cu\u00e1ntica<\/em>.<\/p><p style=\"padding-left: 40px;\"><strong>Alexis Luszczak<\/strong><br \/>Facultad de Ciencias Exactas y Naturales, Universidad de Buenos Aires.<br \/>Trabajo: <em>V\u00edas intracelulares de difusi\u00f3n de la prote\u00edna de c\u00e1pside del virus del dengue visualizadas por espectroscop\u00edas de correlaci\u00f3n<\/em>.<\/p><p>El Jurado tom\u00f3 su decisi\u00f3n en base a criterios que incluyen la claridad en la exposici\u00f3n, en los objetivos planteados, el manejo de la metodolog\u00eda utilizada, la calidad y relevancia de los resultados, el buen manejo del tiempo y herramientas en la presentaci\u00f3n realizada por los postulantes.<\/p>\t\t\t\t\t\t<\/div>\n\t\t\t\t<\/div>\n\t\t\t\t\t<\/div>\n\t\t<\/div>\n\t\t\t\t\t\t\t<\/div>\n\t\t<\/section>\n\t\t\t\t\t\t<\/div>\n\t\t\t\t\t<\/div>\n\t\t","protected":false},"excerpt":{"rendered":"<p>El Jurado que evalu\u00f3 los postulantes al Premio M\u00e1speri 2021, integrado por las Doctoras Mariel Galassi, Ana Karina Chattah y Cecilia I. Ventura, di\u00f3 a conocer su dict\u00e1men. Premio Luis&hellip;&nbsp;<a href=\"http:\/\/rafa.fisica.org.ar\/en\/programa\/premios\/premio-masperi\/premios-y-menciones\/\" class=\"\" rel=\"bookmark\">Read More &raquo;<span class=\"screen-reader-text\">Premios y Menciones<\/span><\/a><\/p>\n","protected":false},"author":2,"featured_media":0,"parent":72,"menu_order":0,"comment_status":"closed","ping_status":"closed","template":"elementor_theme","meta":{"neve_meta_sidebar":"","neve_meta_container":"","neve_meta_enable_content_width":"off","neve_meta_content_width":0,"neve_meta_title_alignment":"","neve_meta_author_avatar":"","neve_post_elements_order":"","neve_meta_disable_header":"","neve_meta_disable_footer":"","neve_meta_disable_title":"","_ti_tpc_template_sync":false,"_ti_tpc_template_id":"","footnotes":""},"class_list":["post-80","page","type-page","status-publish","hentry"],"_links":{"self":[{"href":"http:\/\/rafa.fisica.org.ar\/en\/wp-json\/wp\/v2\/pages\/80","targetHints":{"allow":["GET"]}}],"collection":[{"href":"http:\/\/rafa.fisica.org.ar\/en\/wp-json\/wp\/v2\/pages"}],"about":[{"href":"http:\/\/rafa.fisica.org.ar\/en\/wp-json\/wp\/v2\/types\/page"}],"author":[{"embeddable":true,"href":"http:\/\/rafa.fisica.org.ar\/en\/wp-json\/wp\/v2\/users\/2"}],"replies":[{"embeddable":true,"href":"http:\/\/rafa.fisica.org.ar\/en\/wp-json\/wp\/v2\/comments?post=80"}],"version-history":[{"count":5,"href":"http:\/\/rafa.fisica.org.ar\/en\/wp-json\/wp\/v2\/pages\/80\/revisions"}],"predecessor-version":[{"id":3377,"href":"http:\/\/rafa.fisica.org.ar\/en\/wp-json\/wp\/v2\/pages\/80\/revisions\/3377"}],"up":[{"embeddable":true,"href":"http:\/\/rafa.fisica.org.ar\/en\/wp-json\/wp\/v2\/pages\/72"}],"wp:attachment":[{"href":"http:\/\/rafa.fisica.org.ar\/en\/wp-json\/wp\/v2\/media?parent=80"}],"curies":[{"name":"wp","href":"https:\/\/api.w.org\/{rel}","templated":true}]}}