{"id":92,"date":"2021-04-10T13:33:47","date_gmt":"2021-04-10T13:33:47","guid":{"rendered":"http:\/\/rafa2021.fisica.org.ar\/?page_id=92"},"modified":"2021-10-12T16:21:43","modified_gmt":"2021-10-12T19:21:43","slug":"subcomision-de-genero","status":"publish","type":"page","link":"http:\/\/rafa.fisica.org.ar\/en\/programa\/subcomision-de-genero\/","title":{"rendered":"Subcomisi\u00f3n de G\u00e9nero"},"content":{"rendered":"\t\t<div data-elementor-type=\"wp-page\" data-elementor-id=\"92\" class=\"elementor elementor-92\" data-elementor-settings=\"[]\">\n\t\t\t\t\t\t\t<div class=\"elementor-section-wrap\">\n\t\t\t\t\t\t\t<section class=\"elementor-section elementor-top-section elementor-element elementor-element-bbe7393 elementor-section-boxed elementor-section-height-default elementor-section-height-default\" data-id=\"bbe7393\" data-element_type=\"section\">\n\t\t\t\t\t\t<div class=\"elementor-container elementor-column-gap-default\">\n\t\t\t\t\t<div class=\"elementor-column elementor-col-66 elementor-top-column elementor-element elementor-element-6f35581\" data-id=\"6f35581\" data-element_type=\"column\">\n\t\t\t<div class=\"elementor-widget-wrap elementor-element-populated\">\n\t\t\t\t\t\t\t\t<div class=\"elementor-element elementor-element-728f280 elementor-widget elementor-widget-heading\" data-id=\"728f280\" data-element_type=\"widget\" data-widget_type=\"heading.default\">\n\t\t\t\t<div class=\"elementor-widget-container\">\n\t\t\t<h2 class=\"elementor-heading-title elementor-size-default\">Mesa Redonda<br>\n<i>Evaluaciones en ciencia con perspectiva de g\u00e9nero: expectativa vs realidad<\/i><\/h2>\t\t<\/div>\n\t\t\t\t<\/div>\n\t\t\t\t<div class=\"elementor-element elementor-element-1bb3bc6 elementor-widget elementor-widget-text-editor\" data-id=\"1bb3bc6\" data-element_type=\"widget\" data-widget_type=\"text-editor.default\">\n\t\t\t\t<div class=\"elementor-widget-container\">\n\t\t\t\t\t\t\t<p>En esta mesa discutiremos temas tales como: sesgos en procesos de evaluaci\u00f3n y premiaci\u00f3n, meritocracia, representaci\u00f3n federal. Nuestra idea desde la subcomisi\u00f3n, es generar este debate, especialmente dentro de la comunidad de fisiques, y reflexionar colectivamente sobre la ciencia actual y a la que aspiramos.<\/p><p>Contaremos con la participaci\u00f3n de Soledad Cutuli (Antrop\u00f3loga, docente e investigadora, UBA), Cynthia Jeppesen (Gerenta de Evaluaci\u00f3n y Planificaci\u00f3n en CONICET) y Laura Steren (F\u00edsica, docente e investigadora, CNEA &#8211; CONICET) como panelistas, y ser\u00e1 moderada por Lucila \u00c1lvarez Zuzek, Luciana Bruno, Flavia G\u00f3mez Albarrac\u00edn y Nara Guisoni en representaci\u00f3n de la Subcomisi\u00f3n de G\u00e9nero.<\/p>\t\t\t\t\t\t<\/div>\n\t\t\t\t<\/div>\n\t\t\t\t\t<\/div>\n\t\t<\/div>\n\t\t\t\t<div class=\"elementor-column elementor-col-33 elementor-top-column elementor-element elementor-element-161dc9f\" data-id=\"161dc9f\" data-element_type=\"column\">\n\t\t\t<div class=\"elementor-widget-wrap elementor-element-populated\">\n\t\t\t\t\t\t\t\t<div class=\"elementor-element elementor-element-9f3b679 elementor-widget elementor-widget-wp-widget-gce_widget\" data-id=\"9f3b679\" data-element_type=\"widget\" data-widget_type=\"wp-widget-gce_widget.default\">\n\t\t\t\t<div class=\"elementor-widget-container\">\n\t\t\t<div class=\"simcal-calendar simcal-default-calendar simcal-default-calendar-list simcal-default-calendar-light\" data-calendar-id=\"2821\" data-timezone=\"America\/Sao_Paulo\" data-offset=\"-10800\" data-week-start=\"0\" data-calendar-start=\"1633921200\" data-calendar-end=\"1634166000\" data-events-first=\"1634158800\" data-events-last=\"1634166000\"><div class=\"simcal-calendar-list \"><dl class=\"simcal-events-list-container\" data-prev=\"1631329200\" data-next=\"1636599600\" data-heading-small=\"2021, 13 Oct\" data-heading-large=\"13\/10\/2021\">\t<dt class=\"simcal-day-label\" style=\"border-bottom: 1px solid #14259b;\" ><span style=\"background-color: #14259b; color: #ffffff;\"><span class=\"simcal-date-format\" data-date-format=\"d\/m\/Y\">13\/10\/2021<\/span> <\/span><\/dt>\n<dd class=\"simcal-weekday-3 simcal-past simcal-day simcal-day-has-events simcal-day-has-1-events simcal-events-calendar-2821\" data-events-count=\"1\">\n\t<ul class=\"simcal-events\">\n\t<li class=\"simcal-event simcal-events-calendar-2821\" style=\"\" itemscope itemtype=\"http:\/\/schema.org\/Event\" data-start=\"1634158800\">\n\t\t<div class=\"simcal-event-details\"><p><strong><span class=\"simcal-event-title\" itemprop=\"name\">Mesa Redonda &quot;&quot;Evaluaciones en ciencia con perspectiva de g\u00e9nero: expectativa vs realidad&quot;<\/span><\/strong><\/p>\n<p><span class=\"simcal-event-start simcal-event-start-date\" data-event-start=\"1634158800\" data-event-format=\"d\/m\/Y\" itemprop=\"startDate\" content=\"2021-10-13T18:00:00-03:00\">13\/10\/2021<\/span>&nbsp;&nbsp;<span class=\"simcal-event-start simcal-event-start-time\" data-event-start=\"1634158800\" data-event-format=\"G:i a\" itemprop=\"startDate\" content=\"2021-10-13T18:00:00-03:00\">18:00 pm<\/span> - <span class=\"simcal-event-end simcal-event-end-time\" data-event-end=\"1634166000\" data-event-format=\"G:i a\" itemprop=\"endDate\" content=\"2021-10-13T20:00:00-03:00\">20:00 pm<\/span><br \/>\n <span class=\"simcal-event-address simcal-event-start-location\" itemprop=\"location\" itemscope itemtype=\"http:\/\/schema.org\/Place\"><meta itemprop=\"name\" content=\"Mesa Redonda &quot;&quot;Evaluaciones en ciencia con perspectiva de g\u00e9nero: expectativa vs realidad&quot;\" \/><meta itemprop=\"address\" content=\"Mesa Redonda &quot;&quot;Evaluaciones en ciencia con perspectiva de g\u00e9nero: expectativa vs realidad&quot;\" \/><\/span><\/p>\n<div><div class=\"simcal-event-description\" itemprop=\"description\"><p><b>Panelistas<\/b>&nbsp;<br \/>&nbsp; &nbsp;Soledad Cutuli <br \/>&nbsp; &nbsp;Cynthia Jeppesen<br \/>&nbsp; &nbsp;Laura Steren<br \/>&nbsp;<br \/><b>Moderadoras<\/b>&nbsp;<br \/>&nbsp; &nbsp;Lucila \u00c1lvarez Zuzek<br \/>&nbsp; &nbsp;Luciana Bruno<br \/>&nbsp; &nbsp;Nara Guisoni<br \/>&nbsp; &nbsp;Flavia G\u00f3mez Albarrac\u00edn<br \/>&nbsp;<br \/><a href=\"https:\/\/rafa2021.sytes.net\/pdf\/T2601\" id=\"ow49722\"><b>Ver resumen. <\/b><\/a><\/p>\n<\/div><\/div><\/div>\n\t<\/li>\n<\/ul>\n\n<\/dd>\n<\/dl><div class=\"simcal-ajax-loader simcal-spinner-top\" style=\"display: none;\"><i class=\"simcal-icon-spinner simcal-icon-spin\"><\/i><\/div><\/div><\/div>\t\t<\/div>\n\t\t\t\t<\/div>\n\t\t\t\t<div class=\"elementor-element elementor-element-64f055a elementor-align-right elementor-widget elementor-widget-button\" data-id=\"64f055a\" data-element_type=\"widget\" data-widget_type=\"button.default\">\n\t\t\t\t<div class=\"elementor-widget-container\">\n\t\t\t\t\t<div class=\"elementor-button-wrapper\">\n\t\t\t<a href=\"https:\/\/calendar.google.com\/calendar\/u\/0?cid=ajY3YjZmMDYzN2twZmFwOHBwNTVyazVkZ3NAZ3JvdXAuY2FsZW5kYXIuZ29vZ2xlLmNvbQ\" class=\"elementor-button-link elementor-button elementor-size-md\" role=\"button\">\n\t\t\t\t\t\t<span class=\"elementor-button-content-wrapper\">\n\t\t\t\t\t\t<span class=\"elementor-button-text\">Copiar en mi calendario<\/span>\n\t\t<\/span>\n\t\t\t\t\t<\/a>\n\t\t<\/div>\n\t\t\t\t<\/div>\n\t\t\t\t<\/div>\n\t\t\t\t\t<\/div>\n\t\t<\/div>\n\t\t\t\t\t\t\t<\/div>\n\t\t<\/section>\n\t\t\t\t<section class=\"elementor-section elementor-top-section elementor-element elementor-element-c3ed1ab elementor-section-boxed elementor-section-height-default elementor-section-height-default\" data-id=\"c3ed1ab\" data-element_type=\"section\">\n\t\t\t\t\t\t<div class=\"elementor-container elementor-column-gap-default\">\n\t\t\t\t\t<div class=\"elementor-column elementor-col-100 elementor-top-column elementor-element elementor-element-75425f9\" data-id=\"75425f9\" data-element_type=\"column\">\n\t\t\t<div class=\"elementor-widget-wrap elementor-element-populated\">\n\t\t\t\t\t\t\t\t<div class=\"elementor-element elementor-element-6b005a0 elementor-widget elementor-widget-heading\" data-id=\"6b005a0\" data-element_type=\"widget\" data-widget_type=\"heading.default\">\n\t\t\t\t<div class=\"elementor-widget-container\">\n\t\t\t<h2 class=\"elementor-heading-title elementor-size-default\">Panelistas<\/h2>\t\t<\/div>\n\t\t\t\t<\/div>\n\t\t\t\t\t<\/div>\n\t\t<\/div>\n\t\t\t\t\t\t\t<\/div>\n\t\t<\/section>\n\t\t\t\t<section class=\"elementor-section elementor-top-section elementor-element elementor-element-0e22993 elementor-section-boxed elementor-section-height-default elementor-section-height-default\" data-id=\"0e22993\" data-element_type=\"section\">\n\t\t\t\t\t\t<div class=\"elementor-container elementor-column-gap-default\">\n\t\t\t\t\t<div class=\"elementor-column elementor-col-25 elementor-top-column elementor-element elementor-element-5f45935\" data-id=\"5f45935\" data-element_type=\"column\">\n\t\t\t<div class=\"elementor-widget-wrap elementor-element-populated\">\n\t\t\t\t\t\t\t\t<div class=\"elementor-element elementor-element-a39484d eael-team-align-centered elementor-widget elementor-widget-eael-team-member\" data-id=\"a39484d\" data-element_type=\"widget\" data-widget_type=\"eael-team-member.default\">\n\t\t\t\t<div class=\"elementor-widget-container\">\n\t\t\t\n\n\t<div id=\"eael-team-member-a39484d\" class=\"eael-team-item eael-team-members-simple \">\n\t\t<div class=\"eael-team-item-inner\">\n\t\t\t<div class=\"eael-team-image\">\n\t\t\t\t<figure>\n\t\t\t\t\t<img decoding=\"async\" src=\"http:\/\/rafa.fisica.org.ar\/wp-content\/uploads\/2021\/09\/cynthia_jeppesen.jpg\" alt=\"\">\n\t\t\t\t<\/figure>\n\t\t\t\t\t\t\t<\/div>\n\n\t\t\t<div class=\"eael-team-content\">\n\t\t\t\t<h3 class=\"eael-team-member-name\">Cynthia Jeppesen<\/h3>\n\t\t\t\t<h4 class=\"eael-team-member-position\">Gerenta de Evaluaci\u00f3n y Planificaci\u00f3n en CONICET<\/h4>\n\n\t\t\t\t\t\t\t\t\t\t\t\t\t\t\t<ul class=\"eael-team-member-social-profiles\">\n\t\t\t\t\t\t\t\t\t\t\t\t\t\t\t\t\t\t\t\t\t\t\t\t\t\t\t\t\t\t\t\t\t\t\t\t\t\t\t\t\t<li class=\"eael-team-member-social-link\">\n\t\t\t\t\t\t\t\t\t\t<a href=\"\" >\n\t\t\t\t\t\t\t\t\t\t\t\t\t\t\t\t\t\t\t\t\t\t\t\t\t\t\t\t\t\t\t\t\t\t\t\t<i class=\"fas fa-unlink\"><\/i>\n\t\t\t\t\t\t\t\t\t\t\t\t\t\t\t\t\t\t\t\t\t\t\t\t\t\t\t\t\t\t\t\t\t<\/a>\n\t\t\t\t\t\t\t\t\t<\/li>\n\t\t\t\t\t\t\t\t\t\t\t\t\t\t\t\t\t\t\t\t\t<\/ul>\n\t\t\t\t\t\t\t\t\t\t<p class=\"eael-team-text\"><\/p>\n\t\t\t\t\t\t\t<\/div>\n\t\t<\/div>\n\t<\/div>\n\t\t\t<\/div>\n\t\t\t\t<\/div>\n\t\t\t\t\t<\/div>\n\t\t<\/div>\n\t\t\t\t<div class=\"elementor-column elementor-col-25 elementor-top-column elementor-element elementor-element-f2dd6b4\" data-id=\"f2dd6b4\" data-element_type=\"column\">\n\t\t\t<div class=\"elementor-widget-wrap elementor-element-populated\">\n\t\t\t\t\t\t\t\t<div class=\"elementor-element elementor-element-061f1f0 eael-team-align-centered elementor-widget elementor-widget-eael-team-member\" data-id=\"061f1f0\" data-element_type=\"widget\" data-widget_type=\"eael-team-member.default\">\n\t\t\t\t<div class=\"elementor-widget-container\">\n\t\t\t\n\n\t<div id=\"eael-team-member-061f1f0\" class=\"eael-team-item eael-team-members-simple \">\n\t\t<div class=\"eael-team-item-inner\">\n\t\t\t<div class=\"eael-team-image\">\n\t\t\t\t<figure>\n\t\t\t\t\t<img decoding=\"async\" src=\"http:\/\/rafa.fisica.org.ar\/wp-content\/uploads\/2021\/09\/soledad_cutuli.jpg\" alt=\"\">\n\t\t\t\t<\/figure>\n\t\t\t\t\t\t\t<\/div>\n\n\t\t\t<div class=\"eael-team-content\">\n\t\t\t\t<h3 class=\"eael-team-member-name\">Soledad Cutuli<\/h3>\n\t\t\t\t<h4 class=\"eael-team-member-position\">Antrop\u00f3loga, docente e investigadora, UBA<\/h4>\n\n\t\t\t\t\t\t\t\t\t\t\t\t\t\t\t<ul class=\"eael-team-member-social-profiles\">\n\t\t\t\t\t\t\t\t\t\t\t\t\t\t\t\t\t\t\t\t\t\t\t\t\t\t\t\t\t\t\t\t\t\t\t\t\t\t\t\t\t<li class=\"eael-team-member-social-link\">\n\t\t\t\t\t\t\t\t\t\t<a href=\"http:\/\/posgrado.filo.uba.ar\/cutuli-mar%C3%ADa-soledad\"  target=\"_blank\">\n\t\t\t\t\t\t\t\t\t\t\t\t\t\t\t\t\t\t\t\t\t\t\t\t\t\t\t\t\t\t\t\t\t\t\t\t<i class=\"fas fa-link\"><\/i>\n\t\t\t\t\t\t\t\t\t\t\t\t\t\t\t\t\t\t\t\t\t\t\t\t\t\t\t\t\t\t\t\t\t<\/a>\n\t\t\t\t\t\t\t\t\t<\/li>\n\t\t\t\t\t\t\t\t\t\t\t\t\t\t\t\t\t\t\t\t\t<\/ul>\n\t\t\t\t\t\t\t\t\t\t<p class=\"eael-team-text\"><\/p>\n\t\t\t\t\t\t\t<\/div>\n\t\t<\/div>\n\t<\/div>\n\t\t\t<\/div>\n\t\t\t\t<\/div>\n\t\t\t\t\t<\/div>\n\t\t<\/div>\n\t\t\t\t<div class=\"elementor-column elementor-col-25 elementor-top-column elementor-element elementor-element-4533c75\" data-id=\"4533c75\" data-element_type=\"column\">\n\t\t\t<div class=\"elementor-widget-wrap elementor-element-populated\">\n\t\t\t\t\t\t\t\t<div class=\"elementor-element elementor-element-d208c9f eael-team-align-centered elementor-widget elementor-widget-eael-team-member\" data-id=\"d208c9f\" data-element_type=\"widget\" data-widget_type=\"eael-team-member.default\">\n\t\t\t\t<div class=\"elementor-widget-container\">\n\t\t\t\n\n\t<div id=\"eael-team-member-d208c9f\" class=\"eael-team-item eael-team-members-simple \">\n\t\t<div class=\"eael-team-item-inner\">\n\t\t\t<div class=\"eael-team-image\">\n\t\t\t\t<figure>\n\t\t\t\t\t<img decoding=\"async\" src=\"http:\/\/rafa.fisica.org.ar\/wp-content\/uploads\/2021\/09\/laura_steren-300x300.jpg\" alt=\"\">\n\t\t\t\t<\/figure>\n\t\t\t\t\t\t\t<\/div>\n\n\t\t\t<div class=\"eael-team-content\">\n\t\t\t\t<h3 class=\"eael-team-member-name\">Laura Steren<\/h3>\n\t\t\t\t<h4 class=\"eael-team-member-position\">Docente e investigadora, CNEA - CONICET<\/h4>\n\n\t\t\t\t\t\t\t\t\t\t\t\t\t\t\t<ul class=\"eael-team-member-social-profiles\">\n\t\t\t\t\t\t\t\t\t\t\t\t\t\t\t\t\t\t\t\t\t\t\t\t\t\t\t\t\t\t\t\t\t\t\t\t\t\t\t\t\t<li class=\"eael-team-member-social-link\">\n\t\t\t\t\t\t\t\t\t\t<a href=\"https:\/\/www.conicet.gov.ar\/new_scp\/detalle.php?id=32724&amp;datos_academicos=yes\"  target=\"_blank\">\n\t\t\t\t\t\t\t\t\t\t\t\t\t\t\t\t\t\t\t\t\t\t\t\t\t\t\t\t\t\t\t\t\t\t\t\t<i class=\"fas fa-link\"><\/i>\n\t\t\t\t\t\t\t\t\t\t\t\t\t\t\t\t\t\t\t\t\t\t\t\t\t\t\t\t\t\t\t\t\t<\/a>\n\t\t\t\t\t\t\t\t\t<\/li>\n\t\t\t\t\t\t\t\t\t\t\t\t\t\t\t\t\t\t\t\t\t<\/ul>\n\t\t\t\t\t\t\t\t\t\t<p class=\"eael-team-text\"><\/p>\n\t\t\t\t\t\t\t<\/div>\n\t\t<\/div>\n\t<\/div>\n\t\t\t<\/div>\n\t\t\t\t<\/div>\n\t\t\t\t\t<\/div>\n\t\t<\/div>\n\t\t\t\t<div class=\"elementor-column elementor-col-25 elementor-top-column elementor-element elementor-element-396c40a\" data-id=\"396c40a\" data-element_type=\"column\">\n\t\t\t<div class=\"elementor-widget-wrap\">\n\t\t\t\t\t\t\t\t\t<\/div>\n\t\t<\/div>\n\t\t\t\t\t\t\t<\/div>\n\t\t<\/section>\n\t\t\t\t<section class=\"elementor-section elementor-top-section elementor-element elementor-element-98d81aa elementor-section-boxed elementor-section-height-default elementor-section-height-default\" data-id=\"98d81aa\" data-element_type=\"section\">\n\t\t\t\t\t\t<div class=\"elementor-container elementor-column-gap-default\">\n\t\t\t\t\t<div class=\"elementor-column elementor-col-100 elementor-top-column elementor-element elementor-element-d3cb187\" data-id=\"d3cb187\" data-element_type=\"column\">\n\t\t\t<div class=\"elementor-widget-wrap elementor-element-populated\">\n\t\t\t\t\t\t\t\t<div class=\"elementor-element elementor-element-7c66f8f elementor-widget elementor-widget-heading\" data-id=\"7c66f8f\" data-element_type=\"widget\" data-widget_type=\"heading.default\">\n\t\t\t\t<div class=\"elementor-widget-container\">\n\t\t\t<h2 class=\"elementor-heading-title elementor-size-default\">Mujeres F\u00edsicas de nuestro pa\u00eds<\/h2>\t\t<\/div>\n\t\t\t\t<\/div>\n\t\t\t\t\t<\/div>\n\t\t<\/div>\n\t\t\t\t\t\t\t<\/div>\n\t\t<\/section>\n\t\t\t\t<section class=\"elementor-section elementor-top-section elementor-element elementor-element-b1281f8 elementor-section-boxed elementor-section-height-default elementor-section-height-default\" data-id=\"b1281f8\" data-element_type=\"section\">\n\t\t\t\t\t\t<div class=\"elementor-container elementor-column-gap-default\">\n\t\t\t\t\t<div class=\"elementor-column elementor-col-33 elementor-top-column elementor-element elementor-element-bb75bce\" data-id=\"bb75bce\" data-element_type=\"column\">\n\t\t\t<div class=\"elementor-widget-wrap elementor-element-populated\">\n\t\t\t\t\t\t\t\t<div class=\"elementor-element elementor-element-ac86554 elementor-widget elementor-widget-text-editor\" data-id=\"ac86554\" data-element_type=\"widget\" data-widget_type=\"text-editor.default\">\n\t\t\t\t<div class=\"elementor-widget-container\">\n\t\t\t\t\t\t\t<p>La <strong>Subcomisi\u00f3n de G\u00e9nero<\/strong>, en colaboraci\u00f3n con la colectiva <strong>Cient\u00edficxs feministas<\/strong>, est\u00e1 trabajando en la visibilizaci\u00f3n de la labor de mujeres y otras identidades de g\u00e9nero en la f\u00edsica.<\/p><p>Con ese objetivo en mente, este a\u00f1o prepararon <strong>5 biograf\u00edas de diferentes mujeres f\u00edsicas de nuestro pa\u00eds; hac\u00e9 <em>click<\/em> en el <em>flyer<\/em> de ilustraci\u00f3n y conoc\u00e9las.<\/strong><\/p>\t\t\t\t\t\t<\/div>\n\t\t\t\t<\/div>\n\t\t\t\t\t<\/div>\n\t\t<\/div>\n\t\t\t\t<div class=\"elementor-column elementor-col-66 elementor-top-column elementor-element elementor-element-c376204\" data-id=\"c376204\" data-element_type=\"column\">\n\t\t\t<div class=\"elementor-widget-wrap elementor-element-populated\">\n\t\t\t\t\t\t\t\t<div class=\"elementor-element elementor-element-b6ee66c elementor-widget elementor-widget-image\" data-id=\"b6ee66c\" data-element_type=\"widget\" data-widget_type=\"image.default\">\n\t\t\t\t<div class=\"elementor-widget-container\">\n\t\t\t\t\t\t\t\t\t\t\t\t\t\t\t\t<a href=\"https:\/\/www.cientificxsfeministas.com.ar\/biograf%C3%ADas-de-cient%C3%ADficxs\/saga-de-f%C3%ADsicas-argentinas\" target=\"_blank\">\n\t\t\t\t\t\t\t<img loading=\"lazy\" decoding=\"async\" width=\"1024\" height=\"576\" src=\"http:\/\/rafa.fisica.org.ar\/wp-content\/uploads\/2021\/10\/Bios_SG_CF_flyer1_001-1024x576.jpg\" class=\"attachment-large size-large\" alt=\"\" srcset=\"http:\/\/rafa.fisica.org.ar\/wp-content\/uploads\/2021\/10\/Bios_SG_CF_flyer1_001-1024x576.jpg 1024w, http:\/\/rafa.fisica.org.ar\/wp-content\/uploads\/2021\/10\/Bios_SG_CF_flyer1_001-300x169.jpg 300w, http:\/\/rafa.fisica.org.ar\/wp-content\/uploads\/2021\/10\/Bios_SG_CF_flyer1_001-768x432.jpg 768w, http:\/\/rafa.fisica.org.ar\/wp-content\/uploads\/2021\/10\/Bios_SG_CF_flyer1_001-1536x864.jpg 1536w, http:\/\/rafa.fisica.org.ar\/wp-content\/uploads\/2021\/10\/Bios_SG_CF_flyer1_001-2048x1152.jpg 2048w, http:\/\/rafa.fisica.org.ar\/wp-content\/uploads\/2021\/10\/Bios_SG_CF_flyer1_001-600x338.jpg 600w\" sizes=\"auto, (max-width: 1024px) 100vw, 1024px\" \/>\t\t\t\t\t\t\t\t<\/a>\n\t\t\t\t\t\t\t\t\t\t\t\t\t\t\t<\/div>\n\t\t\t\t<\/div>\n\t\t\t\t\t<\/div>\n\t\t<\/div>\n\t\t\t\t\t\t\t<\/div>\n\t\t<\/section>\n\t\t\t\t<section class=\"elementor-section elementor-top-section elementor-element elementor-element-535f215 elementor-section-boxed elementor-section-height-default elementor-section-height-default\" data-id=\"535f215\" data-element_type=\"section\" data-settings=\"{&quot;shape_divider_bottom&quot;:&quot;mountains&quot;}\">\n\t\t\t\t\t<div class=\"elementor-shape elementor-shape-bottom\" data-negative=\"false\">\n\t\t\t<svg xmlns=\"http:\/\/www.w3.org\/2000\/svg\" viewBox=\"0 0 1000 100\" preserveAspectRatio=\"none\">\n\t<path class=\"elementor-shape-fill\" opacity=\"0.33\" d=\"M473,67.3c-203.9,88.3-263.1-34-320.3,0C66,119.1,0,59.7,0,59.7V0h1000v59.7 c0,0-62.1,26.1-94.9,29.3c-32.8,3.3-62.8-12.3-75.8-22.1C806,49.6,745.3,8.7,694.9,4.7S492.4,59,473,67.3z\"\/>\n\t<path class=\"elementor-shape-fill\" opacity=\"0.66\" d=\"M734,67.3c-45.5,0-77.2-23.2-129.1-39.1c-28.6-8.7-150.3-10.1-254,39.1 s-91.7-34.4-149.2,0C115.7,118.3,0,39.8,0,39.8V0h1000v36.5c0,0-28.2-18.5-92.1-18.5C810.2,18.1,775.7,67.3,734,67.3z\"\/>\n\t<path class=\"elementor-shape-fill\" d=\"M766.1,28.9c-200-57.5-266,65.5-395.1,19.5C242,1.8,242,5.4,184.8,20.6C128,35.8,132.3,44.9,89.9,52.5C28.6,63.7,0,0,0,0 h1000c0,0-9.9,40.9-83.6,48.1S829.6,47,766.1,28.9z\"\/>\n<\/svg>\t\t<\/div>\n\t\t\t\t\t<div class=\"elementor-container elementor-column-gap-default\">\n\t\t\t\t\t<div class=\"elementor-column elementor-col-100 elementor-top-column elementor-element elementor-element-315261d\" data-id=\"315261d\" data-element_type=\"column\">\n\t\t\t<div class=\"elementor-widget-wrap elementor-element-populated\">\n\t\t\t\t\t\t\t\t<div class=\"elementor-element elementor-element-f032142 elementor-widget elementor-widget-heading\" data-id=\"f032142\" data-element_type=\"widget\" data-widget_type=\"heading.default\">\n\t\t\t\t<div class=\"elementor-widget-container\">\n\t\t\t<h2 class=\"elementor-heading-title elementor-size-default\">Sobre la Subcomisi\u00f3n<\/h2>\t\t<\/div>\n\t\t\t\t<\/div>\n\t\t\t\t<div class=\"elementor-element elementor-element-4c9d69d elementor-widget elementor-widget-text-editor\" data-id=\"4c9d69d\" data-element_type=\"widget\" data-widget_type=\"text-editor.default\">\n\t\t\t\t<div class=\"elementor-widget-container\">\n\t\t\t\t\t\t\t<p><img loading=\"lazy\" decoding=\"async\" class=\"size-medium wp-image-1570 alignright\" src=\"http:\/\/rafa.fisica.org.ar\/wp-content\/uploads\/2021\/07\/afa_genero-300x300.png\" alt=\"\" width=\"300\" height=\"300\" srcset=\"http:\/\/rafa.fisica.org.ar\/wp-content\/uploads\/2021\/07\/afa_genero-300x300.png 300w, http:\/\/rafa.fisica.org.ar\/wp-content\/uploads\/2021\/07\/afa_genero-150x150.png 150w, http:\/\/rafa.fisica.org.ar\/wp-content\/uploads\/2021\/07\/afa_genero-100x100.png 100w, http:\/\/rafa.fisica.org.ar\/wp-content\/uploads\/2021\/07\/afa_genero.png 450w\" sizes=\"auto, (max-width: 300px) 100vw, 300px\" \/>La Subcomisi\u00f3n de G\u00e9nero (SG-AFA) tiene como objetivo central aportar una mirada con perspectiva de g\u00e9nero, impulsando acciones que construyan una comunidad con equidad de g\u00e9nero e igualdad de oportunidades. Fue creada por la Comisi\u00f3n Directiva de la Asociaci\u00f3n F\u00edsica Argentina en septiembre de 2017.<\/p><p>La conformaci\u00f3n de la SG-AFA se basa en la diversidad: la distribuci\u00f3n geogr\u00e1fica y las diferentes etapas de carrera de sus miembros son fundamentales para garantizar la plena representaci\u00f3n de la comunidad. Valorando la pluralidad de voces, sus integrantes se renuevan peri\u00f3dicamente. Nuestra actividad se apoya fuertemente en una propuesta de trabajo transversal y colectivo, que consideramos transformador y superador de los mecanismos de funcionamiento del \u00e1mbito cient\u00edfico, donde hist\u00f3ricamente se ha naturalizado el trabajo jer\u00e1rquico y de liderazgo por sobre la construcci\u00f3n colectiva de conocimiento.<\/p><p>Si te interesa participar de la SG, ten\u00e9s algo que quieras comentar o una inquietud que quieras consultar, pod\u00e9s escribir a la siguiente direcci\u00f3n de correo: <strong><a href=\"mailto:genero.afa@gmail.com\">genero.afa@gmail.com<\/a><\/strong><\/p><p>Sitio web: <strong><a href=\"https:\/\/generoafa.wixsite.com\/subcomision\">https:\/\/generoafa.wixsite.com\/subcomision<\/a><\/strong><\/p><p>\u00a0<\/p>\t\t\t\t\t\t<\/div>\n\t\t\t\t<\/div>\n\t\t\t\t\t<\/div>\n\t\t<\/div>\n\t\t\t\t\t\t\t<\/div>\n\t\t<\/section>\n\t\t\t\t\t\t<\/div>\n\t\t\t\t\t<\/div>\n\t\t","protected":false},"excerpt":{"rendered":"<p>Mesa Redonda Evaluaciones en ciencia con perspectiva de g\u00e9nero: expectativa vs realidad En esta mesa discutiremos temas tales como: sesgos en procesos de evaluaci\u00f3n y premiaci\u00f3n, meritocracia, representaci\u00f3n federal. Nuestra&hellip;&nbsp;<a href=\"http:\/\/rafa.fisica.org.ar\/en\/programa\/subcomision-de-genero\/\" class=\"\" rel=\"bookmark\">Read More &raquo;<span class=\"screen-reader-text\">Subcomisi\u00f3n de G\u00e9nero<\/span><\/a><\/p>\n","protected":false},"author":2,"featured_media":0,"parent":188,"menu_order":0,"comment_status":"closed","ping_status":"closed","template":"","meta":{"neve_meta_sidebar":"","neve_meta_container":"","neve_meta_enable_content_width":"off","neve_meta_content_width":0,"neve_meta_title_alignment":"","neve_meta_author_avatar":"","neve_post_elements_order":"","neve_meta_disable_header":"","neve_meta_disable_footer":"","neve_meta_disable_title":"","_ti_tpc_template_sync":false,"_ti_tpc_template_id":"","footnotes":""},"class_list":["post-92","page","type-page","status-publish","hentry"],"_links":{"self":[{"href":"http:\/\/rafa.fisica.org.ar\/en\/wp-json\/wp\/v2\/pages\/92","targetHints":{"allow":["GET"]}}],"collection":[{"href":"http:\/\/rafa.fisica.org.ar\/en\/wp-json\/wp\/v2\/pages"}],"about":[{"href":"http:\/\/rafa.fisica.org.ar\/en\/wp-json\/wp\/v2\/types\/page"}],"author":[{"embeddable":true,"href":"http:\/\/rafa.fisica.org.ar\/en\/wp-json\/wp\/v2\/users\/2"}],"replies":[{"embeddable":true,"href":"http:\/\/rafa.fisica.org.ar\/en\/wp-json\/wp\/v2\/comments?post=92"}],"version-history":[{"count":84,"href":"http:\/\/rafa.fisica.org.ar\/en\/wp-json\/wp\/v2\/pages\/92\/revisions"}],"predecessor-version":[{"id":3269,"href":"http:\/\/rafa.fisica.org.ar\/en\/wp-json\/wp\/v2\/pages\/92\/revisions\/3269"}],"up":[{"embeddable":true,"href":"http:\/\/rafa.fisica.org.ar\/en\/wp-json\/wp\/v2\/pages\/188"}],"wp:attachment":[{"href":"http:\/\/rafa.fisica.org.ar\/en\/wp-json\/wp\/v2\/media?parent=92"}],"curies":[{"name":"wp","href":"https:\/\/api.w.org\/{rel}","templated":true}]}}