{"id":94,"date":"2021-04-10T13:34:07","date_gmt":"2021-04-10T13:34:07","guid":{"rendered":"http:\/\/rafa2021.fisica.org.ar\/?page_id=94"},"modified":"2021-09-28T17:58:31","modified_gmt":"2021-09-28T20:58:31","slug":"charlas-de-division","status":"publish","type":"page","link":"http:\/\/rafa.fisica.org.ar\/en\/programa\/charlas-de-division\/","title":{"rendered":"Charlas de Divisi\u00f3n"},"content":{"rendered":"\t\t<div data-elementor-type=\"wp-page\" data-elementor-id=\"94\" class=\"elementor elementor-94\" data-elementor-settings=\"[]\">\n\t\t\t\t\t\t\t<div class=\"elementor-section-wrap\">\n\t\t\t\t\t\t\t<section class=\"elementor-section elementor-top-section elementor-element elementor-element-151422f6 elementor-section-boxed elementor-section-height-default elementor-section-height-default\" data-id=\"151422f6\" data-element_type=\"section\">\n\t\t\t\t\t\t<div class=\"elementor-container elementor-column-gap-default\">\n\t\t\t\t\t<div class=\"elementor-column elementor-col-100 elementor-top-column elementor-element elementor-element-7a38139c\" data-id=\"7a38139c\" data-element_type=\"column\">\n\t\t\t<div class=\"elementor-widget-wrap elementor-element-populated\">\n\t\t\t\t\t\t\t\t<div class=\"elementor-element elementor-element-3cb44fc1 elementor-widget elementor-widget-text-editor\" data-id=\"3cb44fc1\" data-element_type=\"widget\" data-widget_type=\"text-editor.default\">\n\t\t\t\t<div class=\"elementor-widget-container\">\n\t\t\t\t\t\t\t<p>Este a\u00f1o, nuevamente, se encargar\u00e1 a las Divisiones de AFA y a la Subcomisi\u00f3n de G\u00e9nero, la realizaci\u00f3n de las charlas de Divisi\u00f3n <em>on-line<\/em>, bajo el auspicio y sostenimiento econ\u00f3mico y t\u00e9cnico de AFA central.<\/p>\n<h5>Divisiones<\/h5>\n<p style=\"padding-left: 40px;\"><a href=\"http:\/\/rafa.fisica.org.ar\/programa\/charlas-de-division\/division-atmosfera-tierra-y-agua\/\">Atm\u00f3sfera, Tierra y Agua<\/a><br><a href=\"http:\/\/rafa.fisica.org.ar\/programa\/charlas-de-division\/division-ensenianza-de-la-fisica\/\">Ense\u00f1anza de la F\u00edsica<\/a><br><a href=\"http:\/\/rafa.fisica.org.ar\/programa\/charlas-de-division\/division-fisica-atomica-y-molecular\/\">F\u00edsica At\u00f3mica y Molecular<\/a><br><a href=\"http:\/\/rafa.fisica.org.ar\/programa\/charlas-de-division\/division-fisica-medica\/\">F\u00edsica M\u00e9dica<\/a><br><a href=\"http:\/\/rafa.fisica.org.ar\/programa\/charlas-de-division\/division-fisica-nuclear\/\">F\u00edsica Nuclear<\/a><br><a href=\"http:\/\/rafa.fisica.org.ar\/programa\/charlas-de-division\/division-fluidos-y-plasma\/\">Fluidos y Plasma<\/a><br><a href=\"http:\/\/rafa.fisica.org.ar\/programa\/charlas-de-division\/division-fotonica-y-optica\/\">Fot\u00f3nica y \u00d3ptica<\/a><br><a href=\"http:\/\/rafa.fisica.org.ar\/programa\/charlas-de-division\/division-fundamentos-e-informacion-cuantica\/\">Fundamentos e Informaci\u00f3n Cu\u00e1ntica<\/a><br>Historia de la F\u00edsica<br><a href=\"http:\/\/rafa.fisica.org.ar\/programa\/charlas-de-division\/division-industria-y-tecnologia\/\">Industria y Tecnolog\u00eda<\/a><br><a href=\"http:\/\/rafa.fisica.org.ar\/programa\/charlas-de-division\/division-materia-blanda\/\">Materia Blanda<\/a><br><a href=\"http:\/\/rafa.fisica.org.ar\/programa\/charlas-de-division\/division-materia-condensada\/\">Materia Condensada<\/a><br><a href=\"http:\/\/rafa.fisica.org.ar\/programa\/charlas-de-division\/division-mecanica-estadistica-fisica-no-lineal-y-sistemas-complejos\/\">Mec\u00e1nica Estad\u00edstica, F\u00edsica no-lineal y Sistemas Complejos<\/a><br><a href=\"http:\/\/rafa.fisica.org.ar\/programa\/charlas-de-division\/division-particulas-y-campos\/\">Part\u00edculas y Campos<\/a><\/p>\t\t\t\t\t\t<\/div>\n\t\t\t\t<\/div>\n\t\t\t\t\t<\/div>\n\t\t<\/div>\n\t\t\t\t\t\t\t<\/div>\n\t\t<\/section>\n\t\t\t\t\t\t<\/div>\n\t\t\t\t\t<\/div>\n\t\t","protected":false},"excerpt":{"rendered":"<p>Este a\u00f1o, nuevamente, se encargar\u00e1 a las Divisiones de AFA y a la Subcomisi\u00f3n de G\u00e9nero, la realizaci\u00f3n de las charlas de Divisi\u00f3n on-line, bajo el auspicio y sostenimiento econ\u00f3mico&hellip;&nbsp;<a href=\"http:\/\/rafa.fisica.org.ar\/en\/programa\/charlas-de-division\/\" class=\"\" rel=\"bookmark\">Read More &raquo;<span class=\"screen-reader-text\">Charlas de Divisi\u00f3n<\/span><\/a><\/p>\n","protected":false},"author":2,"featured_media":115,"parent":188,"menu_order":0,"comment_status":"closed","ping_status":"closed","template":"","meta":{"neve_meta_sidebar":"","neve_meta_container":"","neve_meta_enable_content_width":"off","neve_meta_content_width":0,"neve_meta_title_alignment":"","neve_meta_author_avatar":"","neve_post_elements_order":"","neve_meta_disable_header":"","neve_meta_disable_footer":"","neve_meta_disable_title":"","_ti_tpc_template_sync":false,"_ti_tpc_template_id":"","footnotes":""},"class_list":["post-94","page","type-page","status-publish","has-post-thumbnail","hentry"],"_links":{"self":[{"href":"http:\/\/rafa.fisica.org.ar\/en\/wp-json\/wp\/v2\/pages\/94","targetHints":{"allow":["GET"]}}],"collection":[{"href":"http:\/\/rafa.fisica.org.ar\/en\/wp-json\/wp\/v2\/pages"}],"about":[{"href":"http:\/\/rafa.fisica.org.ar\/en\/wp-json\/wp\/v2\/types\/page"}],"author":[{"embeddable":true,"href":"http:\/\/rafa.fisica.org.ar\/en\/wp-json\/wp\/v2\/users\/2"}],"replies":[{"embeddable":true,"href":"http:\/\/rafa.fisica.org.ar\/en\/wp-json\/wp\/v2\/comments?post=94"}],"version-history":[{"count":50,"href":"http:\/\/rafa.fisica.org.ar\/en\/wp-json\/wp\/v2\/pages\/94\/revisions"}],"predecessor-version":[{"id":2919,"href":"http:\/\/rafa.fisica.org.ar\/en\/wp-json\/wp\/v2\/pages\/94\/revisions\/2919"}],"up":[{"embeddable":true,"href":"http:\/\/rafa.fisica.org.ar\/en\/wp-json\/wp\/v2\/pages\/188"}],"wp:featuredmedia":[{"embeddable":true,"href":"http:\/\/rafa.fisica.org.ar\/en\/wp-json\/wp\/v2\/media\/115"}],"wp:attachment":[{"href":"http:\/\/rafa.fisica.org.ar\/en\/wp-json\/wp\/v2\/media?parent=94"}],"curies":[{"name":"wp","href":"https:\/\/api.w.org\/{rel}","templated":true}]}}